{"id":15048,"date":"2026-01-09T15:28:53","date_gmt":"2026-01-09T14:28:53","guid":{"rendered":"https:\/\/www.denatuurlijkekappershop.nl\/?post_type=product&#038;p=15048"},"modified":"2026-01-09T15:43:21","modified_gmt":"2026-01-09T14:43:21","slug":"poursuite-de-la-consultation-telephonique-sur-les-produits","status":"publish","type":"product","link":"https:\/\/www.denatuurlijkekappershop.nl\/fr\/vervolg-telefonisch-productadvies\/","title":{"rendered":"Suivi t\u00e9l\u00e9phonique des conseils sur les produits"},"content":{"rendered":"<p><strong>Suivi des conseils pr\u00e9c\u00e9dents en mati\u00e8re de soins capillaires naturels par contact t\u00e9l\u00e9phonique<\/strong>.<br>Vous pouvez facilement fixer vous-m\u00eame un rendez-vous \u00e0 l'heure qui vous convient.<br>L'un de nos th\u00e9rapeutes en cheveux naturels vous appellera pour vous donner des conseils personnalis\u00e9s sur les produits.<br>Nous discutons de vos besoins capillaires, de votre routine, de l'utilisation des produits et de vos \u00e9ventuelles plaintes.<br>L'entretien dure environ 15 minutes.<br>Vous recevrez un bon de r\u00e9duction personnel d'une valeur de 15,95 euros \u00e0 d\u00e9penser dans des produits de soins capillaires naturels.<\/p>","protected":false},"excerpt":{"rendered":"<p><strong>Conseils sur les soins capillaires naturels par t\u00e9l\u00e9phone.<\/strong><\/p>\n<ul>\n<li>Fixez votre propre rendez-vous \u00e0 l'heure qui vous convient.<\/li>\n<li>Diana vous appelle pour obtenir des conseils personnalis\u00e9s sur les produits.<\/li>\n<li>Nous discutons de vos besoins capillaires, de votre routine, de l'utilisation des produits et de vos \u00e9ventuelles plaintes.<\/li>\n<li>L'entretien dure environ 15 minutes.<\/li>\n<li><strong>Bon de r\u00e9duction d'une valeur de 15,95<\/strong>\u00a0pour la boutique en ligne.<\/li>\n<\/ul>","protected":false},"featured_media":15033,"comment_status":"closed","ping_status":"closed","template":"","meta":{"_acf_changed":false,"_joinchat":[]},"product_brand":[],"product_cat":[651],"product_tag":[],"class_list":{"0":"post-15048","1":"product","2":"type-product","3":"status-publish","4":"has-post-thumbnail","6":"product_cat-natuurlijke-haarverzorging-adviezen","8":"first","9":"instock","10":"taxable","11":"shipping-taxable","12":"product-type-external"},"exclude_global_add_ons":[],"addons":[],"acf":[],"_links":{"self":[{"href":"https:\/\/www.denatuurlijkekappershop.nl\/fr\/wp-json\/wp\/v2\/product\/15048","targetHints":{"allow":["GET"]}}],"collection":[{"href":"https:\/\/www.denatuurlijkekappershop.nl\/fr\/wp-json\/wp\/v2\/product"}],"about":[{"href":"https:\/\/www.denatuurlijkekappershop.nl\/fr\/wp-json\/wp\/v2\/types\/product"}],"replies":[{"embeddable":true,"href":"https:\/\/www.denatuurlijkekappershop.nl\/fr\/wp-json\/wp\/v2\/comments?post=15048"}],"wp:featuredmedia":[{"embeddable":true,"href":"https:\/\/www.denatuurlijkekappershop.nl\/fr\/wp-json\/wp\/v2\/media\/15033"}],"wp:attachment":[{"href":"https:\/\/www.denatuurlijkekappershop.nl\/fr\/wp-json\/wp\/v2\/media?parent=15048"}],"wp:term":[{"taxonomy":"product_brand","embeddable":true,"href":"https:\/\/www.denatuurlijkekappershop.nl\/fr\/wp-json\/wp\/v2\/product_brand?post=15048"},{"taxonomy":"product_cat","embeddable":true,"href":"https:\/\/www.denatuurlijkekappershop.nl\/fr\/wp-json\/wp\/v2\/product_cat?post=15048"},{"taxonomy":"product_tag","embeddable":true,"href":"https:\/\/www.denatuurlijkekappershop.nl\/fr\/wp-json\/wp\/v2\/product_tag?post=15048"}],"curies":[{"name":"wp","href":"https:\/\/api.w.org\/{rel}","templated":true}]}}