{"id":15047,"date":"2026-01-09T15:24:20","date_gmt":"2026-01-09T14:24:20","guid":{"rendered":"https:\/\/www.denatuurlijkekappershop.nl\/?post_type=product&#038;p=15047"},"modified":"2026-01-09T15:31:53","modified_gmt":"2026-01-09T14:31:53","slug":"suivi-des-conseils-en-ligne-sur-les-produits","status":"publish","type":"product","link":"https:\/\/www.denatuurlijkekappershop.nl\/fr\/vervolgadvies-online-productadvies\/","title":{"rendered":"Suivi des conseils en ligne sur les produits"},"content":{"rendered":"<p><strong>Suivi des conseils pr\u00e9c\u00e9dents en mati\u00e8re de soins capillaires naturels par courrier \u00e9lectronique<\/strong>.<br>Ce conseil de suivi est destin\u00e9 aux personnes qui ont re\u00e7u un conseil il y a au moins trois mois.<br>\u00c9valuation de vos r\u00e9sultats, de l'utilisation des produits et des ajustements \u00e9ventuels de votre routine.<br>Conseils personnalis\u00e9s de suivi par e-mail, adapt\u00e9s \u00e0 l'\u00e9volution de votre chevelure.<br>Vous recevrez \u00e0 nouveau un <strong>Bon de r\u00e9duction d'une valeur de 15,95<\/strong>, \u00e0 d\u00e9penser dans notre boutique en ligne.<\/p>\n\n\n\n<p><\/p>","protected":false},"excerpt":{"rendered":"<p><strong>Suivi des conseils pr\u00e9c\u00e9dents sur les soins capillaires naturels par courrier \u00e9lectronique.<\/strong><\/p>\n<ul>\n<li>Ce conseil de suivi est destin\u00e9 aux personnes qui ont re\u00e7u un conseil il y a au moins trois mois.<\/li>\n<li>\u00c9valuation de vos r\u00e9sultats, de l'utilisation des produits et des ajustements \u00e9ventuels de votre routine.<\/li>\n<li>Conseils personnalis\u00e9s de suivi par e-mail, adapt\u00e9s \u00e0 l'\u00e9volution de votre chevelure.<\/li>\n<li>Vous recevrez un bon de r\u00e9duction personnel d'une valeur de 15,95 \u20ac \u00e0 d\u00e9penser dans notre boutique en ligne.<\/li>\n<\/ul>","protected":false},"featured_media":15034,"comment_status":"closed","ping_status":"closed","template":"","meta":{"_acf_changed":false,"_joinchat":[]},"product_brand":[],"product_cat":[651],"product_tag":[],"class_list":{"0":"post-15047","1":"product","2":"type-product","3":"status-publish","4":"has-post-thumbnail","6":"product_cat-natuurlijke-haarverzorging-adviezen","8":"first","9":"instock","10":"taxable","11":"shipping-taxable","12":"product-type-external"},"exclude_global_add_ons":[],"addons":[],"acf":[],"_links":{"self":[{"href":"https:\/\/www.denatuurlijkekappershop.nl\/fr\/wp-json\/wp\/v2\/product\/15047","targetHints":{"allow":["GET"]}}],"collection":[{"href":"https:\/\/www.denatuurlijkekappershop.nl\/fr\/wp-json\/wp\/v2\/product"}],"about":[{"href":"https:\/\/www.denatuurlijkekappershop.nl\/fr\/wp-json\/wp\/v2\/types\/product"}],"replies":[{"embeddable":true,"href":"https:\/\/www.denatuurlijkekappershop.nl\/fr\/wp-json\/wp\/v2\/comments?post=15047"}],"wp:featuredmedia":[{"embeddable":true,"href":"https:\/\/www.denatuurlijkekappershop.nl\/fr\/wp-json\/wp\/v2\/media\/15034"}],"wp:attachment":[{"href":"https:\/\/www.denatuurlijkekappershop.nl\/fr\/wp-json\/wp\/v2\/media?parent=15047"}],"wp:term":[{"taxonomy":"product_brand","embeddable":true,"href":"https:\/\/www.denatuurlijkekappershop.nl\/fr\/wp-json\/wp\/v2\/product_brand?post=15047"},{"taxonomy":"product_cat","embeddable":true,"href":"https:\/\/www.denatuurlijkekappershop.nl\/fr\/wp-json\/wp\/v2\/product_cat?post=15047"},{"taxonomy":"product_tag","embeddable":true,"href":"https:\/\/www.denatuurlijkekappershop.nl\/fr\/wp-json\/wp\/v2\/product_tag?post=15047"}],"curies":[{"name":"wp","href":"https:\/\/api.w.org\/{rel}","templated":true}]}}