{"id":15031,"date":"2026-01-09T14:28:21","date_gmt":"2026-01-09T13:28:21","guid":{"rendered":"https:\/\/www.denatuurlijkekappershop.nl\/?post_type=product&#038;p=15031"},"modified":"2026-01-09T15:17:19","modified_gmt":"2026-01-09T14:17:19","slug":"conseils-en-ligne-sur-les-produits","status":"publish","type":"product","link":"https:\/\/www.denatuurlijkekappershop.nl\/fr\/online-productadvies\/","title":{"rendered":"Conseils en ligne sur les produits"},"content":{"rendered":"<p><strong>Conseils sur les soins capillaires naturels par courriel<\/strong>.<br>Apr\u00e8s avoir rempli le formulaire, vous recevrez des conseils personnalis\u00e9s par courrier \u00e9lectronique dans un d\u00e9lai de 3 \u00e0 5 jours ouvrables.<br>Des conseils adapt\u00e9s \u00e0 votre type de cheveux, \u00e0 votre cuir chevelu, au traitement de la couleur et \u00e0 vos \u00e9ventuels probl\u00e8mes capillaires.<br>Composition \u00e0 base de produits de soins capillaires naturels et biologiques 100%.<br>Vous recevrez un bon de r\u00e9duction personnel d'une valeur de 15,95 \u20ac \u00e0 d\u00e9penser dans notre boutique en ligne.<\/p>\n\n\n\n<p><\/p>","protected":false},"excerpt":{"rendered":"<p><strong>Conseils sur les soins capillaires naturels par courriel.<\/strong><\/p>\n<ul>\n<li>Une fois l'admission termin\u00e9e, dans les 3 \u00e0 5 jours ouvrables, un avis personnel est envoy\u00e9 par courrier \u00e9lectronique.<\/li>\n<li>Des conseils adapt\u00e9s \u00e0 votre type de cheveux, \u00e0 votre cuir chevelu, au traitement de la couleur et \u00e0 vos \u00e9ventuels probl\u00e8mes capillaires.<\/li>\n<li>Composition \u00e0 base de produits de soins capillaires naturels et biologiques.<\/li>\n<li><strong>Bon de r\u00e9duction d'une valeur de 15,95<\/strong>\u00a0pour la boutique en ligne.<\/li>\n<\/ul>","protected":false},"featured_media":15032,"comment_status":"closed","ping_status":"closed","template":"","meta":{"_acf_changed":false,"_joinchat":[]},"product_brand":[],"product_cat":[651],"product_tag":[],"class_list":{"0":"post-15031","1":"product","2":"type-product","3":"status-publish","4":"has-post-thumbnail","6":"product_cat-natuurlijke-haarverzorging-adviezen","8":"first","9":"instock","10":"taxable","11":"shipping-taxable","12":"product-type-external"},"exclude_global_add_ons":[],"addons":[],"acf":[],"_links":{"self":[{"href":"https:\/\/www.denatuurlijkekappershop.nl\/fr\/wp-json\/wp\/v2\/product\/15031","targetHints":{"allow":["GET"]}}],"collection":[{"href":"https:\/\/www.denatuurlijkekappershop.nl\/fr\/wp-json\/wp\/v2\/product"}],"about":[{"href":"https:\/\/www.denatuurlijkekappershop.nl\/fr\/wp-json\/wp\/v2\/types\/product"}],"replies":[{"embeddable":true,"href":"https:\/\/www.denatuurlijkekappershop.nl\/fr\/wp-json\/wp\/v2\/comments?post=15031"}],"wp:featuredmedia":[{"embeddable":true,"href":"https:\/\/www.denatuurlijkekappershop.nl\/fr\/wp-json\/wp\/v2\/media\/15032"}],"wp:attachment":[{"href":"https:\/\/www.denatuurlijkekappershop.nl\/fr\/wp-json\/wp\/v2\/media?parent=15031"}],"wp:term":[{"taxonomy":"product_brand","embeddable":true,"href":"https:\/\/www.denatuurlijkekappershop.nl\/fr\/wp-json\/wp\/v2\/product_brand?post=15031"},{"taxonomy":"product_cat","embeddable":true,"href":"https:\/\/www.denatuurlijkekappershop.nl\/fr\/wp-json\/wp\/v2\/product_cat?post=15031"},{"taxonomy":"product_tag","embeddable":true,"href":"https:\/\/www.denatuurlijkekappershop.nl\/fr\/wp-json\/wp\/v2\/product_tag?post=15031"}],"curies":[{"name":"wp","href":"https:\/\/api.w.org\/{rel}","templated":true}]}}