{"id":14830,"date":"2025-12-10T15:37:22","date_gmt":"2025-12-10T14:37:22","guid":{"rendered":"https:\/\/www.denatuurlijkekappershop.nl\/?post_type=product&#038;p=14830"},"modified":"2026-03-09T21:15:16","modified_gmt":"2026-03-09T20:15:16","slug":"cap-bambou-large-detangling-anti-noeuds-brosse-a-cheveux","status":"publish","type":"product","link":"https:\/\/www.denatuurlijkekappershop.nl\/fr\/cap-bambou-large-detangling-anti-klit-haarborstel\/","title":{"rendered":"Cap Bambou - grande brosse d\u00e9m\u00ealante anti-n\u0153uds"},"content":{"rendered":"<p>La brosse \u00e0 cheveux d\u00e9m\u00ealante Cap Bambou Large est une brosse naturelle qui permet de d\u00e9m\u00ealer les cheveux sans effort, sans tirer ni ab\u00eemer les cheveux. Cette grande brosse est con\u00e7ue pour un usage quotidien et est tr\u00e8s utilis\u00e9e \u00e0 la maison comme dans les salons de coiffure. Gr\u00e2ce \u00e0 son poids l\u00e9ger et \u00e0 sa prise en main confortable, la brosse tient bien dans la main.<\/p>\n<p>La brosse est fabriqu\u00e9e en bambou et comporte des picots arrondis en bambou dans un coussin d'air flexible. La brosse glisse ainsi en douceur dans les cheveux et masse d\u00e9licatement le cuir chevelu pendant le brossage. En m\u00eame temps, les picots aident \u00e0 r\u00e9partir les huiles naturelles des cheveux sur les longueurs, ce qui donne aux cheveux une sensation de douceur et de soin.<\/p>\n<p>La brosse \u00e0 cheveux d\u00e9m\u00ealante Cap Bambou Large convient \u00e0 tous les types de cheveux, y compris les cheveux fins, \u00e9pais, boucl\u00e9s et sensibles. Cette brosse est \u00e9galement agr\u00e9able \u00e0 utiliser pour les enfants.<\/p>","protected":false},"excerpt":{"rendered":"<p>D\u00e9m\u00ealez facilement vos cheveux gr\u00e2ce \u00e0 la brosse d\u00e9m\u00ealante Cap Bambou Large. Fabriqu\u00e9e en bambou, elle est douce pour les cheveux et le cuir chevelu et convient \u00e0 tous les types de cheveux.<\/p>","protected":false},"featured_media":15476,"comment_status":"open","ping_status":"closed","template":"","meta":{"_acf_changed":false,"_joinchat":[]},"product_brand":[649],"product_cat":[425,648,198],"product_tag":[560],"class_list":{"0":"post-14830","1":"product","2":"type-product","3":"status-publish","4":"has-post-thumbnail","6":"product_brand-cap-bambou","7":"product_cat-accessoires","8":"product_cat-cap-bambou","9":"product_cat-merken","10":"product_tag-anti-roos","11":"pa_certificering-1-for-the-planet","12":"pa_geschikt-voor-fijn-dun-haar","13":"pa_geschikt-voor-gevoelige-hoofdhuid","14":"pa_geschikt-voor-kinderen","15":"pa_geschikt-voor-krullen","16":"pa_geschikt-voor-normaal-haar","17":"pa_inhoud-1-stuk","18":"pa_merk-cap-bambou","19":"pa_soort-product-accessoires","21":"first","22":"instock","23":"taxable","24":"shipping-taxable","25":"purchasable","26":"product-type-simple"},"exclude_global_add_ons":[],"addons":[],"acf":[],"_links":{"self":[{"href":"https:\/\/www.denatuurlijkekappershop.nl\/fr\/wp-json\/wp\/v2\/product\/14830","targetHints":{"allow":["GET"]}}],"collection":[{"href":"https:\/\/www.denatuurlijkekappershop.nl\/fr\/wp-json\/wp\/v2\/product"}],"about":[{"href":"https:\/\/www.denatuurlijkekappershop.nl\/fr\/wp-json\/wp\/v2\/types\/product"}],"replies":[{"embeddable":true,"href":"https:\/\/www.denatuurlijkekappershop.nl\/fr\/wp-json\/wp\/v2\/comments?post=14830"}],"wp:featuredmedia":[{"embeddable":true,"href":"https:\/\/www.denatuurlijkekappershop.nl\/fr\/wp-json\/wp\/v2\/media\/15476"}],"wp:attachment":[{"href":"https:\/\/www.denatuurlijkekappershop.nl\/fr\/wp-json\/wp\/v2\/media?parent=14830"}],"wp:term":[{"taxonomy":"product_brand","embeddable":true,"href":"https:\/\/www.denatuurlijkekappershop.nl\/fr\/wp-json\/wp\/v2\/product_brand?post=14830"},{"taxonomy":"product_cat","embeddable":true,"href":"https:\/\/www.denatuurlijkekappershop.nl\/fr\/wp-json\/wp\/v2\/product_cat?post=14830"},{"taxonomy":"product_tag","embeddable":true,"href":"https:\/\/www.denatuurlijkekappershop.nl\/fr\/wp-json\/wp\/v2\/product_tag?post=14830"}],"curies":[{"name":"wp","href":"https:\/\/api.w.org\/{rel}","templated":true}]}}