{"id":14607,"date":"2025-11-27T10:13:14","date_gmt":"2025-11-27T09:13:14","guid":{"rendered":"https:\/\/www.denatuurlijkekappershop.nl\/?post_type=product&#038;p=14607"},"modified":"2026-04-02T16:26:38","modified_gmt":"2026-04-02T14:26:38","slug":"rc-pate-coiffante-moyenne-75-ml","status":"publish","type":"product","link":"https:\/\/www.denatuurlijkekappershop.nl\/fr\/rc-pate-coiffante-medium-75ml\/","title":{"rendered":"P\u00e2te coiffante R&amp;C medium 75 ml."},"content":{"rendered":"<p><strong>Rodolphe &amp; Co Styling Paste Medium Hold<\/strong> est une p\u00e2te coiffante naturelle qui donne de la structure, de la texture et une tenue souple aux cheveux. Cette p\u00e2te de coiffage offre un fini mat et naturel et est id\u00e9ale pour les cheveux courts \u00e0 mi-longs.<\/p>\n<p>La formule combine coiffage et soin en un seul produit. Gr\u00e2ce \u00e0 des ingr\u00e9dients naturels tels que l'huile d'argan biologique, l'aloe vera, l'eau de mer et l'argile, les cheveux sont maintenus, donnent du volume et de la d\u00e9finition sans \u00eatre durs ou collants.<\/p>\n<h2>Coiffage naturel avec une tenue souple<\/h2>\n<p>La tenue moyenne offre une tenue naturelle o\u00f9 les cheveux restent souples et peuvent \u00eatre recoiff\u00e9s tout au long de la journ\u00e9e. Cette p\u00e2te de coiffage est donc id\u00e9ale pour les coiffures l\u00e2ches, la texture et l'aspect mat.<\/p>\n<p>L'ajout d'argile et d'eau de mer conf\u00e8re aux cheveux une structure et une adh\u00e9rence accrues, tandis que les huiles revitalisantes les rendent souples et doux.<\/p>\n<h2>Pourquoi choisir la p\u00e2te coiffante Rodolphe &amp; Co ?<\/h2>\n<ul>\n<li>Tenue moyenne avec un fini mat naturel<\/li>\n<li>Donne de la texture et de la d\u00e9finition aux cheveux<\/li>\n<li>Convient aux cheveux courts \u00e0 mi-longs<\/li>\n<li>Restylable tout au long de la journ\u00e9e<\/li>\n<li>Compos\u00e9 de 99% d'ingr\u00e9dients d'origine naturelle<\/li>\n<li>79% d'ingr\u00e9dients issus de l'agriculture biologique<\/li>\n<\/ul>\n<h2>Ingr\u00e9dients cl\u00e9s<\/h2>\n<p><strong>Huile d'argan<\/strong> Aide \u00e0 garder les cheveux souples et soign\u00e9s.<br \/>\n<strong>Aloe vera<\/strong> est connu pour ses propri\u00e9t\u00e9s hydratantes pour les cheveux et le cuir chevelu.<br \/>\n<strong>Argile et eau de mer<\/strong> donnent plus de texture, de volume et d'adh\u00e9rence pour un coiffage naturel.<\/p>\n<h2>Utilisation<\/h2>\n<ul>\n<li>Prenez une petite quantit\u00e9 de p\u00e2te et frottez-la entre vos paumes pour la r\u00e9chauffer.<\/li>\n<li>Appliquer sur cheveux secs pour un effet mat et naturel.<\/li>\n<li>Pour un coiffage plus doux, vous pouvez \u00e9galement utiliser la p\u00e2te sur des cheveux s\u00e9ch\u00e9s \u00e0 la serviette.<\/li>\n<li>Coiffez les cheveux comme vous le souhaitez pour obtenir de la texture, du volume ou de la d\u00e9finition.<\/li>\n<\/ul>\n<p>La p\u00e2te s'\u00e9limine facilement \u00e0 l'eau.<\/p>","protected":false},"excerpt":{"rendered":"<p>P\u00e2te coiffante naturelle \u00e0 tenue moyenne : apporte texture et d\u00e9finition avec un fini mat, sans rendre les cheveux gras ou raides, id\u00e9ale pour les cheveux courts \u00e0 mi-longs.<\/p>","protected":false},"featured_media":15222,"comment_status":"open","ping_status":"closed","template":"","meta":{"_acf_changed":false,"_joinchat":[]},"product_brand":[598],"product_cat":[415,417,198,410],"product_tag":[],"class_list":{"0":"post-14607","1":"product","2":"type-product","3":"status-publish","4":"has-post-thumbnail","6":"product_brand-rodolphe-co","7":"product_cat-haarverzorging","8":"product_cat-conditioner-en-masker","9":"product_cat-merken","10":"product_cat-rodolphe-co","11":"pa_certificering-1-for-the-planet","12":"pa_certificering-biologisch-gecertificeerd","13":"pa_certificering-cruelty-free","14":"pa_certificering-glutenvrij","15":"pa_certificering-soil-association-certified-cosmos-organic","16":"pa_certificering-uv-protect","17":"pa_geschikt-voor-elk-haartype","18":"pa_inhoud-75ml","19":"pa_merk-rodolphe-co","20":"pa_soort-product-haarverzorging","22":"first","23":"instock","24":"taxable","25":"shipping-taxable","26":"purchasable","27":"product-type-simple"},"exclude_global_add_ons":[],"addons":[],"acf":[],"_links":{"self":[{"href":"https:\/\/www.denatuurlijkekappershop.nl\/fr\/wp-json\/wp\/v2\/product\/14607","targetHints":{"allow":["GET"]}}],"collection":[{"href":"https:\/\/www.denatuurlijkekappershop.nl\/fr\/wp-json\/wp\/v2\/product"}],"about":[{"href":"https:\/\/www.denatuurlijkekappershop.nl\/fr\/wp-json\/wp\/v2\/types\/product"}],"replies":[{"embeddable":true,"href":"https:\/\/www.denatuurlijkekappershop.nl\/fr\/wp-json\/wp\/v2\/comments?post=14607"}],"wp:featuredmedia":[{"embeddable":true,"href":"https:\/\/www.denatuurlijkekappershop.nl\/fr\/wp-json\/wp\/v2\/media\/15222"}],"wp:attachment":[{"href":"https:\/\/www.denatuurlijkekappershop.nl\/fr\/wp-json\/wp\/v2\/media?parent=14607"}],"wp:term":[{"taxonomy":"product_brand","embeddable":true,"href":"https:\/\/www.denatuurlijkekappershop.nl\/fr\/wp-json\/wp\/v2\/product_brand?post=14607"},{"taxonomy":"product_cat","embeddable":true,"href":"https:\/\/www.denatuurlijkekappershop.nl\/fr\/wp-json\/wp\/v2\/product_cat?post=14607"},{"taxonomy":"product_tag","embeddable":true,"href":"https:\/\/www.denatuurlijkekappershop.nl\/fr\/wp-json\/wp\/v2\/product_tag?post=14607"}],"curies":[{"name":"wp","href":"https:\/\/api.w.org\/{rel}","templated":true}]}}