{"id":14602,"date":"2025-11-27T09:56:49","date_gmt":"2025-11-27T08:56:49","guid":{"rendered":"https:\/\/www.denatuurlijkekappershop.nl\/?post_type=product&#038;p=14602"},"modified":"2026-04-02T16:23:25","modified_gmt":"2026-04-02T14:23:25","slug":"zenz-organic-spray-volumateur-bio-pur-n-86-200-ml","status":"publish","type":"product","link":"https:\/\/www.denatuurlijkekappershop.nl\/fr\/zenz-organic-organic-volume-hair-spray-pure-no-86-200ml\/","title":{"rendered":"ZENZ Organic - spray volumateur bio pur n\u00b0 86 200 ml."},"content":{"rendered":"<p><strong>ZENZ Organic Volume Hair Spray Pure No. 86<\/strong> is een parfumvrije styling spray die volume, textuur en lichte fixatie geeft zonder het haar zwaar, stijf of plakkerig te maken. Deze natuurlijke haarspray is speciaal ontwikkeld voor mensen met een gevoelige hoofdhuid of voor iedereen die een parfumvrije stylingoplossing zoekt.<\/p>\n<p>De lichte formule zorgt voor extra body en natuurlijke beweging in het haar. Hierdoor blijft het kapsel flexibel en kan het haar gedurende de dag eenvoudig opnieuw gestyled worden. De spray geeft een verzorgde finish met een natuurlijke uitstraling.<\/p>\n<h2>Volume en textuur zonder aerosol<\/h2>\n<p>ZENZ Volume Hair Spray Pure No. 86 wordt geleverd zonder aerosol en zonder drijfgas. Hierdoor kun je het product gemakkelijk doseren en is het een bewuste keuze voor wie een haarspray zonder spuitbus zoekt.<\/p>\n<p>De formule geeft het haar volume bij de aanzet en helpt het kapsel langer in model te houden zonder dat het haar zwaar aanvoelt.<\/p>\n<h2>Waarom kiezen voor ZENZ Volume Hair Spray No. 86?<\/h2>\n<ul>\n<li>Parfumvrije haarspray<\/li>\n<li>Zonder aerosol of drijfgas<\/li>\n<li>Geeft volume en lichte fixatie<\/li>\n<li>Ideaal voor fijn tot normaal haar<\/li>\n<li>Flexibele styling die restylbaar blijft<\/li>\n<li>Gemakkelijk uitborstelbaar en uitwasbaar<\/li>\n<li>Formule v\u00e9g\u00e9talienne<\/li>\n<\/ul>\n<h2>Utilisation<\/h2>\n<ul>\n<li>Spray op nat of handdoekdroog haar v\u00f3\u00f3r het f\u00f6hnen voor extra volume.<\/li>\n<li>Spray op droog haar na het stylen voor lichte fixatie.<\/li>\n<li>Breng aan bij de haarwortels voor extra lift en body.<\/li>\n<li>Het haar blijft flexibel en eenvoudig opnieuw te stylen.<\/li>\n<\/ul>\n<p><strong>ZENZ Organic Volume Hair Spray Pure No. 86<\/strong> is ideaal voor dagelijks gebruik wanneer je een natuurlijke look wilt met volume, beweging en lichte fixatie.<\/p>","protected":false},"excerpt":{"rendered":"<p>Parfumvrije haarspray zonder aerosol die volume, textuur en lichte fixatie geeft. Ideaal voor fijn tot normaal haar dat extra body en een natuurlijke styling nodig heeft, zonder het haar stijf of plakkerig te maken.<\/p>","protected":false},"featured_media":15225,"comment_status":"open","ping_status":"closed","template":"","meta":{"_acf_changed":false,"_joinchat":[]},"product_brand":[603],"product_cat":[413,198,430,112],"product_tag":[],"class_list":{"0":"post-14602","1":"product","2":"type-product","3":"status-publish","4":"has-post-thumbnail","6":"product_brand-zenz-organic","7":"product_cat-zenz-organic","8":"product_cat-merken","9":"product_cat-styling","10":"product_cat-stylingold","11":"pa_certificering-cruelty-free","12":"pa_certificering-nordic-swan-ecolabel","13":"pa_certificering-ocean-waste-plastic","14":"pa_certificering-vegan","15":"pa_geschikt-voor-elk-haartype","16":"pa_inhoud-200ml","17":"pa_merk-zenz-organic","18":"pa_soort-product-styling","20":"first","21":"instock","22":"taxable","23":"shipping-taxable","24":"purchasable","25":"product-type-simple"},"exclude_global_add_ons":[],"addons":[],"acf":[],"_links":{"self":[{"href":"https:\/\/www.denatuurlijkekappershop.nl\/fr\/wp-json\/wp\/v2\/product\/14602","targetHints":{"allow":["GET"]}}],"collection":[{"href":"https:\/\/www.denatuurlijkekappershop.nl\/fr\/wp-json\/wp\/v2\/product"}],"about":[{"href":"https:\/\/www.denatuurlijkekappershop.nl\/fr\/wp-json\/wp\/v2\/types\/product"}],"replies":[{"embeddable":true,"href":"https:\/\/www.denatuurlijkekappershop.nl\/fr\/wp-json\/wp\/v2\/comments?post=14602"}],"wp:featuredmedia":[{"embeddable":true,"href":"https:\/\/www.denatuurlijkekappershop.nl\/fr\/wp-json\/wp\/v2\/media\/15225"}],"wp:attachment":[{"href":"https:\/\/www.denatuurlijkekappershop.nl\/fr\/wp-json\/wp\/v2\/media?parent=14602"}],"wp:term":[{"taxonomy":"product_brand","embeddable":true,"href":"https:\/\/www.denatuurlijkekappershop.nl\/fr\/wp-json\/wp\/v2\/product_brand?post=14602"},{"taxonomy":"product_cat","embeddable":true,"href":"https:\/\/www.denatuurlijkekappershop.nl\/fr\/wp-json\/wp\/v2\/product_cat?post=14602"},{"taxonomy":"product_tag","embeddable":true,"href":"https:\/\/www.denatuurlijkekappershop.nl\/fr\/wp-json\/wp\/v2\/product_tag?post=14602"}],"curies":[{"name":"wp","href":"https:\/\/api.w.org\/{rel}","templated":true}]}}