{"id":14599,"date":"2025-11-27T09:47:49","date_gmt":"2025-11-27T08:47:49","guid":{"rendered":"https:\/\/www.denatuurlijkekappershop.nl\/?post_type=product&#038;p=14599"},"modified":"2026-03-10T12:55:14","modified_gmt":"2026-03-10T11:55:14","slug":"zenz-tonique-bio-anti-chute-pour-cuir-chevelu-pure-n-23-200-ml","status":"publish","type":"product","link":"https:\/\/www.denatuurlijkekappershop.nl\/fr\/zenz-organic-anti-hair-loss-scalp-tonic-pure-no-23-200ml\/","title":{"rendered":"ZENZ Organic - tonique pour le cuir chevelu pur n\u00b023 pour les cheveux clairsem\u00e9s 200ml"},"content":{"rendered":"<p><strong>ZENZ Organic Scalp Tonic Pure No. 23<\/strong> est un tonique doux et hypoallerg\u00e9nique sans rin\u00e7age pour le cuir chevelu, sp\u00e9cialement con\u00e7u pour soigner les cheveux clairsem\u00e9s. Ce tonique sans parfum est id\u00e9al pour les personnes ayant une peau ou un cuir chevelu sensible et pour tous ceux qui souhaitent soutenir le cuir chevelu et donner aux cheveux une sensation de pl\u00e9nitude.<\/p>\n<p>L'ingr\u00e9dient actif Procapil\u00ae favorise l'\u00e9tat des follicules pileux et aide \u00e0 maintenir le cuir chevelu en bon \u00e9tat. Les cheveux sont ainsi plus forts et plus volumineux.<\/p>\n<p>L'ajout d'aloe vera et de glyc\u00e9rine hydrate et adoucit le cuir chevelu. Ces ingr\u00e9dients contribuent \u00e0 l'\u00e9quilibre naturel du cuir chevelu et sont agr\u00e9ables en cas de s\u00e9cheresse et de tiraillements. La texture l\u00e9g\u00e8re et non grasse p\u00e9n\u00e8tre rapidement et ne laisse aucun r\u00e9sidu, ce qui rend le tonique agr\u00e9able pour un usage quotidien.<\/p>\n<p>Gr\u00e2ce \u00e0 sa formule minimaliste et sans parfum, ce tonique pour le cuir chevelu convient \u00e9galement aux personnes sensibles aux parfums et \u00e0 celles qui recherchent un soin doux sans rin\u00e7age dans le cadre de leur routine quotidienne de soins capillaires.<\/p>\n<p>Pour des r\u00e9sultats cosm\u00e9tiques optimaux, il est recommand\u00e9 d'utiliser le produit de fa\u00e7on constante pendant au moins 4 mois, en combinaison avec <a href=\"https:\/\/www.denatuurlijkekappershop.nl\/fr\/zenz-shampooing-stimulant-bio-pur-n-22\/\">ZENZ Organic Shampooing Stimulant pour Cheveux Pure No. 22<\/a>.<\/p>","protected":false},"excerpt":{"rendered":"<p>Tonique sans rin\u00e7age, sans parfum, \u00e0 base d'ingr\u00e9dients naturels (dont le Procapil\u00ae, l'aloe vera et la glyc\u00e9rine) qui revitalise le cuir chevelu, soutient les racines des cheveux et donne aux cheveux une sensation de force et de pl\u00e9nitude.<\/p>","protected":false},"featured_media":15227,"comment_status":"open","ping_status":"closed","template":"","meta":{"_acf_changed":false,"_joinchat":[]},"product_brand":[603],"product_cat":[413,417,419,198,112],"product_tag":[],"class_list":{"0":"post-14599","1":"product","2":"type-product","3":"status-publish","4":"has-post-thumbnail","6":"product_brand-zenz-organic","7":"product_cat-zenz-organic","8":"product_cat-conditioner-en-masker","9":"product_cat-hoofdhuidverzorging","10":"product_cat-merken","11":"product_cat-stylingold","12":"pa_certificering-cruelty-free","13":"pa_certificering-nordic-swan-ecolabel","14":"pa_certificering-ocean-waste-plastic","15":"pa_certificering-vegan","16":"pa_geschikt-voor-elk-haartype","17":"pa_inhoud-200ml","18":"pa_merk-zenz-organic","19":"pa_soort-product-styling","21":"first","22":"instock","23":"taxable","24":"shipping-taxable","25":"purchasable","26":"product-type-simple"},"exclude_global_add_ons":[],"addons":[],"acf":[],"_links":{"self":[{"href":"https:\/\/www.denatuurlijkekappershop.nl\/fr\/wp-json\/wp\/v2\/product\/14599","targetHints":{"allow":["GET"]}}],"collection":[{"href":"https:\/\/www.denatuurlijkekappershop.nl\/fr\/wp-json\/wp\/v2\/product"}],"about":[{"href":"https:\/\/www.denatuurlijkekappershop.nl\/fr\/wp-json\/wp\/v2\/types\/product"}],"replies":[{"embeddable":true,"href":"https:\/\/www.denatuurlijkekappershop.nl\/fr\/wp-json\/wp\/v2\/comments?post=14599"}],"wp:featuredmedia":[{"embeddable":true,"href":"https:\/\/www.denatuurlijkekappershop.nl\/fr\/wp-json\/wp\/v2\/media\/15227"}],"wp:attachment":[{"href":"https:\/\/www.denatuurlijkekappershop.nl\/fr\/wp-json\/wp\/v2\/media?parent=14599"}],"wp:term":[{"taxonomy":"product_brand","embeddable":true,"href":"https:\/\/www.denatuurlijkekappershop.nl\/fr\/wp-json\/wp\/v2\/product_brand?post=14599"},{"taxonomy":"product_cat","embeddable":true,"href":"https:\/\/www.denatuurlijkekappershop.nl\/fr\/wp-json\/wp\/v2\/product_cat?post=14599"},{"taxonomy":"product_tag","embeddable":true,"href":"https:\/\/www.denatuurlijkekappershop.nl\/fr\/wp-json\/wp\/v2\/product_tag?post=14599"}],"curies":[{"name":"wp","href":"https:\/\/api.w.org\/{rel}","templated":true}]}}