{"id":14596,"date":"2025-11-27T09:36:52","date_gmt":"2025-11-27T08:36:52","guid":{"rendered":"https:\/\/www.denatuurlijkekappershop.nl\/?post_type=product&#038;p=14596"},"modified":"2026-04-02T16:23:25","modified_gmt":"2026-04-02T14:23:25","slug":"zenz-shampooing-stimulant-bio-pur-n-22","status":"publish","type":"product","link":"https:\/\/www.denatuurlijkekappershop.nl\/fr\/zenz-organic-stimulating-hair-shampoo-pure-no-22\/","title":{"rendered":"ZENZ Organic - shampooing stimulant pur n\u00b0 22 250 ml"},"content":{"rendered":"<p><strong>ZENZ Organic Shampooing Stimulant pour Cheveux Pure No. 22<\/strong> est un shampooing doux, sans parfum, sp\u00e9cialement con\u00e7u pour le cuir chevelu sensible et les cheveux clairsem\u00e9s. Ce shampooing nettoie les cheveux en douceur et contribue \u00e0 l'\u00e9quilibre naturel du cuir chevelu.<\/p>\n<p>La formule comprend <strong>aloe vera biologique, huile d'avocat et eau de coco<\/strong>. Ces ingr\u00e9dients sont connus pour leurs propri\u00e9t\u00e9s revitalisantes et hydratantes pour les cheveux et le cuir chevelu. Les cheveux sont ainsi doux, souples et frais apr\u00e8s le lavage.<\/p>\n<h2>Soutien pour les cheveux clairsem\u00e9s<\/h2>\n<p>ZENZ Stimulating Hair Shampoo No. 22 contient l'ingr\u00e9dient <strong>Procapil<\/strong>, qui est utilis\u00e9 dans les produits de soins pour les cheveux clairsem\u00e9s. Cet ingr\u00e9dient contribue \u00e0 am\u00e9liorer l'\u00e9tat du cuir chevelu et \u00e0 donner aux cheveux un aspect plus fort et plus volumineux.<\/p>\n<p>La formule douce permet d'utiliser le shampooing r\u00e9guli\u00e8rement sans agresser le cuir chevelu.<\/p>\n<h2>Pourquoi choisir le shampooing ZENZ n\u00b0 22 ?<\/h2>\n<ul>\n<li>Shampooing sans parfum<\/li>\n<li>Convient aux cuirs chevelus sensibles<\/li>\n<li>Aide \u00e0 maintenir l'\u00e9quilibre du cuir chevelu<\/li>\n<li>Favorise l'obtention de cheveux plus volumineux<\/li>\n<li>Contient de l'aloe vera biologique<\/li>\n<li>Formule v\u00e9g\u00e9talienne<\/li>\n<li>Convient \u00e0 un usage quotidien<\/li>\n<\/ul>\n<h2>Utilisation<\/h2>\n<ul>\n<li>Agiter le flacon avant utilisation.<\/li>\n<li>Appliquer une petite quantit\u00e9 sur les cheveux mouill\u00e9s.<\/li>\n<li>Masser d\u00e9licatement le cuir chevelu et les cheveux.<\/li>\n<li>Laisser agir bri\u00e8vement et rincer abondamment.<\/li>\n<li>R\u00e9p\u00e9ter l'op\u00e9ration si n\u00e9cessaire.<\/li>\n<\/ul>\n<p>Pour une routine de soins optimale, ce shampooing peut \u00eatre combin\u00e9 avec <a href=\"https:\/\/www.denatuurlijkekappershop.nl\/fr\/zenz-tonique-bio-anti-chute-pour-cuir-chevelu-pure-n-23-200-ml\/\">ZENZ Organic Scalp Tonic Pure No. 23<\/a>.<\/p>\n<p>ZENZ Organic Stimulating Hair Shampoo Pure No. 22 est produit au Danemark et emball\u00e9 dans du plastique recycl\u00e9.<\/p>","protected":false},"excerpt":{"rendered":"<p>Shampooing sans parfum qui aide \u00e0 \u00e9quilibrer le cuir chevelu et donne aux cheveux une sensation de pl\u00e9nitude. Id\u00e9al pour les cuirs chevelus sensibles et les cheveux clairsem\u00e9s.<\/p>","protected":false},"featured_media":15186,"comment_status":"open","ping_status":"closed","template":"","meta":{"_acf_changed":false,"_joinchat":[]},"product_brand":[603],"product_cat":[413,198,416,112],"product_tag":[562],"class_list":{"0":"post-14596","1":"product","2":"type-product","3":"status-publish","4":"has-post-thumbnail","6":"product_brand-zenz-organic","7":"product_cat-zenz-organic","8":"product_cat-merken","9":"product_cat-shampoo","10":"product_cat-stylingold","11":"product_tag-gevoeligehoofdhuid","12":"pa_certificering-ecocert","13":"pa_certificering-hypoallergeen","14":"pa_certificering-nordic-swan-ecolabel","15":"pa_certificering-ocean-waste-plastic","16":"pa_certificering-vegan","17":"pa_geschikt-voor-bij-haaruitval-of-dunner-wordend-haar","18":"pa_geschikt-voor-elk-haartype","19":"pa_geschikt-voor-fijn-dun-haar","20":"pa_geschikt-voor-geschikt-tijdens-de-zwangerschap","21":"pa_geschikt-voor-geschikt-voor-gevoelige-huid","22":"pa_geschikt-voor-gevoelige-hoofdhuid","23":"pa_geschikt-voor-gevoelige-huid","24":"pa_geschikt-voor-kinderen","25":"pa_inhoud-250ml","26":"pa_merk-zenz-organic","27":"pa_soort-product-shampoo","29":"first","30":"instock","31":"taxable","32":"shipping-taxable","33":"purchasable","34":"product-type-simple"},"exclude_global_add_ons":[],"addons":[],"acf":[],"_links":{"self":[{"href":"https:\/\/www.denatuurlijkekappershop.nl\/fr\/wp-json\/wp\/v2\/product\/14596","targetHints":{"allow":["GET"]}}],"collection":[{"href":"https:\/\/www.denatuurlijkekappershop.nl\/fr\/wp-json\/wp\/v2\/product"}],"about":[{"href":"https:\/\/www.denatuurlijkekappershop.nl\/fr\/wp-json\/wp\/v2\/types\/product"}],"replies":[{"embeddable":true,"href":"https:\/\/www.denatuurlijkekappershop.nl\/fr\/wp-json\/wp\/v2\/comments?post=14596"}],"wp:featuredmedia":[{"embeddable":true,"href":"https:\/\/www.denatuurlijkekappershop.nl\/fr\/wp-json\/wp\/v2\/media\/15186"}],"wp:attachment":[{"href":"https:\/\/www.denatuurlijkekappershop.nl\/fr\/wp-json\/wp\/v2\/media?parent=14596"}],"wp:term":[{"taxonomy":"product_brand","embeddable":true,"href":"https:\/\/www.denatuurlijkekappershop.nl\/fr\/wp-json\/wp\/v2\/product_brand?post=14596"},{"taxonomy":"product_cat","embeddable":true,"href":"https:\/\/www.denatuurlijkekappershop.nl\/fr\/wp-json\/wp\/v2\/product_cat?post=14596"},{"taxonomy":"product_tag","embeddable":true,"href":"https:\/\/www.denatuurlijkekappershop.nl\/fr\/wp-json\/wp\/v2\/product_tag?post=14596"}],"curies":[{"name":"wp","href":"https:\/\/api.w.org\/{rel}","templated":true}]}}