{"id":14574,"date":"2025-11-16T21:31:04","date_gmt":"2025-11-16T20:31:04","guid":{"rendered":"https:\/\/www.denatuurlijkekappershop.nl\/?post_type=product&#038;p=14574"},"modified":"2026-04-09T18:03:20","modified_gmt":"2026-04-09T16:03:20","slug":"odylique-ylang-ylang-orange-gel-douche-pour-les-mains","status":"publish","type":"product","link":"https:\/\/www.denatuurlijkekappershop.nl\/fr\/odylique-ylang-ylang-orange-hand-bodywash\/","title":{"rendered":"Odylique Ylang Ylang &amp; Orange Lave mains et corps"},"content":{"rendered":"<p><strong>Odylique Ylang Ylang &amp; Orange Gel nettoyant pour les mains et le corps<\/strong> est un nettoyant doux et biologique pour les mains et le corps qui nettoie la peau en douceur sans la dess\u00e9cher. Sa formule associe de l'huile d'olive biologique, de l'aloe vera et des nettoyants doux \u00e0 base de plantes pour garder la peau confortable, souple et fra\u00eeche.<\/p>\n<p>Ce gel douche naturel contient <strong>huile d'olive extra vierge biologique et aloe vera<\/strong>, Ces produits sont fabriqu\u00e9s \u00e0 partir d'ingr\u00e9dients reconnus pour leurs propri\u00e9t\u00e9s soignantes et hydratantes. Ils permettent de nettoyer la peau en douceur tout en respectant la barri\u00e8re cutan\u00e9e naturelle.<\/p>\n<h2>Soins naturels pour les peaux sensibles<\/h2>\n<p>La formule douce est exempte de sulfates agressifs et d'additifs synth\u00e9tiques. Elle convient donc aux personnes ayant une peau sensible ou r\u00e9active et peut \u00eatre utilis\u00e9e quotidiennement pour les mains et le corps.<\/p>\n<h2>Parfum rafra\u00eechissant d'ylang-ylang et d'orange<\/h2>\n<p>Les huiles essentielles naturelles de <strong>ylang-ylang et orange douce<\/strong> offrent un parfum doux et frais. Cette combinaison procure un moment subtilement relaxant et revigorant lors du lavage des mains ou sous la douche.<\/p>\n<h2>Pourquoi choisir le nettoyant pour les mains et le corps Odylique ?<\/h2>\n<ul>\n<li>Nettoyant pour les mains et le corps bio<\/li>\n<li>Nettoyage doux sans sulfates<\/li>\n<li>Convient aux peaux sensibles<\/li>\n<li>A l'huile d'olive biologique et \u00e0 l'aloe vera<\/li>\n<li>Aux huiles essentielles naturelles d'ylang-ylang et d'orange<\/li>\n<li>100% ingr\u00e9dients d'origine naturelle<\/li>\n<li>Formule v\u00e9g\u00e9talienne<\/li>\n<\/ul>\n<h2>Utilisation<\/h2>\n<ul>\n<li>Appliquez une petite quantit\u00e9 sur les mains ou la peau humides.<\/li>\n<li>Masser jusqu'\u00e0 ce qu'une mousse douce se forme.<\/li>\n<li>Rincez abondamment \u00e0 l'eau.<\/li>\n<li>Convient pour un usage quotidien sur les mains et le corps.<\/li>\n<\/ul>\n<p>Odylique Ylang Ylang &amp; Orange Hand &amp; Body Wash est un excellent choix pour ceux qui recherchent un nettoyant doux et naturel qui laisse la peau propre, douce et confortable.<\/p>","protected":false},"excerpt":{"rendered":"<p>Nettoyant biologique pour les mains et le corps \u00e0 l'ylang-ylang et \u00e0 l'orange qui nettoie et soigne la peau en douceur. Id\u00e9al pour les peaux sensibles et pour un usage quotidien.<\/p>","protected":false},"featured_media":15228,"comment_status":"open","ping_status":"closed","template":"","meta":{"_acf_changed":false,"_joinchat":[]},"product_brand":[606],"product_cat":[198,423,422,424,389],"product_tag":[],"class_list":{"0":"post-14574","1":"product","2":"type-product","3":"status-publish","4":"has-post-thumbnail","6":"product_brand-odylique","7":"product_cat-merken","8":"product_cat-gezicht","9":"product_cat-gezicht-lichaam","10":"product_cat-lichaam","11":"product_cat-odylique","12":"pa_certificering-100-recyclebare-verpakking","13":"pa_certificering-cruelty-free","14":"pa_certificering-soil-association-certified-cosmos-organic","15":"pa_geschikt-voor-dagelijkse-reiniging","16":"pa_geschikt-voor-droge-huid","17":"pa_geschikt-voor-gevoelige-huid","18":"pa_inhoud-200ml","19":"pa_merk-odylique","20":"pa_soort-product-gezicht-lichaam","22":"first","23":"instock","24":"taxable","25":"shipping-taxable","26":"purchasable","27":"product-type-variable","28":"has-default-attributes"},"exclude_global_add_ons":[],"addons":[],"acf":[],"_links":{"self":[{"href":"https:\/\/www.denatuurlijkekappershop.nl\/fr\/wp-json\/wp\/v2\/product\/14574","targetHints":{"allow":["GET"]}}],"collection":[{"href":"https:\/\/www.denatuurlijkekappershop.nl\/fr\/wp-json\/wp\/v2\/product"}],"about":[{"href":"https:\/\/www.denatuurlijkekappershop.nl\/fr\/wp-json\/wp\/v2\/types\/product"}],"replies":[{"embeddable":true,"href":"https:\/\/www.denatuurlijkekappershop.nl\/fr\/wp-json\/wp\/v2\/comments?post=14574"}],"wp:featuredmedia":[{"embeddable":true,"href":"https:\/\/www.denatuurlijkekappershop.nl\/fr\/wp-json\/wp\/v2\/media\/15228"}],"wp:attachment":[{"href":"https:\/\/www.denatuurlijkekappershop.nl\/fr\/wp-json\/wp\/v2\/media?parent=14574"}],"wp:term":[{"taxonomy":"product_brand","embeddable":true,"href":"https:\/\/www.denatuurlijkekappershop.nl\/fr\/wp-json\/wp\/v2\/product_brand?post=14574"},{"taxonomy":"product_cat","embeddable":true,"href":"https:\/\/www.denatuurlijkekappershop.nl\/fr\/wp-json\/wp\/v2\/product_cat?post=14574"},{"taxonomy":"product_tag","embeddable":true,"href":"https:\/\/www.denatuurlijkekappershop.nl\/fr\/wp-json\/wp\/v2\/product_tag?post=14574"}],"curies":[{"name":"wp","href":"https:\/\/api.w.org\/{rel}","templated":true}]}}