{"id":14568,"date":"2025-11-16T21:15:50","date_gmt":"2025-11-16T20:15:50","guid":{"rendered":"https:\/\/www.denatuurlijkekappershop.nl\/?post_type=product&#038;p=14568"},"modified":"2026-03-10T09:30:41","modified_gmt":"2026-03-10T08:30:41","slug":"shampooing-clarifiant-voam-200ml","status":"publish","type":"product","link":"https:\/\/www.denatuurlijkekappershop.nl\/fr\/voam-clarifying-shampoo-200ml\/","title":{"rendered":"Voam - Shampooing clarifiant 200ml"},"content":{"rendered":"<p><strong>Shampooing clarifiant VOAM<\/strong> est un shampooing qui nettoie en profondeur, sp\u00e9cialement con\u00e7u pour d\u00e9barrasser les cheveux et le cuir chevelu de l'accumulation de produits, de l'exc\u00e8s de s\u00e9bum et de la salet\u00e9. Ce shampooing clarifiant nettoie en profondeur mais en douceur, laissant les cheveux frais, a\u00e9r\u00e9s et l\u00e9gers.<\/p>\n<p>La formule comprend <strong>Eau de lavande, ferment de papaye et fines particules de gommage naturel de graines d'olive et d'amande<\/strong>. Ces ingr\u00e9dients aident \u00e0 d\u00e9tacher et \u00e0 rincer en douceur les r\u00e9sidus de produits coiffants, d'huiles et d'autres accumulations.<\/p>\n<h2>Nettoie en profondeur sans dess\u00e9cher les cheveux<\/h2>\n<p>Contrairement aux shampooings nettoyants agressifs, le shampooing clarifiant de VOAM \u00e9limine les accumulations sans priver compl\u00e8tement les cheveux de leurs huiles naturelles. Il laisse les cheveux souples et confortables tout en restaurant la propret\u00e9 et la fra\u00eecheur du cuir chevelu.<\/p>\n<h2>Pourquoi choisir le shampooing clarifiant VOAM ?<\/h2>\n<ul>\n<li>Shampooing nettoyant en profondeur pour les cheveux et le cuir chevelu<\/li>\n<li>Aide \u00e0 \u00e9liminer l'accumulation de produits et l'exc\u00e8s de s\u00e9bum<\/li>\n<li>A l'eau de lavande et au ferment de papaye<\/li>\n<li>Contient de fines particules exfoliantes naturelles<\/li>\n<li>Id\u00e9al pour les cheveux boucl\u00e9s ou ondul\u00e9s<\/li>\n<li>Redonne du volume et de la l\u00e9g\u00e8ret\u00e9 aux cheveux<\/li>\n<\/ul>\n<p>Le shampooing clarifiant VOAM est id\u00e9al comme lavage de r\u00e9initialisation lorsque les cheveux sont lourds en raison de l'accumulation de produits ou lorsque les boucles perdent leur \u00e9lasticit\u00e9.<\/p>","protected":false},"excerpt":{"rendered":"<p>Shampooing nettoyant en profondeur qui \u00e9limine l'accumulation de produits, l'exc\u00e8s de s\u00e9bum et la salet\u00e9 sans dess\u00e9cher les cheveux. Id\u00e9al pour les cheveux boucl\u00e9s ou ondul\u00e9s qui ont besoin de retrouver fra\u00eecheur, l\u00e9g\u00e8ret\u00e9 et \u00e9lasticit\u00e9.<\/p>","protected":false},"featured_media":15232,"comment_status":"open","ping_status":"closed","template":"","meta":{"_acf_changed":false,"_joinchat":[]},"product_brand":[600],"product_cat":[198,416,112,583],"product_tag":[],"class_list":{"0":"post-14568","1":"product","2":"type-product","3":"status-publish","4":"has-post-thumbnail","6":"product_brand-voam","7":"product_cat-merken","8":"product_cat-shampoo","9":"product_cat-stylingold","10":"product_cat-voam","11":"pa_certificering-ecocg","12":"pa_geschikt-voor-curly-girl","13":"pa_geschikt-voor-krullen","14":"pa_geschikt-voor-volume","15":"pa_inhoud-200ml","16":"pa_merk-voam","17":"pa_soort-product-shampoo","19":"first","20":"instock","21":"taxable","22":"shipping-taxable","23":"purchasable","24":"product-type-simple"},"exclude_global_add_ons":[],"addons":[],"acf":[],"_links":{"self":[{"href":"https:\/\/www.denatuurlijkekappershop.nl\/fr\/wp-json\/wp\/v2\/product\/14568","targetHints":{"allow":["GET"]}}],"collection":[{"href":"https:\/\/www.denatuurlijkekappershop.nl\/fr\/wp-json\/wp\/v2\/product"}],"about":[{"href":"https:\/\/www.denatuurlijkekappershop.nl\/fr\/wp-json\/wp\/v2\/types\/product"}],"replies":[{"embeddable":true,"href":"https:\/\/www.denatuurlijkekappershop.nl\/fr\/wp-json\/wp\/v2\/comments?post=14568"}],"wp:featuredmedia":[{"embeddable":true,"href":"https:\/\/www.denatuurlijkekappershop.nl\/fr\/wp-json\/wp\/v2\/media\/15232"}],"wp:attachment":[{"href":"https:\/\/www.denatuurlijkekappershop.nl\/fr\/wp-json\/wp\/v2\/media?parent=14568"}],"wp:term":[{"taxonomy":"product_brand","embeddable":true,"href":"https:\/\/www.denatuurlijkekappershop.nl\/fr\/wp-json\/wp\/v2\/product_brand?post=14568"},{"taxonomy":"product_cat","embeddable":true,"href":"https:\/\/www.denatuurlijkekappershop.nl\/fr\/wp-json\/wp\/v2\/product_cat?post=14568"},{"taxonomy":"product_tag","embeddable":true,"href":"https:\/\/www.denatuurlijkekappershop.nl\/fr\/wp-json\/wp\/v2\/product_tag?post=14568"}],"curies":[{"name":"wp","href":"https:\/\/api.w.org\/{rel}","templated":true}]}}