{"id":14565,"date":"2025-11-16T21:06:19","date_gmt":"2025-11-16T20:06:19","guid":{"rendered":"https:\/\/www.denatuurlijkekappershop.nl\/?post_type=product&#038;p=14565"},"modified":"2026-03-10T09:31:39","modified_gmt":"2026-03-10T08:31:39","slug":"voam-deep-conditioner-200ml","status":"publish","type":"product","link":"https:\/\/www.denatuurlijkekappershop.nl\/fr\/voam-deep-conditioner-200ml\/","title":{"rendered":"Voam - Apr\u00e8s-shampoing profond 200ml"},"content":{"rendered":"<p><strong>VOAM Apr\u00e8s-shampooing profond avec prot\u00e9ines<\/strong> est un revitalisant intensif sp\u00e9cialement con\u00e7u pour les cheveux boucl\u00e9s ou ondul\u00e9s qui ont besoin d'un soin et d'un soutien suppl\u00e9mentaires. La formule \u00e0 base de prot\u00e9ines v\u00e9g\u00e9tales aide les cheveux \u00e0 se sentir plus forts et plus r\u00e9sistants.<\/p>\n<p>Cet apr\u00e8s-shampoing profond contient des ingr\u00e9dients soignants tels que <strong>beurre de karit\u00e9, huile de jojoba, huile de p\u00e9pins de raisin et huile de graines de chia<\/strong>. Ces huiles et ces beurres contribuent \u00e0 nourrir, \u00e0 adoucir et \u00e0 rendre les cheveux plus faciles \u00e0 coiffer, tandis que le panth\u00e9nol aide \u00e0 garder les cheveux souples et brillants.<\/p>\n<h2>Renforcer et soigner les boucles<\/h2>\n<p>Les prot\u00e9ines v\u00e9g\u00e9tales de soja et de bl\u00e9 aident \u00e0 soutenir la structure du cheveu. Cela permet aux boucles d'\u00eatre plus rebondies et mieux d\u00e9finies et donne aux cheveux une sensation de force. En m\u00eame temps, les ingr\u00e9dients hydratants aident \u00e0 garder les cheveux doux et moins susceptibles de frisotter.<\/p>\n<h2>Pourquoi choisir l'apr\u00e8s-shampoing profond VOAM ?<\/h2>\n<ul>\n<li>Conditionneur intensif pour cheveux boucl\u00e9s et ondul\u00e9s<\/li>\n<li>Avec des prot\u00e9ines v\u00e9g\u00e9tales de soja et de bl\u00e9<\/li>\n<li>Aide \u00e0 revitaliser et \u00e0 renforcer les cheveux<\/li>\n<li>Favorise la d\u00e9finition et l'\u00e9lasticit\u00e9 des boucles<\/li>\n<li>Avec des huiles nourrissantes et du beurre de karit\u00e9<\/li>\n<li>Convient \u00e0 une utilisation r\u00e9guli\u00e8re<\/li>\n<\/ul>\n<p>L'apr\u00e8s-shampooing profond VOAM aux prot\u00e9ines est id\u00e9al pour les boucles qui sont molles, manquent de d\u00e9finition ou ont besoin d'un soin suppl\u00e9mentaire.<\/p>","protected":false},"excerpt":{"rendered":"<p>Apr\u00e8s-shampooing intensif aux prot\u00e9ines v\u00e9g\u00e9tales qui renforce les boucles, aide \u00e0 r\u00e9duire les frisottis et donne du ressort et de la d\u00e9finition. Id\u00e9al pour les cheveux boucl\u00e9s qui ont besoin d'un soin suppl\u00e9mentaire.<\/p>","protected":false},"featured_media":15234,"comment_status":"open","ping_status":"closed","template":"","meta":{"_acf_changed":false,"_joinchat":[]},"product_brand":[600],"product_cat":[417,198,112,583],"product_tag":[],"class_list":{"0":"post-14565","1":"product","2":"type-product","3":"status-publish","4":"has-post-thumbnail","6":"product_brand-voam","7":"product_cat-conditioner-en-masker","8":"product_cat-merken","9":"product_cat-stylingold","10":"product_cat-voam","11":"pa_certificering-ecocg","12":"pa_certificering-ldpe","13":"pa_geschikt-voor-curly-girl","14":"pa_geschikt-voor-krullen","15":"pa_geschikt-voor-volume","16":"pa_inhoud-75ml","17":"pa_merk-voam","18":"pa_soort-product-haarverzorging","19":"pa_soort-product-styling","21":"first","22":"instock","23":"taxable","24":"shipping-taxable","25":"purchasable","26":"product-type-simple"},"exclude_global_add_ons":[],"addons":[],"acf":[],"_links":{"self":[{"href":"https:\/\/www.denatuurlijkekappershop.nl\/fr\/wp-json\/wp\/v2\/product\/14565","targetHints":{"allow":["GET"]}}],"collection":[{"href":"https:\/\/www.denatuurlijkekappershop.nl\/fr\/wp-json\/wp\/v2\/product"}],"about":[{"href":"https:\/\/www.denatuurlijkekappershop.nl\/fr\/wp-json\/wp\/v2\/types\/product"}],"replies":[{"embeddable":true,"href":"https:\/\/www.denatuurlijkekappershop.nl\/fr\/wp-json\/wp\/v2\/comments?post=14565"}],"wp:featuredmedia":[{"embeddable":true,"href":"https:\/\/www.denatuurlijkekappershop.nl\/fr\/wp-json\/wp\/v2\/media\/15234"}],"wp:attachment":[{"href":"https:\/\/www.denatuurlijkekappershop.nl\/fr\/wp-json\/wp\/v2\/media?parent=14565"}],"wp:term":[{"taxonomy":"product_brand","embeddable":true,"href":"https:\/\/www.denatuurlijkekappershop.nl\/fr\/wp-json\/wp\/v2\/product_brand?post=14565"},{"taxonomy":"product_cat","embeddable":true,"href":"https:\/\/www.denatuurlijkekappershop.nl\/fr\/wp-json\/wp\/v2\/product_cat?post=14565"},{"taxonomy":"product_tag","embeddable":true,"href":"https:\/\/www.denatuurlijkekappershop.nl\/fr\/wp-json\/wp\/v2\/product_tag?post=14565"}],"curies":[{"name":"wp","href":"https:\/\/api.w.org\/{rel}","templated":true}]}}