{"id":14369,"date":"2025-09-06T12:45:05","date_gmt":"2025-09-06T10:45:05","guid":{"rendered":"https:\/\/www.denatuurlijkekappershop.nl\/?post_type=product&#038;p=14369"},"modified":"2026-04-01T19:16:56","modified_gmt":"2026-04-01T17:16:56","slug":"its-pure-organic-purifying-pre-colour-hair-mask-100g","status":"publish","type":"product","link":"https:\/\/www.denatuurlijkekappershop.nl\/fr\/its-pure-organic-zuiverend-pre-color-haarmasker-100g\/","title":{"rendered":"It's Pure Organic - masque capillaire purifiant avant coloration 100g"},"content":{"rendered":"<p><strong>It's Pure Organic Masque capillaire purifiant avant coloration<\/strong> est un masque d\u00e9tox biologique qui nettoie en profondeur les cheveux et le cuir chevelu et les pr\u00e9pare de mani\u00e8re optimale \u00e0 la coloration naturelle. Le masque aide \u00e0 \u00e9liminer les r\u00e9sidus de produits coiffants, la pollution et autres accumulations afin que les colorants \u00e0 base de plantes puissent mieux adh\u00e9rer.<\/p>\n<p>La formule contient <strong>purification de l'argile hectorite<\/strong> combin\u00e9e \u00e0 des ingr\u00e9dients bienfaisants tels que l'extrait de calendula et les huiles essentielles naturelles de citron, d'arbre \u00e0 th\u00e9 et de citronnelle. Ces ingr\u00e9dients nettoient les cheveux en douceur sans dess\u00e9cher le cuir chevelu.<\/p>\n<h2>Pr\u00e9paration optimale pour la coloration des plantes<\/h2>\n<p>Lorsque les cheveux sont parfaitement propres et exempts de r\u00e9sidus de produits, les colorants naturels tels que le henn\u00e9 et d'autres colorants v\u00e9g\u00e9taux peuvent \u00eatre absorb\u00e9s plus uniform\u00e9ment. Le r\u00e9sultat final de la coloration est donc plus uniforme et plus intense.<\/p>\n<h2>Pourquoi choisir ce masque pr\u00e9-couleur ?<\/h2>\n<ul>\n<li>Masque d\u00e9toxifiant purifiant pour les cheveux et le cuir chevelu<\/li>\n<li>Pr\u00e9paration id\u00e9ale pour la coloration naturelle des cheveux<\/li>\n<li>Avec de l'argile min\u00e9rale pour un nettoyage en profondeur et en douceur<\/li>\n<li>Aide \u00e0 \u00e9liminer les r\u00e9sidus de coiffage et l'accumulation de produits<\/li>\n<li>Favorise une coloration plus uniforme des plantes<\/li>\n<li>Convient \u00e0 tous les types de cheveux<\/li>\n<\/ul>\n<p>Le masque est certifi\u00e9 selon la norme <strong>Soil Association et COSMOS<\/strong> et ne contient que des ingr\u00e9dients d'origine naturelle.<\/p>","protected":false},"excerpt":{"rendered":"<p>Masque capillaire pr\u00e9-couleur biologique \u00e0 l'argile purifiante qui nettoie les cheveux et le cuir chevelu des r\u00e9sidus de coiffage et des accumulations. Id\u00e9al comme pr\u00e9paration \u00e0 la coloration v\u00e9g\u00e9tale pour un r\u00e9sultat plus uniforme et plus intense.<\/p>","protected":false},"featured_media":15212,"comment_status":"open","ping_status":"closed","template":"","meta":{"_acf_changed":false,"_joinchat":[]},"product_brand":[607],"product_cat":[415,418,419,396,198,421],"product_tag":[],"class_list":{"0":"post-14369","1":"product","2":"type-product","3":"status-publish","4":"has-post-thumbnail","6":"product_brand-its-pure-organics","7":"product_cat-haarverzorging","8":"product_cat-detox","9":"product_cat-hoofdhuidverzorging","10":"product_cat-its-pure-organics","11":"product_cat-merken","12":"product_cat-plantenkleuring","13":"pa_certificering-100-natuurlijk","14":"pa_certificering-biologisch-gecertificeerd","15":"pa_certificering-soil-association-certified-cosmos-organic","16":"pa_geschikt-voor-droog-haar","17":"pa_geschikt-voor-elk-haartype","18":"pa_geschikt-voor-gevoelige-hoofdhuid","19":"pa_geschikt-voor-reiniging","20":"pa_geschikt-voor-vet-haar-hoofdhuid","21":"pa_inhoud-100g","22":"pa_merk-its-pure-organics","23":"pa_soort-product-haar-huid-herstel","24":"pa_soort-product-plantenkleuring","26":"first","27":"instock","28":"taxable","29":"shipping-taxable","30":"purchasable","31":"product-type-simple"},"exclude_global_add_ons":[],"addons":[],"acf":[],"_links":{"self":[{"href":"https:\/\/www.denatuurlijkekappershop.nl\/fr\/wp-json\/wp\/v2\/product\/14369","targetHints":{"allow":["GET"]}}],"collection":[{"href":"https:\/\/www.denatuurlijkekappershop.nl\/fr\/wp-json\/wp\/v2\/product"}],"about":[{"href":"https:\/\/www.denatuurlijkekappershop.nl\/fr\/wp-json\/wp\/v2\/types\/product"}],"replies":[{"embeddable":true,"href":"https:\/\/www.denatuurlijkekappershop.nl\/fr\/wp-json\/wp\/v2\/comments?post=14369"}],"wp:featuredmedia":[{"embeddable":true,"href":"https:\/\/www.denatuurlijkekappershop.nl\/fr\/wp-json\/wp\/v2\/media\/15212"}],"wp:attachment":[{"href":"https:\/\/www.denatuurlijkekappershop.nl\/fr\/wp-json\/wp\/v2\/media?parent=14369"}],"wp:term":[{"taxonomy":"product_brand","embeddable":true,"href":"https:\/\/www.denatuurlijkekappershop.nl\/fr\/wp-json\/wp\/v2\/product_brand?post=14369"},{"taxonomy":"product_cat","embeddable":true,"href":"https:\/\/www.denatuurlijkekappershop.nl\/fr\/wp-json\/wp\/v2\/product_cat?post=14369"},{"taxonomy":"product_tag","embeddable":true,"href":"https:\/\/www.denatuurlijkekappershop.nl\/fr\/wp-json\/wp\/v2\/product_tag?post=14369"}],"curies":[{"name":"wp","href":"https:\/\/api.w.org\/{rel}","templated":true}]}}