{"id":14365,"date":"2025-09-06T12:33:10","date_gmt":"2025-09-06T10:33:10","guid":{"rendered":"https:\/\/www.denatuurlijkekappershop.nl\/?post_type=product&#038;p=14365"},"modified":"2026-03-30T10:41:07","modified_gmt":"2026-03-30T08:41:07","slug":"we-love-the-planet-lip-balm-silky-coconut-4-9g","status":"publish","type":"product","link":"https:\/\/www.denatuurlijkekappershop.nl\/fr\/we-love-the-planet-lippenbalsem-silky-coconut-4-9g\/","title":{"rendered":"We Love The Planet - Baume \u00e0 l\u00e8vres - Silky Coconut 4.9g"},"content":{"rendered":"<p><strong>We Love The Planet baume \u00e0 l\u00e8vres Silky Coconut<\/strong> est un baume \u00e0 l\u00e8vres naturel 100% qui soigne et prot\u00e8ge intens\u00e9ment les l\u00e8vres s\u00e8ches et sensibles. La riche combinaison d'huiles v\u00e9g\u00e9tales, de beurres et de cires naturelles aide \u00e0 garder les l\u00e8vres souples, douces et hydrat\u00e9es.<\/p>\n<p>La formule contient de l'huile de noix de coco et de l'huile de colza biologiques qui nourrissent les l\u00e8vres et aident \u00e0 r\u00e9parer la s\u00e9cheresse. Le beurre de karit\u00e9 est connu pour ses propri\u00e9t\u00e9s profond\u00e9ment nourrissantes et favorise le r\u00e9tablissement naturel de la peau. La cire d'abeille et la cire de tournesol forment une l\u00e9g\u00e8re couche protectrice qui aide \u00e0 pr\u00e9venir la perte d'humidit\u00e9.<\/p>\n<h2>Soins naturels pour un usage quotidien<\/h2>\n<p>Ce baume \u00e0 l\u00e8vres est id\u00e9al pour un usage quotidien et convient \u00e0 toutes les saisons. Qu'il s'agisse des froides journ\u00e9es d'hiver, de l'air sec ou du vent, le baume aide \u00e0 prot\u00e9ger les l\u00e8vres du dess\u00e8chement et des ger\u00e7ures.<\/p>\n<h2>Pourquoi choisir Silky Coconut ?<\/h2>\n<ul>\n<li>100% baume \u00e0 l\u00e8vres naturel<\/li>\n<li>Avec de l'huile de coco, du beurre de karit\u00e9 et de la cire d'abeille<\/li>\n<li>Hydrate et prot\u00e8ge contre la d\u00e9shydratation<\/li>\n<li>Parfum doux de noix de coco et de vanille<\/li>\n<li>Confortable et non collant<\/li>\n<li>Convient \u00e0 un usage quotidien<\/li>\n<li>Emballage sans plastique en carton certifi\u00e9 FSC<\/li>\n<\/ul>\n<p>Le parfum subtil de noix de coco et de vanille apporte une douce touche tropicale sans \u00eatre trop fort. Le baume glisse doucement sur les l\u00e8vres et laisse une l\u00e9g\u00e8re brillance naturelle.<\/p>","protected":false},"excerpt":{"rendered":"<p>100% baume \u00e0 l\u00e8vres naturel \u00e0 base d'huile de coco, de beurre de karit\u00e9 et de cire d'abeille. Hydrate intens\u00e9ment, prot\u00e8ge de la d\u00e9shydratation et apporte un parfum subtil de noix de coco-vanille.<\/p>","protected":false},"featured_media":15239,"comment_status":"open","ping_status":"closed","template":"","meta":{"_acf_changed":false,"_joinchat":[]},"product_brand":[601],"product_cat":[423,198,427],"product_tag":[],"class_list":{"0":"post-14365","1":"product","2":"type-product","3":"status-publish","4":"has-post-thumbnail","6":"product_brand-we-love-the-planet","7":"product_cat-gezicht","8":"product_cat-merken","9":"product_cat-we-love-the-planet","10":"pa_certificering-eco-control","11":"pa_certificering-fsc","12":"pa_certificering-ncs","13":"pa_certificering-zero-waste","14":"pa_inhoud-4-9g","15":"pa_merk-we-love-the-planet","16":"pa_soort-product-gezicht-lichaam","18":"first","19":"instock","20":"taxable","21":"shipping-taxable","22":"purchasable","23":"product-type-simple"},"exclude_global_add_ons":[],"addons":[],"acf":[],"_links":{"self":[{"href":"https:\/\/www.denatuurlijkekappershop.nl\/fr\/wp-json\/wp\/v2\/product\/14365","targetHints":{"allow":["GET"]}}],"collection":[{"href":"https:\/\/www.denatuurlijkekappershop.nl\/fr\/wp-json\/wp\/v2\/product"}],"about":[{"href":"https:\/\/www.denatuurlijkekappershop.nl\/fr\/wp-json\/wp\/v2\/types\/product"}],"replies":[{"embeddable":true,"href":"https:\/\/www.denatuurlijkekappershop.nl\/fr\/wp-json\/wp\/v2\/comments?post=14365"}],"wp:featuredmedia":[{"embeddable":true,"href":"https:\/\/www.denatuurlijkekappershop.nl\/fr\/wp-json\/wp\/v2\/media\/15239"}],"wp:attachment":[{"href":"https:\/\/www.denatuurlijkekappershop.nl\/fr\/wp-json\/wp\/v2\/media?parent=14365"}],"wp:term":[{"taxonomy":"product_brand","embeddable":true,"href":"https:\/\/www.denatuurlijkekappershop.nl\/fr\/wp-json\/wp\/v2\/product_brand?post=14365"},{"taxonomy":"product_cat","embeddable":true,"href":"https:\/\/www.denatuurlijkekappershop.nl\/fr\/wp-json\/wp\/v2\/product_cat?post=14365"},{"taxonomy":"product_tag","embeddable":true,"href":"https:\/\/www.denatuurlijkekappershop.nl\/fr\/wp-json\/wp\/v2\/product_tag?post=14365"}],"curies":[{"name":"wp","href":"https:\/\/api.w.org\/{rel}","templated":true}]}}