{"id":14358,"date":"2025-09-06T11:36:54","date_gmt":"2025-09-06T09:36:54","guid":{"rendered":"https:\/\/www.denatuurlijkekappershop.nl\/?post_type=product&#038;p=14358"},"modified":"2026-03-07T13:42:03","modified_gmt":"2026-03-07T12:42:03","slug":"bouteille-reutilisable-voam-350ml","status":"publish","type":"product","link":"https:\/\/www.denatuurlijkekappershop.nl\/fr\/voam-reusable-bottle-350ml\/","title":{"rendered":"Voam - Bouteille r\u00e9utilisable 350ml"},"content":{"rendered":"<p>Le <strong>Bouteille r\u00e9utilisable VOAM 350 ml<\/strong> est une bouteille rechargeable \u00e9l\u00e9gante et pratique pour ceux qui choisissent consciemment des soins capillaires durables sans faire de compromis sur la commodit\u00e9. Ce flacon robuste est fabriqu\u00e9 en acier inoxydable et con\u00e7u pour une r\u00e9utilisation \u00e0 long terme, ce qui vous permet de contribuer activement \u00e0 la r\u00e9duction des d\u00e9chets plastiques.<\/p>\n<p>Gr\u00e2ce au m\u00e9canisme innovant de la pompe, vous pouvez doser vos produits VOAM pr\u00e9f\u00e9r\u00e9s facilement, de mani\u00e8re contr\u00f4l\u00e9e et hygi\u00e9nique. Ce flacon est donc id\u00e9al pour une utilisation quotidienne dans la salle de bain ou dans un salon.<\/p>\n<p>Le design minimaliste s'int\u00e8gre sans effort dans tous les int\u00e9rieurs et conf\u00e8re \u00e0 votre salle de bains un aspect soign\u00e9 et moderne. Associ\u00e9e aux recharges correspondantes (sachets), cette bouteille rechargeable permet de r\u00e9duire consid\u00e9rablement les d\u00e9chets d'emballage et d'\u00eatre plus respectueux des ressources.<\/p>\n<p>Pratique, r\u00e9utilisable et \u00e9l\u00e9gante, la bouteille r\u00e9utilisable VOAM est un choix judicieux pour tous ceux qui souhaitent investir dans des produits de soins personnels respectueux de l'environnement et dans un mode de vie durable.<\/p>\n<p><strong>Caract\u00e9ristiques principales :<\/strong><\/p>\n<ul>\n<li>Bouteille rechargeable de 350 ml<\/li>\n<li>Fabriqu\u00e9 en acier inoxydable durable<\/li>\n<li>Pour des soins durables et respectueux du plastique<\/li>\n<li>M\u00e9canisme de pompe pratique et hygi\u00e9nique<\/li>\n<li>Convient aux recharges VOAM<\/li>\n<li>Design minimaliste et moderne<\/li>\n<li>R\u00e9utilisable et de longue dur\u00e9e<\/li>\n<li>Id\u00e9al pour la salle de bain et le salon<\/li>\n<\/ul>","protected":false},"excerpt":{"rendered":"<p>Bouteille en acier inoxydable robuste et rechargeable avec pompe. Durable, hygi\u00e9nique et \u00e9l\u00e9gant - parfait pour vos produits de recharge Voam.<\/p>","protected":false},"featured_media":15242,"comment_status":"open","ping_status":"closed","template":"","meta":{"_acf_changed":false,"_joinchat":[]},"product_brand":[600],"product_cat":[430,425,198,112,583],"product_tag":[],"class_list":{"0":"post-14358","1":"product","2":"type-product","3":"status-publish","4":"has-post-thumbnail","6":"product_brand-voam","7":"product_cat-styling","8":"product_cat-accessoires","9":"product_cat-merken","10":"product_cat-stylingold","11":"product_cat-voam","12":"pa_certificering-ldpe","13":"pa_geschikt-voor-curly-girl","14":"pa_geschikt-voor-voam-producten-die-geleverd-worden-in-een-milieuvriendelijke-pouch","15":"pa_inhoud-350ml","16":"pa_merk-voam","17":"pa_soort-product-accessoires","18":"pa_soort-product-haarverzorging","19":"pa_soort-product-styling","21":"first","22":"instock","23":"taxable","24":"shipping-taxable","25":"purchasable","26":"product-type-simple"},"exclude_global_add_ons":[],"addons":[],"acf":[],"_links":{"self":[{"href":"https:\/\/www.denatuurlijkekappershop.nl\/fr\/wp-json\/wp\/v2\/product\/14358","targetHints":{"allow":["GET"]}}],"collection":[{"href":"https:\/\/www.denatuurlijkekappershop.nl\/fr\/wp-json\/wp\/v2\/product"}],"about":[{"href":"https:\/\/www.denatuurlijkekappershop.nl\/fr\/wp-json\/wp\/v2\/types\/product"}],"replies":[{"embeddable":true,"href":"https:\/\/www.denatuurlijkekappershop.nl\/fr\/wp-json\/wp\/v2\/comments?post=14358"}],"wp:featuredmedia":[{"embeddable":true,"href":"https:\/\/www.denatuurlijkekappershop.nl\/fr\/wp-json\/wp\/v2\/media\/15242"}],"wp:attachment":[{"href":"https:\/\/www.denatuurlijkekappershop.nl\/fr\/wp-json\/wp\/v2\/media?parent=14358"}],"wp:term":[{"taxonomy":"product_brand","embeddable":true,"href":"https:\/\/www.denatuurlijkekappershop.nl\/fr\/wp-json\/wp\/v2\/product_brand?post=14358"},{"taxonomy":"product_cat","embeddable":true,"href":"https:\/\/www.denatuurlijkekappershop.nl\/fr\/wp-json\/wp\/v2\/product_cat?post=14358"},{"taxonomy":"product_tag","embeddable":true,"href":"https:\/\/www.denatuurlijkekappershop.nl\/fr\/wp-json\/wp\/v2\/product_tag?post=14358"}],"curies":[{"name":"wp","href":"https:\/\/api.w.org\/{rel}","templated":true}]}}