{"id":14351,"date":"2025-09-06T11:13:58","date_gmt":"2025-09-06T09:13:58","guid":{"rendered":"https:\/\/www.denatuurlijkekappershop.nl\/?post_type=product&#038;p=14351"},"modified":"2026-03-10T09:45:00","modified_gmt":"2026-03-10T08:45:00","slug":"huile-capillaire-voam-50ml","status":"publish","type":"product","link":"https:\/\/www.denatuurlijkekappershop.nl\/fr\/voam-haarolie-50ml\/","title":{"rendered":"Voam - Huile capillaire 50ml"},"content":{"rendered":"<p><strong>Gel coiffant VOAM<\/strong> est un gel coiffant naturel qui d\u00e9finit les boucles et offre une tenue durable sans rendre les cheveux durs, collants ou secs. Sa formule \u00e0 base d'extrait de graines de lin, d'huile de graines de chia et d'aloe vera aide les boucles \u00e0 conserver leur forme tout en laissant les cheveux souples et brillants.<\/p>\n<p>L'extrait de graines de lin est connu pour ses propri\u00e9t\u00e9s fixatrices naturelles et aide \u00e0 modeler et \u00e0 soutenir les boucles. L'huile de graines de chia nourrit les cheveux et aide \u00e0 r\u00e9duire les frisottis, tandis que l'aloe vera hydrate les cheveux et les prot\u00e8ge du dess\u00e8chement. Les cheveux sont ainsi souples, doux et sains.<\/p>\n<h2>D\u00e9finition et forte tenue des boucles<\/h2>\n<p>Ce gel coiffant donne aux boucles une structure et une d\u00e9finition durable sans rendre les cheveux rigides ou lourds. Le gel aide \u00e0 r\u00e9duire les frisottis et apporte une brillance naturelle, donnant aux boucles un aspect sain et \u00e9clatant.<\/p>\n<h2>Pourquoi choisir le gel coiffant VOAM ?<\/h2>\n<ul>\n<li>Gel coiffant naturel pour cheveux boucl\u00e9s<\/li>\n<li>Donne une d\u00e9finition forte et une tenue longue dur\u00e9e<\/li>\n<li>Avec de l'extrait de graines de lin, de l'huile de graines de chia et de l'aloe vera.<\/li>\n<li>Aide \u00e0 r\u00e9duire les peluches<\/li>\n<li>Apporte une brillance naturelle<\/li>\n<li>Ne laisse pas de flocons ni de r\u00e9sidus<\/li>\n<li>Convient \u00e0 un usage quotidien<\/li>\n<\/ul>\n<p>Utilisez le gel sur cheveux secs ou mouill\u00e9s pour d\u00e9finir et modeler les boucles. Pour plus de volume, s\u00e9chez les cheveux \u00e0 l'aide d'un diffuseur.<\/p>","protected":false},"excerpt":{"rendered":"<p>Gel bouclant naturel \u00e0 base d'extrait de graines de lin, d'huile de graines de chia et d'aloe vera. D\u00e9finit les boucles, donne de la brillance et fournit une tenue forte sans<\/p>","protected":false},"featured_media":15251,"comment_status":"open","ping_status":"closed","template":"","meta":{"_acf_changed":false,"_joinchat":[]},"product_brand":[600],"product_cat":[430,419,198,112,583],"product_tag":[],"class_list":{"0":"post-14351","1":"product","2":"type-product","3":"status-publish","4":"has-post-thumbnail","6":"product_brand-voam","7":"product_cat-styling","8":"product_cat-hoofdhuidverzorging","9":"product_cat-merken","10":"product_cat-stylingold","11":"product_cat-voam","12":"pa_certificering-ecocg","13":"pa_certificering-ldpe","14":"pa_geschikt-voor-curly-girl","15":"pa_geschikt-voor-krullen","16":"pa_geschikt-voor-volume","17":"pa_inhoud-50-ml","18":"pa_merk-voam","19":"pa_soort-product-haar-huid-herstel","20":"pa_soort-product-haarverzorging","21":"pa_soort-product-styling","23":"first","24":"instock","25":"taxable","26":"shipping-taxable","27":"purchasable","28":"product-type-simple"},"exclude_global_add_ons":[],"addons":[],"acf":[],"_links":{"self":[{"href":"https:\/\/www.denatuurlijkekappershop.nl\/fr\/wp-json\/wp\/v2\/product\/14351","targetHints":{"allow":["GET"]}}],"collection":[{"href":"https:\/\/www.denatuurlijkekappershop.nl\/fr\/wp-json\/wp\/v2\/product"}],"about":[{"href":"https:\/\/www.denatuurlijkekappershop.nl\/fr\/wp-json\/wp\/v2\/types\/product"}],"replies":[{"embeddable":true,"href":"https:\/\/www.denatuurlijkekappershop.nl\/fr\/wp-json\/wp\/v2\/comments?post=14351"}],"wp:featuredmedia":[{"embeddable":true,"href":"https:\/\/www.denatuurlijkekappershop.nl\/fr\/wp-json\/wp\/v2\/media\/15251"}],"wp:attachment":[{"href":"https:\/\/www.denatuurlijkekappershop.nl\/fr\/wp-json\/wp\/v2\/media?parent=14351"}],"wp:term":[{"taxonomy":"product_brand","embeddable":true,"href":"https:\/\/www.denatuurlijkekappershop.nl\/fr\/wp-json\/wp\/v2\/product_brand?post=14351"},{"taxonomy":"product_cat","embeddable":true,"href":"https:\/\/www.denatuurlijkekappershop.nl\/fr\/wp-json\/wp\/v2\/product_cat?post=14351"},{"taxonomy":"product_tag","embeddable":true,"href":"https:\/\/www.denatuurlijkekappershop.nl\/fr\/wp-json\/wp\/v2\/product_tag?post=14351"}],"curies":[{"name":"wp","href":"https:\/\/api.w.org\/{rel}","templated":true}]}}