{"id":13801,"date":"2025-05-13T12:11:38","date_gmt":"2025-05-13T10:11:38","guid":{"rendered":"https:\/\/www.denatuurlijkekappershop.nl\/?post_type=product&#038;p=13801"},"modified":"2026-03-10T09:49:54","modified_gmt":"2026-03-10T08:49:54","slug":"shampooing-uvbio-oxygen-spirulina-100ml","status":"publish","type":"product","link":"https:\/\/www.denatuurlijkekappershop.nl\/fr\/uvbio-oxygen-spirulina-shampoo-100ml\/","title":{"rendered":"UVBIO Oxygen Spirulina Shampooing 100 ml"},"content":{"rendered":"<p><strong>UVBIO Oxygen Spirulina Shampooing<\/strong> est un shampooing certifi\u00e9 biologique et v\u00e9g\u00e9talien qui nettoie en douceur et aide \u00e0 renforcer les cheveux. Gr\u00e2ce \u00e0 la combinaison de <strong>extrait de spiruline, eau florale de camomille et de romarin<\/strong> Les cheveux sont soign\u00e9s tout en gardant le cuir chevelu frais et \u00e9quilibr\u00e9.<\/p>\n<p>La formule nettoyante douce \u00e9limine la salet\u00e9, le s\u00e9bum et les r\u00e9sidus de produits sans dess\u00e9cher les cheveux. Connue pour ses propri\u00e9t\u00e9s nourrissantes, la spiruline aide les cheveux \u00e0 \u00eatre plus forts, plus volumineux et plus brillants.<\/p>\n<h2>Nettoyage en douceur des cheveux et du cuir chevelu<\/h2>\n<p>Le shampooing contient des nettoyants doux \u00e0 base de plantes, tels que le lauryl glucoside et le coco glucoside, qui nettoient efficacement les cheveux sans sulfates agressifs. Ce shampooing convient donc \u00e0 un usage quotidien et \u00e0 tous les types de cheveux, y compris les cheveux color\u00e9s ou sensibles.<\/p>\n<h2>Pourquoi choisir le shampooing UVBIO Oxyg\u00e8ne Spiruline ?<\/h2>\n<ul>\n<li>Shampooing bio et v\u00e9g\u00e9talien<\/li>\n<li>Avec de l'extrait de spiruline pour le soin et la brillance<\/li>\n<li>Contient des eaux florales de camomille et de romarin<\/li>\n<li>Nettoie en douceur sans sulfates<\/li>\n<li>Convient \u00e0 un usage quotidien<\/li>\n<li>Pour tous les types de cheveux, y compris les cheveux color\u00e9s<\/li>\n<li>99% ingr\u00e9dients d'origine naturelle<\/li>\n<\/ul>\n<p>La formule fra\u00eeche et l\u00e9g\u00e8re assure des cheveux propres, souples et brillants sans les alourdir.<\/p>","protected":false},"excerpt":{"rendered":"<p>Shampooing biologique et v\u00e9g\u00e9talien \u00e0 la spiruline qui nettoie en douceur et aide \u00e0 renforcer les cheveux. Avec de l'eau florale de camomille et de romarin pour un cuir chevelu frais et une brillance naturelle. Convient \u00e0 un usage quotidien et \u00e0 tous les types de cheveux.<\/p>","protected":false},"featured_media":15262,"comment_status":"closed","ping_status":"closed","template":"","meta":{"_acf_changed":false,"_joinchat":[]},"product_brand":[599],"product_cat":[571,416,574],"product_tag":[],"class_list":{"0":"post-13801","1":"product","2":"type-product","3":"status-publish","4":"has-post-thumbnail","6":"product_brand-uvbio","7":"product_cat-uvbio","8":"product_cat-shampoo","9":"product_cat-zonnebrand","10":"pa_certificering-biologisch","11":"pa_certificering-ecocert","12":"pa_certificering-vegan","13":"pa_inhoud-100ml","14":"pa_merk-uvbio","16":"first","17":"instock","18":"taxable","19":"shipping-taxable","20":"purchasable","21":"product-type-simple"},"exclude_global_add_ons":[],"addons":[],"acf":[],"_links":{"self":[{"href":"https:\/\/www.denatuurlijkekappershop.nl\/fr\/wp-json\/wp\/v2\/product\/13801","targetHints":{"allow":["GET"]}}],"collection":[{"href":"https:\/\/www.denatuurlijkekappershop.nl\/fr\/wp-json\/wp\/v2\/product"}],"about":[{"href":"https:\/\/www.denatuurlijkekappershop.nl\/fr\/wp-json\/wp\/v2\/types\/product"}],"replies":[{"embeddable":true,"href":"https:\/\/www.denatuurlijkekappershop.nl\/fr\/wp-json\/wp\/v2\/comments?post=13801"}],"wp:featuredmedia":[{"embeddable":true,"href":"https:\/\/www.denatuurlijkekappershop.nl\/fr\/wp-json\/wp\/v2\/media\/15262"}],"wp:attachment":[{"href":"https:\/\/www.denatuurlijkekappershop.nl\/fr\/wp-json\/wp\/v2\/media?parent=13801"}],"wp:term":[{"taxonomy":"product_brand","embeddable":true,"href":"https:\/\/www.denatuurlijkekappershop.nl\/fr\/wp-json\/wp\/v2\/product_brand?post=13801"},{"taxonomy":"product_cat","embeddable":true,"href":"https:\/\/www.denatuurlijkekappershop.nl\/fr\/wp-json\/wp\/v2\/product_cat?post=13801"},{"taxonomy":"product_tag","embeddable":true,"href":"https:\/\/www.denatuurlijkekappershop.nl\/fr\/wp-json\/wp\/v2\/product_tag?post=13801"}],"curies":[{"name":"wp","href":"https:\/\/api.w.org\/{rel}","templated":true}]}}