{"id":13754,"date":"2025-05-05T17:12:47","date_gmt":"2025-05-05T15:12:47","guid":{"rendered":"https:\/\/www.denatuurlijkekappershop.nl\/?post_type=product&#038;p=13754"},"modified":"2026-01-21T14:32:02","modified_gmt":"2026-01-21T13:32:02","slug":"altearah-skin-care-oil-white-pure","status":"publish","type":"product","link":"https:\/\/www.denatuurlijkekappershop.nl\/fr\/altearah-skin-care-oil-white-pure\/","title":{"rendered":"Altearah Skin Care Oil - (White) Pure"},"content":{"rendered":"<p>Le <strong>Altearah Skin Care Oil White Pure<\/strong> est une huile de soin sp\u00e9cialement con\u00e7ue pour favoriser la clart\u00e9, la puret\u00e9 et l'\u00e9quilibre \u00e9motionnel. Cette huile d'aromath\u00e9rapie favorise les moments de renouveau, de tranquillit\u00e9 et de clart\u00e9 int\u00e9rieure.<\/p>\n\n\n\n<p>Le parfum raffin\u00e9 de White aide \u00e0 lib\u00e9rer les pens\u00e9es confuses et \u00e0 r\u00e9tablir l'\u00e9quilibre \u00e9motionnel. Id\u00e9al lorsque vous avez besoin d'une nouvelle \u00e9nergie, d'une fra\u00eecheur mentale et d'un \u00e9quilibre du corps et de l'esprit.<\/p>\n\n\n\n<p>Cette huile de soin pour la peau et les sens peut \u00eatre utilis\u00e9e quotidiennement dans le cadre d'une routine de soin consciente. Sa texture l\u00e9g\u00e8re p\u00e9n\u00e8tre agr\u00e9ablement et laisse la peau douce, souple et soign\u00e9e.<\/p>\n\n\n\n<p>L'huile de soin Altearah White Pure est parfaite pour ceux qui souhaitent combiner les soins naturels de la peau avec l'aromath\u00e9rapie et le bien-\u00eatre \u00e9motionnel.<\/p>\n\n\n\n<p><strong>Caract\u00e9ristiques principales :<\/strong><\/p>\n\n\n\n<ul class=\"wp-block-list\">\n<li>Huile nourrissante pour la peau avec effet d'aromath\u00e9rapie<\/li>\n\n\n\n<li>Favorise la clart\u00e9, la puret\u00e9 et l'\u00e9quilibre<\/li>\n\n\n\n<li>Favorise l'\u00e9vacuation des troubles mentaux<\/li>\n\n\n\n<li>Id\u00e9al en cas de besoin de renouvellement et d'\u00e9quilibre \u00e9motionnel<\/li>\n\n\n\n<li>Convient \u00e0 un usage quotidien<\/li>\n\n\n\n<li>Favorise une routine d'autosoins consciente<\/li>\n\n\n\n<li>Effet doux et soignant sur la peau<\/li>\n<\/ul>","protected":false},"excerpt":{"rendered":"<p><strong>Altearah Skin Care Oil White (Pure)<\/strong><br \/>\nAltearah Skin Care Oil White (Pure) est une huile biologique pour la peau qui combine l'aromath\u00e9rapie, la chromoth\u00e9rapie et les huiles v\u00e9g\u00e9tales pour soutenir \u00e0 la fois le corps et l'esprit. La synergie du tea tree et du bois de c\u00e8dre favorise la gu\u00e9rison \u00e9motionnelle et la purification.<\/p>","protected":false},"featured_media":15337,"comment_status":"closed","ping_status":"closed","template":"","meta":{"_acf_changed":false,"_joinchat":[]},"product_brand":[595],"product_cat":[424,563,611,570],"product_tag":[],"class_list":{"0":"post-13754","1":"product","2":"type-product","3":"status-publish","4":"has-post-thumbnail","6":"product_brand-altearah-bio","7":"product_cat-lichaam","8":"product_cat-altearah-bio","9":"product_cat-display-natuurlijkekappers","10":"product_cat-wellness","11":"pa_certificering-ecocert","12":"pa_certificering-one-voice","13":"pa_certificering-slow-cosmetics","14":"pa_certificering-sud-de-france","15":"pa_inhoud-100ml","16":"pa_merk-altearah-bio","18":"first","19":"instock","20":"taxable","21":"shipping-taxable","22":"purchasable","23":"product-type-simple"},"exclude_global_add_ons":[],"addons":[],"acf":[],"_links":{"self":[{"href":"https:\/\/www.denatuurlijkekappershop.nl\/fr\/wp-json\/wp\/v2\/product\/13754","targetHints":{"allow":["GET"]}}],"collection":[{"href":"https:\/\/www.denatuurlijkekappershop.nl\/fr\/wp-json\/wp\/v2\/product"}],"about":[{"href":"https:\/\/www.denatuurlijkekappershop.nl\/fr\/wp-json\/wp\/v2\/types\/product"}],"replies":[{"embeddable":true,"href":"https:\/\/www.denatuurlijkekappershop.nl\/fr\/wp-json\/wp\/v2\/comments?post=13754"}],"wp:featuredmedia":[{"embeddable":true,"href":"https:\/\/www.denatuurlijkekappershop.nl\/fr\/wp-json\/wp\/v2\/media\/15337"}],"wp:attachment":[{"href":"https:\/\/www.denatuurlijkekappershop.nl\/fr\/wp-json\/wp\/v2\/media?parent=13754"}],"wp:term":[{"taxonomy":"product_brand","embeddable":true,"href":"https:\/\/www.denatuurlijkekappershop.nl\/fr\/wp-json\/wp\/v2\/product_brand?post=13754"},{"taxonomy":"product_cat","embeddable":true,"href":"https:\/\/www.denatuurlijkekappershop.nl\/fr\/wp-json\/wp\/v2\/product_cat?post=13754"},{"taxonomy":"product_tag","embeddable":true,"href":"https:\/\/www.denatuurlijkekappershop.nl\/fr\/wp-json\/wp\/v2\/product_tag?post=13754"}],"curies":[{"name":"wp","href":"https:\/\/api.w.org\/{rel}","templated":true}]}}