{"id":13357,"date":"2025-01-09T09:49:50","date_gmt":"2025-01-09T08:49:50","guid":{"rendered":"https:\/\/www.denatuurlijkekappershop.nl\/?post_type=product&#038;p=13357"},"modified":"2026-03-10T10:11:08","modified_gmt":"2026-03-10T09:11:08","slug":"zenz-organic-conditioner-pure-no-2-250ml","status":"publish","type":"product","link":"https:\/\/www.denatuurlijkekappershop.nl\/fr\/zenz-organic-conditioner-pure-no-2-250ml\/","title":{"rendered":"ZENZ Organic - Conditionneur pur n\u00b02 250ml"},"content":{"rendered":"<p><strong>ZENZ Organic Conditioner Pure No. 2<\/strong> est un apr\u00e8s-shampooing sans parfum \u00e0 la formule douce. Cet apr\u00e8s-shampoing est con\u00e7u pour les personnes qui pr\u00e9f\u00e8rent un soin capillaire simple sans parfum ajout\u00e9.<\/p>\n<p>L'apr\u00e8s-shampoing peut \u00eatre utilis\u00e9 par les adultes et les enfants et convient \u00e0 un usage quotidien. Sa formule l\u00e9g\u00e8re laisse les cheveux doux et souples sans les alourdir.<\/p>\n<p>La formule comprend de l'aloe vera biologique, de la glyc\u00e9rine et de l'huile d'avocat. Ces ingr\u00e9dients sont connus pour leurs propri\u00e9t\u00e9s soignantes pour les cheveux et le cuir chevelu.<\/p>\n<p><strong>Aloe vera purifi\u00e9 biologique<\/strong><br \/>\nL'aloe vera contient naturellement plusieurs vitamines et min\u00e9raux et est souvent utilis\u00e9 dans les produits de soins personnels pour ses propri\u00e9t\u00e9s apaisantes.<\/p>\n<p><strong>Glyc\u00e9rine biologique<\/strong><br \/>\nLa glyc\u00e9rine est connue pour \u00eatre un ingr\u00e9dient hydratant qui aide \u00e0 retenir l'humidit\u00e9, permettant aux cheveux et au cuir chevelu de rester doux au toucher.<\/p>\n<p><strong>Huile d'avocat biologique press\u00e9e \u00e0 froid<\/strong><br \/>\nL'huile d'avocat contient plusieurs acides gras naturels et des vitamines et donne aux cheveux une sensation de souplesse et de soin.<\/p>\n<p><strong>Caract\u00e9ristiques principales :<\/strong><\/p>\n<ul>\n<li>Apr\u00e8s-shampoing sans parfum<\/li>\n<li>Formule douce<\/li>\n<li>Convient \u00e0 un usage quotidien<\/li>\n<li>Peut \u00eatre utilis\u00e9 par les adultes et les enfants<\/li>\n<li>A base d'aloe vera, de glyc\u00e9rine et d'huile d'avocat biologiques<\/li>\n<li>Aide \u00e0 rendre les cheveux doux et souples<\/li>\n<li>99% ingr\u00e9dients d'origine naturelle<\/li>\n<li>87% ingr\u00e9dients d'origine biologique<\/li>\n<\/ul>","protected":false},"excerpt":{"rendered":"<p>Apr\u00e8s-shampooing sans parfum \u00e0 la formule douce, adapt\u00e9 \u00e0 un usage quotidien. Id\u00e9al pour les personnes qui pr\u00e9f\u00e8rent des soins capillaires doux et simples, sans parfum ajout\u00e9.<\/p>","protected":false},"featured_media":15366,"comment_status":"open","ping_status":"closed","template":"","meta":{"_acf_changed":false,"_joinchat":[]},"product_brand":[603],"product_cat":[413,417,198,112],"product_tag":[],"class_list":{"0":"post-13357","1":"product","2":"type-product","3":"status-publish","4":"has-post-thumbnail","6":"product_brand-zenz-organic","7":"product_cat-zenz-organic","8":"product_cat-conditioner-en-masker","9":"product_cat-merken","10":"product_cat-stylingold","11":"pa_certificering-hypoallergeen","12":"pa_certificering-nordic-swan-ecolabel","13":"pa_certificering-ocean-waste-plastic","14":"pa_certificering-vegan","15":"pa_geschikt-voor-elk-haartype","16":"pa_geschikt-voor-geschikt-tijdens-de-zwangerschap","17":"pa_geschikt-voor-geschikt-voor-gevoelige-huid","18":"pa_geschikt-voor-gevoelige-hoofdhuid","19":"pa_geschikt-voor-gevoelige-huid","20":"pa_geschikt-voor-kinderen","21":"pa_inhoud-250ml","22":"pa_merk-zenz-organic","23":"pa_soort-product-haarverzorging","25":"first","26":"instock","27":"taxable","28":"shipping-taxable","29":"purchasable","30":"product-type-simple"},"exclude_global_add_ons":[],"addons":[],"acf":[],"_links":{"self":[{"href":"https:\/\/www.denatuurlijkekappershop.nl\/fr\/wp-json\/wp\/v2\/product\/13357","targetHints":{"allow":["GET"]}}],"collection":[{"href":"https:\/\/www.denatuurlijkekappershop.nl\/fr\/wp-json\/wp\/v2\/product"}],"about":[{"href":"https:\/\/www.denatuurlijkekappershop.nl\/fr\/wp-json\/wp\/v2\/types\/product"}],"replies":[{"embeddable":true,"href":"https:\/\/www.denatuurlijkekappershop.nl\/fr\/wp-json\/wp\/v2\/comments?post=13357"}],"wp:featuredmedia":[{"embeddable":true,"href":"https:\/\/www.denatuurlijkekappershop.nl\/fr\/wp-json\/wp\/v2\/media\/15366"}],"wp:attachment":[{"href":"https:\/\/www.denatuurlijkekappershop.nl\/fr\/wp-json\/wp\/v2\/media?parent=13357"}],"wp:term":[{"taxonomy":"product_brand","embeddable":true,"href":"https:\/\/www.denatuurlijkekappershop.nl\/fr\/wp-json\/wp\/v2\/product_brand?post=13357"},{"taxonomy":"product_cat","embeddable":true,"href":"https:\/\/www.denatuurlijkekappershop.nl\/fr\/wp-json\/wp\/v2\/product_cat?post=13357"},{"taxonomy":"product_tag","embeddable":true,"href":"https:\/\/www.denatuurlijkekappershop.nl\/fr\/wp-json\/wp\/v2\/product_tag?post=13357"}],"curies":[{"name":"wp","href":"https:\/\/api.w.org\/{rel}","templated":true}]}}