{"id":13354,"date":"2025-01-09T09:31:45","date_gmt":"2025-01-09T08:31:45","guid":{"rendered":"https:\/\/www.denatuurlijkekappershop.nl\/?post_type=product&#038;p=13354"},"modified":"2026-04-10T21:36:43","modified_gmt":"2026-04-10T19:36:43","slug":"zenz-organic-shampooing-pure-no-1-250ml","status":"publish","type":"product","link":"https:\/\/www.denatuurlijkekappershop.nl\/fr\/zenz-organic-shampoo-pure-no-1-250ml\/","title":{"rendered":"ZENZ Organic - shampooing pur n\u00b0 1 250ml"},"content":{"rendered":"<p><strong>ZENZ Shampooing bio Pure No. 1<\/strong> est un shampooing sans parfum \u00e0 la formule douce pour un usage quotidien. Ce shampooing est con\u00e7u pour les personnes qui pr\u00e9f\u00e8rent des soins capillaires simples et sans parfum.<\/p>\n<p>La formule comprend de l'aloe vera biologique, de l'eau de coco biologique et de l'huile d'avocat biologique press\u00e9e \u00e0 froid. Ces ingr\u00e9dients sont connus pour leurs propri\u00e9t\u00e9s soignantes pour les cheveux et le cuir chevelu.<\/p>\n<p>Ce shampooing nettoie les cheveux en douceur et leur donne une sensation de fra\u00eecheur et de soin, sans ajout de parfum.<\/p>\n<p><strong>Aloe vera purifi\u00e9 biologique<\/strong><br \/>\nL'aloe vera contient naturellement plusieurs vitamines et min\u00e9raux et est souvent utilis\u00e9 dans les produits de soins personnels pour ses propri\u00e9t\u00e9s apaisantes.<\/p>\n<p><strong>Eau de coco biologique<\/strong><br \/>\nL'eau de coco contient naturellement plusieurs nutriments et est souvent utilis\u00e9e dans les produits de soins capillaires pour donner aux cheveux un aspect frais et soign\u00e9.<\/p>\n<p><strong>Huile d'avocat biologique press\u00e9e \u00e0 froid<\/strong><br \/>\nL'huile d'avocat contient des acides gras naturels et des vitamines et donne aux cheveux une sensation de souplesse et de soin.<\/p>\n<p><strong>Caract\u00e9ristiques principales :<\/strong><\/p>\n<ul>\n<li>Shampooing sans parfum<\/li>\n<li>Formule douce<\/li>\n<li>Convient \u00e0 un usage quotidien<\/li>\n<li>Avec de l'aloe vera, de l'eau de coco et de l'huile d'avocat biologiques.<\/li>\n<li>Aide \u00e0 donner aux cheveux une sensation de fra\u00eecheur et de soin<\/li>\n<li>98% ingr\u00e9dients d'origine naturelle<\/li>\n<li>62% ingr\u00e9dients d'origine biologique<\/li>\n<li>Certifi\u00e9 COSMOS Organic<\/li>\n<\/ul>","protected":false},"excerpt":{"rendered":"<p>Shampooing sans parfum \u00e0 la formule douce, adapt\u00e9 \u00e0 un usage quotidien. Id\u00e9al pour les personnes qui pr\u00e9f\u00e8rent des soins capillaires simples et sans parfum.<\/p>","protected":false},"featured_media":15188,"comment_status":"open","ping_status":"closed","template":"","meta":{"_acf_changed":false,"_joinchat":[]},"product_brand":[603],"product_cat":[413,198,416,112],"product_tag":[562],"class_list":{"0":"post-13354","1":"product","2":"type-product","3":"status-publish","4":"has-post-thumbnail","6":"product_brand-zenz-organic","7":"product_cat-zenz-organic","8":"product_cat-merken","9":"product_cat-shampoo","10":"product_cat-stylingold","11":"product_tag-gevoeligehoofdhuid","12":"pa_certificering-ecocert","13":"pa_certificering-hypoallergeen","14":"pa_certificering-nordic-swan-ecolabel","15":"pa_certificering-ocean-waste-plastic","16":"pa_certificering-vegan","17":"pa_geschikt-voor-geschikt-tijdens-de-zwangerschap","18":"pa_geschikt-voor-geschikt-voor-gevoelige-huid","19":"pa_geschikt-voor-gevoelige-hoofdhuid","20":"pa_geschikt-voor-gevoelige-huid","21":"pa_geschikt-voor-kinderen","22":"pa_inhoud-250ml","23":"pa_merk-zenz-organic","24":"pa_soort-product-shampoo","26":"first","27":"onbackorder","28":"taxable","29":"shipping-taxable","30":"purchasable","31":"product-type-simple"},"exclude_global_add_ons":[],"addons":[],"acf":[],"_links":{"self":[{"href":"https:\/\/www.denatuurlijkekappershop.nl\/fr\/wp-json\/wp\/v2\/product\/13354","targetHints":{"allow":["GET"]}}],"collection":[{"href":"https:\/\/www.denatuurlijkekappershop.nl\/fr\/wp-json\/wp\/v2\/product"}],"about":[{"href":"https:\/\/www.denatuurlijkekappershop.nl\/fr\/wp-json\/wp\/v2\/types\/product"}],"replies":[{"embeddable":true,"href":"https:\/\/www.denatuurlijkekappershop.nl\/fr\/wp-json\/wp\/v2\/comments?post=13354"}],"wp:featuredmedia":[{"embeddable":true,"href":"https:\/\/www.denatuurlijkekappershop.nl\/fr\/wp-json\/wp\/v2\/media\/15188"}],"wp:attachment":[{"href":"https:\/\/www.denatuurlijkekappershop.nl\/fr\/wp-json\/wp\/v2\/media?parent=13354"}],"wp:term":[{"taxonomy":"product_brand","embeddable":true,"href":"https:\/\/www.denatuurlijkekappershop.nl\/fr\/wp-json\/wp\/v2\/product_brand?post=13354"},{"taxonomy":"product_cat","embeddable":true,"href":"https:\/\/www.denatuurlijkekappershop.nl\/fr\/wp-json\/wp\/v2\/product_cat?post=13354"},{"taxonomy":"product_tag","embeddable":true,"href":"https:\/\/www.denatuurlijkekappershop.nl\/fr\/wp-json\/wp\/v2\/product_tag?post=13354"}],"curies":[{"name":"wp","href":"https:\/\/api.w.org\/{rel}","templated":true}]}}