{"id":13352,"date":"2025-01-09T09:21:51","date_gmt":"2025-01-09T08:21:51","guid":{"rendered":"https:\/\/www.denatuurlijkekappershop.nl\/?post_type=product&#038;p=13352"},"modified":"2026-03-10T10:14:12","modified_gmt":"2026-03-10T09:14:12","slug":"shampooing-anti-pelliculaire-rc-250ml","status":"publish","type":"product","link":"https:\/\/www.denatuurlijkekappershop.nl\/fr\/rc-anti-roos-shampoo-250ml\/","title":{"rendered":"Shampooing antipelliculaire R&amp;C 250ml"},"content":{"rendered":"<p><strong>Shampooing antipelliculaire R&amp;C 250 ml<\/strong> est un shampooing certifi\u00e9 par Ecocert dont la formule est bas\u00e9e sur des ingr\u00e9dients naturels. Le shampooing contient plus d'aloe vera que d'eau et nettoie les cheveux en douceur.<\/p>\n<p>La formule douce est con\u00e7ue pour les cheveux et le cuir chevelu qui peuvent se desquamer. Les cheveux et le cuir chevelu se sentent frais, propres et soign\u00e9s apr\u00e8s utilisation.<\/p>\n<p>La formule contient notamment de l'ecto\u00efne, du citrus rose et de l'hamam\u00e9lis (hamam\u00e9lis). Ces ingr\u00e9dients sont connus pour leurs propri\u00e9t\u00e9s soignantes et sont souvent utilis\u00e9s dans les produits de soins pour les cheveux et le cuir chevelu.<\/p>\n<p>Gr\u00e2ce \u00e0 sa formulation concentr\u00e9e, le shampooing est \u00e9conomique \u00e0 utiliser et il suffit d'une petite quantit\u00e9 pour nettoyer les cheveux en profondeur.<\/p>\n<p>Son pH de 4,0 \u00e0 5,0 correspond \u00e0 l'acidit\u00e9 naturelle des cheveux et du cuir chevelu et aide les cheveux \u00e0 \u00eatre doux et brillants.<\/p>\n<p><strong>Caract\u00e9ristiques principales :<\/strong><\/p>\n<ul>\n<li>Shampooing certifi\u00e9 Ecocert<\/li>\n<li>Convient aux cheveux pr\u00e9sentant des \u00e9cailles visibles<\/li>\n<li>Contient plus d'aloe vera que d'eau<\/li>\n<li>Nettoyage en douceur des cheveux et du cuir chevelu<\/li>\n<li>A l'ectoine, \u00e0 la rose citronn\u00e9e et \u00e0 l'hamam\u00e9lis<\/li>\n<li>Formule concentr\u00e9e<\/li>\n<li>Utilisation \u00e9conomique<\/li>\n<li>pH 4,0 - 5,0<\/li>\n<li>Contenu : 250 ml<\/li>\n<\/ul>","protected":false},"excerpt":{"rendered":"<p>Shampooing pour les cheveux et le cuir chevelu pr\u00e9sentant des squames visibles. La formule douce nettoie les cheveux en douceur et convient \u00e0 un usage r\u00e9gulier.<\/p>","protected":false},"featured_media":15502,"comment_status":"open","ping_status":"closed","template":"","meta":{"_acf_changed":false,"_joinchat":[]},"product_brand":[598],"product_cat":[415,198,410,416],"product_tag":[560],"class_list":{"0":"post-13352","1":"product","2":"type-product","3":"status-publish","4":"has-post-thumbnail","6":"product_brand-rodolphe-co","7":"product_cat-haarverzorging","8":"product_cat-merken","9":"product_cat-rodolphe-co","10":"product_cat-shampoo","11":"product_tag-anti-roos","12":"pa_certificering-1-for-the-planet","13":"pa_certificering-cosmebio","14":"pa_certificering-ecocert","15":"pa_geschikt-voor-anti-roos","16":"pa_geschikt-voor-geirriteerde-hoofdhuid","17":"pa_geschikt-voor-gevoelige-hoofdhuid","18":"pa_geschikt-voor-gevoelige-of-droge-huid","19":"pa_geschikt-voor-schilfers","20":"pa_geschikt-voor-zeer-droge-en-schilferige-huid","21":"pa_inhoud-250ml","22":"pa_merk-rodolphe-co","23":"pa_soort-product-shampoo","25":"first","26":"instock","27":"taxable","28":"shipping-taxable","29":"purchasable","30":"product-type-simple"},"exclude_global_add_ons":[],"addons":[],"acf":[],"_links":{"self":[{"href":"https:\/\/www.denatuurlijkekappershop.nl\/fr\/wp-json\/wp\/v2\/product\/13352","targetHints":{"allow":["GET"]}}],"collection":[{"href":"https:\/\/www.denatuurlijkekappershop.nl\/fr\/wp-json\/wp\/v2\/product"}],"about":[{"href":"https:\/\/www.denatuurlijkekappershop.nl\/fr\/wp-json\/wp\/v2\/types\/product"}],"replies":[{"embeddable":true,"href":"https:\/\/www.denatuurlijkekappershop.nl\/fr\/wp-json\/wp\/v2\/comments?post=13352"}],"wp:featuredmedia":[{"embeddable":true,"href":"https:\/\/www.denatuurlijkekappershop.nl\/fr\/wp-json\/wp\/v2\/media\/15502"}],"wp:attachment":[{"href":"https:\/\/www.denatuurlijkekappershop.nl\/fr\/wp-json\/wp\/v2\/media?parent=13352"}],"wp:term":[{"taxonomy":"product_brand","embeddable":true,"href":"https:\/\/www.denatuurlijkekappershop.nl\/fr\/wp-json\/wp\/v2\/product_brand?post=13352"},{"taxonomy":"product_cat","embeddable":true,"href":"https:\/\/www.denatuurlijkekappershop.nl\/fr\/wp-json\/wp\/v2\/product_cat?post=13352"},{"taxonomy":"product_tag","embeddable":true,"href":"https:\/\/www.denatuurlijkekappershop.nl\/fr\/wp-json\/wp\/v2\/product_tag?post=13352"}],"curies":[{"name":"wp","href":"https:\/\/api.w.org\/{rel}","templated":true}]}}