{"id":13331,"date":"2024-12-24T17:10:30","date_gmt":"2024-12-24T16:10:30","guid":{"rendered":"https:\/\/www.denatuurlijkekappershop.nl\/?post_type=product&#038;p=13331"},"modified":"2026-03-10T10:15:04","modified_gmt":"2026-03-10T09:15:04","slug":"zenz-organic-colour-for-1-day-volume-boost-blonde-blonde-no-35","status":"publish","type":"product","link":"https:\/\/www.denatuurlijkekappershop.nl\/fr\/zenz-organic-kleur-voor-1-dag-volume-boost-blonde-blond-nr-35\/","title":{"rendered":"ZENZ Organic - couleur pour 1 jour &amp; volume boost blonde \/ blonde no 35"},"content":{"rendered":"<p><strong>ZENZ Organic \u2013 kleur voor 1 dag &amp; volume boost blond nr. 35<\/strong> est une poudre color\u00e9e \u00e0 base de fibres v\u00e9g\u00e9tales qui donne instantan\u00e9ment plus de volume aux cheveux et les rend plus volumineux.<\/p>\n<p>Les fines fibres v\u00e9g\u00e9tales et les pigments de couleur se m\u00e9langent \u00e0 vos propres cheveux et cr\u00e9ent un r\u00e9sultat d'apparence naturelle. Les cheveux sont ainsi optiquement plus volumineux et la coiffure gagne en structure et en corps.<\/p>\n<p>De lichte vezels hechten zich aan het haar en helpen het haar meer body te geven. Hierdoor kan het kapsel er voller uitzien zonder dat het zwaar of plakkerig aanvoelt.<\/p>\n<p>Het haarpoeder is bovendien licht olie-absorberend, waardoor het haar langer fris kan ogen. Het product is eenvoudig aan te brengen en kan worden gecombineerd met andere stylingproducten.<\/p>\n<p>De vezels zijn gemakkelijk uit te wassen met een gewone shampoo.<\/p>\n<p><strong>Caract\u00e9ristiques principales :<\/strong><\/p>\n<ul>\n<li>Poudre de cheveux color\u00e9e avec des fibres v\u00e9g\u00e9tales<\/li>\n<li>Donne instantan\u00e9ment plus de volume aux cheveux<\/li>\n<li>Les cheveux paraissent optiquement plus volumineux<\/li>\n<li>Geschikt voor blond haar<\/li>\n<li>Sans parfum et sans huiles essentielles<\/li>\n<li>V\u00e9g\u00e9talien<\/li>\n<li>Absorbe l\u00e9g\u00e8rement l'huile<\/li>\n<li>Facile \u00e0 utiliser<\/li>\n<\/ul>","protected":false},"excerpt":{"rendered":"<p>Poudre de volume pour cheveux blonds qui ajoute instantan\u00e9ment du volume et un aspect plus volumineux. Id\u00e9ale pour donner aux cheveux un aspect optiquement plus volumineux.<\/p>","protected":false},"featured_media":15369,"comment_status":"open","ping_status":"closed","template":"","meta":{"_acf_changed":false,"_joinchat":[]},"product_brand":[603],"product_cat":[413,198,430,112],"product_tag":[],"class_list":{"0":"post-13331","1":"product","2":"type-product","3":"status-publish","4":"has-post-thumbnail","6":"product_brand-zenz-organic","7":"product_cat-zenz-organic","8":"product_cat-merken","9":"product_cat-styling","10":"product_cat-stylingold","11":"pa_certificering-cruelty-free","12":"pa_certificering-vegan","13":"pa_geschikt-voor-elk-haartype","14":"pa_geschikt-voor-volume","15":"pa_inhoud-25g","16":"pa_merk-zenz-organic","17":"pa_soort-product-styling","19":"first","20":"instock","21":"taxable","22":"shipping-taxable","23":"purchasable","24":"product-type-simple"},"exclude_global_add_ons":[],"addons":[],"acf":[],"_links":{"self":[{"href":"https:\/\/www.denatuurlijkekappershop.nl\/fr\/wp-json\/wp\/v2\/product\/13331","targetHints":{"allow":["GET"]}}],"collection":[{"href":"https:\/\/www.denatuurlijkekappershop.nl\/fr\/wp-json\/wp\/v2\/product"}],"about":[{"href":"https:\/\/www.denatuurlijkekappershop.nl\/fr\/wp-json\/wp\/v2\/types\/product"}],"replies":[{"embeddable":true,"href":"https:\/\/www.denatuurlijkekappershop.nl\/fr\/wp-json\/wp\/v2\/comments?post=13331"}],"wp:featuredmedia":[{"embeddable":true,"href":"https:\/\/www.denatuurlijkekappershop.nl\/fr\/wp-json\/wp\/v2\/media\/15369"}],"wp:attachment":[{"href":"https:\/\/www.denatuurlijkekappershop.nl\/fr\/wp-json\/wp\/v2\/media?parent=13331"}],"wp:term":[{"taxonomy":"product_brand","embeddable":true,"href":"https:\/\/www.denatuurlijkekappershop.nl\/fr\/wp-json\/wp\/v2\/product_brand?post=13331"},{"taxonomy":"product_cat","embeddable":true,"href":"https:\/\/www.denatuurlijkekappershop.nl\/fr\/wp-json\/wp\/v2\/product_cat?post=13331"},{"taxonomy":"product_tag","embeddable":true,"href":"https:\/\/www.denatuurlijkekappershop.nl\/fr\/wp-json\/wp\/v2\/product_tag?post=13331"}],"curies":[{"name":"wp","href":"https:\/\/api.w.org\/{rel}","templated":true}]}}