{"id":13321,"date":"2024-12-24T16:45:21","date_gmt":"2024-12-24T15:45:21","guid":{"rendered":"https:\/\/www.denatuurlijkekappershop.nl\/?post_type=product&#038;p=13321"},"modified":"2026-03-10T10:17:28","modified_gmt":"2026-03-10T09:17:28","slug":"zenz-organic-colour-for-1-day-volume-boost-no-36-red-brown","status":"publish","type":"product","link":"https:\/\/www.denatuurlijkekappershop.nl\/fr\/zenz-organic-kleur-voor-1-dag-volume-boost-nr-36-roodbruin\/","title":{"rendered":"ZENZ Organic - couleur pour 1 jour &amp; volume boost auburn\/brun roux no. 36"},"content":{"rendered":"<p>Cette poudre color\u00e9e \u00e0 base de fibres v\u00e9g\u00e9tales naturelles apporte instantan\u00e9ment un volume visible et aide \u00e0 r\u00e9duire visuellement l'apparence du cuir chevelu dans les cheveux plus fins. Le produit est enti\u00e8rement sans parfum, ne contient pas d'huiles essentielles et est v\u00e9g\u00e9talien. Il convient donc \u00e9galement aux cuirs chevelus sensibles et aux personnes sensibles aux parfums.<\/p>\n<p>Les fibres v\u00e9g\u00e9tales microscopiques et les pigments de couleur se m\u00e9langent \u00e0 vos propres cheveux et les font para\u00eetre optiquement plus volumineux et plus \u00e9pais. Les fibres se fixent autour des m\u00e8ches de cheveux, cr\u00e9ant un effet de volume naturel et rendant les cheveux clairsem\u00e9s ou les repousses moins visibles.<\/p>\n<p>La poudre pour cheveux a \u00e9galement des propri\u00e9t\u00e9s d'absorption du s\u00e9bum, ce qui permet aux cheveux de rester frais plus longtemps et d'avoir moins l'air gras. Le produit est facile \u00e0 utiliser et l\u00e9ger, sans effet collant ni r\u00e9sidu.<\/p>\n<p>Parfait pour un usage quotidien ou lorsque vous souhaitez donner rapidement du volume \u00e0 vos cheveux et obtenir une coiffure plus volumineuse.<\/p>\n<p><strong>Caract\u00e9ristiques principales :<\/strong><\/p>\n<ul>\n<li>Poudre de cheveux color\u00e9e avec des fibres v\u00e9g\u00e9tales naturelles<\/li>\n<li>Donne instantan\u00e9ment plus de volume et des cheveux d'apparence plus volumineuse<\/li>\n<li>Rend les cheveux clairsem\u00e9s et les repousses optiquement moins visibles<\/li>\n<li>Sans parfum et sans huiles essentielles<\/li>\n<li>V\u00e9g\u00e9talien<\/li>\n<li>Absorbe le s\u00e9bum pour un aspect frais<\/li>\n<li>Facile \u00e0 utiliser et r\u00e9sultats durables<\/li>\n<li>Effet naturel sans r\u00e9sidu visible<\/li>\n<\/ul>","protected":false},"excerpt":{"rendered":"<p>La poudre Volume Hair Powder No. 36 Red Brown ajoute du volume aux cheveux et aide \u00e0 rendre le cuir chevelu optiquement moins visible pour les cheveux plus fins.<\/p>","protected":false},"featured_media":15372,"comment_status":"open","ping_status":"closed","template":"","meta":{"_acf_changed":false,"_joinchat":[]},"product_brand":[603],"product_cat":[413,198,430,112],"product_tag":[],"class_list":{"0":"post-13321","1":"product","2":"type-product","3":"status-publish","4":"has-post-thumbnail","6":"product_brand-zenz-organic","7":"product_cat-zenz-organic","8":"product_cat-merken","9":"product_cat-styling","10":"product_cat-stylingold","11":"pa_certificering-cruelty-free","12":"pa_certificering-vegan","13":"pa_geschikt-voor-elk-haartype","14":"pa_geschikt-voor-volume","15":"pa_inhoud-25g","16":"pa_merk-zenz-organic","17":"pa_soort-product-styling","19":"first","20":"instock","21":"taxable","22":"shipping-taxable","23":"purchasable","24":"product-type-simple"},"exclude_global_add_ons":[],"addons":[],"acf":[],"_links":{"self":[{"href":"https:\/\/www.denatuurlijkekappershop.nl\/fr\/wp-json\/wp\/v2\/product\/13321","targetHints":{"allow":["GET"]}}],"collection":[{"href":"https:\/\/www.denatuurlijkekappershop.nl\/fr\/wp-json\/wp\/v2\/product"}],"about":[{"href":"https:\/\/www.denatuurlijkekappershop.nl\/fr\/wp-json\/wp\/v2\/types\/product"}],"replies":[{"embeddable":true,"href":"https:\/\/www.denatuurlijkekappershop.nl\/fr\/wp-json\/wp\/v2\/comments?post=13321"}],"wp:featuredmedia":[{"embeddable":true,"href":"https:\/\/www.denatuurlijkekappershop.nl\/fr\/wp-json\/wp\/v2\/media\/15372"}],"wp:attachment":[{"href":"https:\/\/www.denatuurlijkekappershop.nl\/fr\/wp-json\/wp\/v2\/media?parent=13321"}],"wp:term":[{"taxonomy":"product_brand","embeddable":true,"href":"https:\/\/www.denatuurlijkekappershop.nl\/fr\/wp-json\/wp\/v2\/product_brand?post=13321"},{"taxonomy":"product_cat","embeddable":true,"href":"https:\/\/www.denatuurlijkekappershop.nl\/fr\/wp-json\/wp\/v2\/product_cat?post=13321"},{"taxonomy":"product_tag","embeddable":true,"href":"https:\/\/www.denatuurlijkekappershop.nl\/fr\/wp-json\/wp\/v2\/product_tag?post=13321"}],"curies":[{"name":"wp","href":"https:\/\/api.w.org\/{rel}","templated":true}]}}