{"id":13052,"date":"2024-11-23T14:49:38","date_gmt":"2024-11-23T13:49:38","guid":{"rendered":"https:\/\/www.denatuurlijkekappershop.nl\/?post_type=product&#038;p=13052"},"modified":"2026-04-02T16:32:06","modified_gmt":"2026-04-02T14:32:06","slug":"greenleaf-colour-prep-100gr","status":"publish","type":"product","link":"https:\/\/www.denatuurlijkekappershop.nl\/fr\/greenleaf-kleur-prep-100gr\/","title":{"rendered":"Pr\u00e9parateur de couleurs Greenleaf 100gr"},"content":{"rendered":"<p><strong>Greenleaf Prep Pre-Color<\/strong> est une pr\u00e9-pigmentation \u00e0 base de henn\u00e9 biologique 100% qui pr\u00e9pare les cheveux \u00e0 une coloration naturelle. Cette \u00e9tape permet d'obtenir une coloration uniforme lorsque les cheveux gris sont nombreux.<\/p>\n<p>L'utilisation d'une pr\u00e9-coloration est particuli\u00e8rement conseill\u00e9e lorsque l'on souhaite obtenir une couleur fonc\u00e9e et que les cheveux sont compos\u00e9s de plus de 30% de cheveux gris. En traitant les cheveux avec cette pr\u00e9pigmentation, la couleur v\u00e9g\u00e9tale finale peut ressortir plus uniform\u00e9ment.<\/p>\n<p>La formule est enti\u00e8rement compos\u00e9e de henn\u00e9 (Lawsonia Inermis) issu de l'agriculture biologique et s'inscrit dans le cadre d'une coloration naturelle et consciente des cheveux. Le produit est utilis\u00e9 comme \u00e9tape pr\u00e9paratoire avant l'application de la coloration v\u00e9g\u00e9tale souhait\u00e9e.<\/p>\n<p><strong>Caract\u00e9ristiques principales :<\/strong><\/p>\n<ul>\n<li>100% pr\u00e9pigmentation \u00e0 base de henn\u00e9 biologique<\/li>\n<li>Utilis\u00e9 en pr\u00e9paration pour la coloration des plantes<\/li>\n<li>Peut aider \u00e0 obtenir une couleur plus uniforme<\/li>\n<li>Recommand\u00e9 pour plus de 30% de cheveux gris<\/li>\n<li>Convient pour l'utilisation avant les couleurs de plantes fonc\u00e9es<\/li>\n<li>Un seul ingr\u00e9dient : la poudre de feuilles de henn\u00e9 biologique<\/li>\n<\/ul>","protected":false},"excerpt":{"rendered":"<p>100% pr\u00e9-pigmentation biologique pour une couverture optimale des gris<\/p>","protected":false},"featured_media":15316,"comment_status":"open","ping_status":"closed","template":"","meta":{"_acf_changed":false,"_joinchat":[]},"product_brand":[598],"product_cat":[410,198,421],"product_tag":[],"class_list":{"0":"post-13052","1":"product","2":"type-product","3":"status-publish","4":"has-post-thumbnail","6":"product_brand-rodolphe-co","7":"product_cat-rodolphe-co","8":"product_cat-merken","9":"product_cat-plantenkleuring","10":"pa_certificering-1-for-the-planet","11":"pa_certificering-100-natuurlijk","12":"pa_certificering-cosmebio","13":"pa_certificering-ecocert","14":"pa_certificering-vegan-friendly","15":"pa_geschikt-voor-lees-de-omschrijving","16":"pa_inhoud-100g","17":"pa_merk-rodolphe-co","18":"pa_soort-product-voorpigmentatie","20":"first","21":"instock","22":"taxable","23":"shipping-taxable","24":"purchasable","25":"product-type-simple"},"exclude_global_add_ons":[],"addons":[],"acf":[],"_links":{"self":[{"href":"https:\/\/www.denatuurlijkekappershop.nl\/fr\/wp-json\/wp\/v2\/product\/13052","targetHints":{"allow":["GET"]}}],"collection":[{"href":"https:\/\/www.denatuurlijkekappershop.nl\/fr\/wp-json\/wp\/v2\/product"}],"about":[{"href":"https:\/\/www.denatuurlijkekappershop.nl\/fr\/wp-json\/wp\/v2\/types\/product"}],"replies":[{"embeddable":true,"href":"https:\/\/www.denatuurlijkekappershop.nl\/fr\/wp-json\/wp\/v2\/comments?post=13052"}],"wp:featuredmedia":[{"embeddable":true,"href":"https:\/\/www.denatuurlijkekappershop.nl\/fr\/wp-json\/wp\/v2\/media\/15316"}],"wp:attachment":[{"href":"https:\/\/www.denatuurlijkekappershop.nl\/fr\/wp-json\/wp\/v2\/media?parent=13052"}],"wp:term":[{"taxonomy":"product_brand","embeddable":true,"href":"https:\/\/www.denatuurlijkekappershop.nl\/fr\/wp-json\/wp\/v2\/product_brand?post=13052"},{"taxonomy":"product_cat","embeddable":true,"href":"https:\/\/www.denatuurlijkekappershop.nl\/fr\/wp-json\/wp\/v2\/product_cat?post=13052"},{"taxonomy":"product_tag","embeddable":true,"href":"https:\/\/www.denatuurlijkekappershop.nl\/fr\/wp-json\/wp\/v2\/product_tag?post=13052"}],"curies":[{"name":"wp","href":"https:\/\/api.w.org\/{rel}","templated":true}]}}