{"id":12994,"date":"2024-11-03T13:32:49","date_gmt":"2024-11-03T12:32:49","guid":{"rendered":"https:\/\/www.denatuurlijkekappershop.nl\/?post_type=product&#038;p=12994"},"modified":"2026-03-10T10:30:27","modified_gmt":"2026-03-10T09:30:27","slug":"brouillard-oceanique-en-spray","status":"publish","type":"product","link":"https:\/\/www.denatuurlijkekappershop.nl\/fr\/ocean-mist-spray\/","title":{"rendered":"Spray capillaire R&amp;C ocean mist 100ml"},"content":{"rendered":"<p>Le pr\u00e9sent <strong>Spray Ocean Mist certifi\u00e9 par Ecocert<\/strong> apporte un volume et une texture optimaux et donne aux cheveux un fini naturel et a\u00e9r\u00e9. Id\u00e9al pour cr\u00e9er plus de corps, un effet plage et une tenue suppl\u00e9mentaire sans alourdir ou raidir les cheveux.<\/p>\n<p>Ocean Mist contient des huiles essentielles telles que l'huile de lavande, l'huile de menthe et l'huile d'orange. Ces huiles donnent aux cheveux un parfum frais et sophistiqu\u00e9 et contribuent \u00e0 une agr\u00e9able sensation de soin des cheveux et du cuir chevelu.<\/p>\n<p>Gr\u00e2ce \u00e0 sa formule concentr\u00e9e, ce spray texturant est \u00e9conomique \u00e0 utiliser et il suffit d'une petite quantit\u00e9 pour obtenir un effet visible. Son pH de 4,2 \u00e0 4,5, respectueux de la peau, permet de respecter l'\u00e9quilibre naturel des cheveux et du cuir chevelu.<\/p>\n<p>Parfaite pour un usage quotidien, Ocean Mist convient \u00e0 tous les types de cheveux qui ont besoin de volume, de texture et d'un aspect naturel.<\/p>\n<p><strong>Caract\u00e9ristiques principales :<\/strong><\/p>\n<ul>\n<li>Spray volume et texture certifi\u00e9 Ecocert<\/li>\n<li>Donne plus de volume et une texture naturelle<\/li>\n<li>A l'huile de lavande, de menthe et d'orange<\/li>\n<li>Parfum frais et naturel<\/li>\n<li>Id\u00e9al pour un effet plage et une adh\u00e9rence suppl\u00e9mentaire<\/li>\n<li>Formule concentr\u00e9e et \u00e9conomique \u00e0 utiliser<\/li>\n<li>pH 4,2-4,5<\/li>\n<li>Convient \u00e0 un usage quotidien et \u00e0 tous les types de cheveux<\/li>\n<\/ul>","protected":false},"excerpt":{"rendered":"<p>Compos\u00e9e d'extraits de perles pr\u00e9cieuses et de sel de Gu\u00e9rande, Ocean Mist donne instantan\u00e9ment aux cheveux une texture fra\u00eeche et min\u00e9rale.<br \/>\nLes huiles essentielles de lavande, de menthe et d'orange parfument les cheveux d'une senteur fra\u00eeche et sophistiqu\u00e9e.<\/p>","protected":false},"featured_media":15312,"comment_status":"open","ping_status":"closed","template":"","meta":{"_acf_changed":false,"_joinchat":[]},"product_brand":[598],"product_cat":[410,198,430,112],"product_tag":[],"class_list":{"0":"post-12994","1":"product","2":"type-product","3":"status-publish","4":"has-post-thumbnail","6":"product_brand-rodolphe-co","7":"product_cat-rodolphe-co","8":"product_cat-merken","9":"product_cat-styling","10":"product_cat-stylingold","11":"pa_certificering-1-for-the-planet","12":"pa_certificering-cosmebio","13":"pa_certificering-ecocert","14":"pa_certificering-vegan-friendly","15":"pa_geschikt-voor-krullen","16":"pa_geschikt-voor-textuur","17":"pa_geschikt-voor-versteviging","18":"pa_geschikt-voor-volume","19":"pa_geschikt-voor-voor-het-fohnen","20":"pa_inhoud-100ml","21":"pa_merk-rodolphe-co","22":"pa_soort-product-styling","24":"first","25":"instock","26":"taxable","27":"shipping-taxable","28":"purchasable","29":"product-type-simple"},"exclude_global_add_ons":[],"addons":[],"acf":[],"_links":{"self":[{"href":"https:\/\/www.denatuurlijkekappershop.nl\/fr\/wp-json\/wp\/v2\/product\/12994","targetHints":{"allow":["GET"]}}],"collection":[{"href":"https:\/\/www.denatuurlijkekappershop.nl\/fr\/wp-json\/wp\/v2\/product"}],"about":[{"href":"https:\/\/www.denatuurlijkekappershop.nl\/fr\/wp-json\/wp\/v2\/types\/product"}],"replies":[{"embeddable":true,"href":"https:\/\/www.denatuurlijkekappershop.nl\/fr\/wp-json\/wp\/v2\/comments?post=12994"}],"wp:featuredmedia":[{"embeddable":true,"href":"https:\/\/www.denatuurlijkekappershop.nl\/fr\/wp-json\/wp\/v2\/media\/15312"}],"wp:attachment":[{"href":"https:\/\/www.denatuurlijkekappershop.nl\/fr\/wp-json\/wp\/v2\/media?parent=12994"}],"wp:term":[{"taxonomy":"product_brand","embeddable":true,"href":"https:\/\/www.denatuurlijkekappershop.nl\/fr\/wp-json\/wp\/v2\/product_brand?post=12994"},{"taxonomy":"product_cat","embeddable":true,"href":"https:\/\/www.denatuurlijkekappershop.nl\/fr\/wp-json\/wp\/v2\/product_cat?post=12994"},{"taxonomy":"product_tag","embeddable":true,"href":"https:\/\/www.denatuurlijkekappershop.nl\/fr\/wp-json\/wp\/v2\/product_tag?post=12994"}],"curies":[{"name":"wp","href":"https:\/\/api.w.org\/{rel}","templated":true}]}}