{"id":12885,"date":"2024-08-27T11:12:40","date_gmt":"2024-08-27T09:12:40","guid":{"rendered":"https:\/\/www.denatuurlijkekappershop.nl\/?post_type=product&#038;p=12885"},"modified":"2026-03-10T10:36:48","modified_gmt":"2026-03-10T09:36:48","slug":"masque-de-coeurl","status":"publish","type":"product","link":"https:\/\/www.denatuurlijkekappershop.nl\/fr\/coeurl-masker\/","title":{"rendered":"Masque de boucles Coeurl 250ml"},"content":{"rendered":"<p>Le <strong>Masque pour les boucles<\/strong> aide \u00e0 revitaliser les cheveux et \u00e0 renforcer la r\u00e9sistance des cheveux boucl\u00e9s. La formule riche laisse les cheveux plus doux, plus faciles \u00e0 coiffer et soign\u00e9s au toucher. Le masque est id\u00e9al \u00e0 utiliser apr\u00e8s le shampooing texturisant Coeurl pour un rituel de toilettage complet.<\/p>\n<p>La formule contient des ingr\u00e9dients bienfaisants tels que <strong>n\u00e9nuphar, beurre de karit\u00e9, aloe vera, beurre de mangue et graines de lin<\/strong>. Ces ingr\u00e9dients contribuent \u00e0 hydrater et \u00e0 revitaliser les cheveux et \u00e0 renforcer l'\u00e9lasticit\u00e9 naturelle des boucles. Les cheveux sont plus lisses et gagnent en brillance et en d\u00e9finition des boucles.<\/p>\n<p>Gr\u00e2ce \u00e0 sa formulation concentr\u00e9e, le masque est \u00e9conomique \u00e0 utiliser et il suffit d'une petite quantit\u00e9 pour obtenir des r\u00e9sultats revitalisants intenses. Son pH, compris entre 4,0 et 4,5, contribue \u00e0 respecter l'\u00e9quilibre naturel des cheveux et du cuir chevelu.<\/p>\n<p><strong>Caract\u00e9ristiques principales :<\/strong><\/p>\n<ul>\n<li>Aide \u00e0 revitaliser les cheveux boucl\u00e9s<\/li>\n<li>Facilite le d\u00e9m\u00ealage et le peignage<\/li>\n<li>Id\u00e9al en combinaison avec le shampooing texturant Coeurl.<\/li>\n<li>n\u00e9nuphar, beurre de karit\u00e9, aloe vera, beurre de mangue et graines de lin<\/li>\n<li>Formule hydratante et nourrissante<\/li>\n<li>Favorise la d\u00e9finition et l'\u00e9lasticit\u00e9 des boucles<\/li>\n<li>Concentr\u00e9 et \u00e9conomique \u00e0 utiliser<\/li>\n<li>Favorise l'\u00e9quilibre naturel des cheveux<\/li>\n<li>pH 4,0 - 4,5<\/li>\n<\/ul>","protected":false},"excerpt":{"rendered":"<p>Le masque boucles Coeurl doit \u00eatre utilis\u00e9 apr\u00e8s chaque lavage pour revitaliser intens\u00e9ment les cheveux et donner aux boucles une sensation de r\u00e9sistance.<\/p>","protected":false},"featured_media":15438,"comment_status":"open","ping_status":"closed","template":"","meta":{"_acf_changed":false,"_joinchat":[]},"product_brand":[596],"product_cat":[429,417,198],"product_tag":[],"class_list":{"0":"post-12885","1":"product","2":"type-product","3":"status-publish","4":"has-post-thumbnail","6":"product_brand-coeurl","7":"product_cat-coeurl","8":"product_cat-conditioner-en-masker","9":"product_cat-merken","10":"pa_certificering-1-for-the-planet","11":"pa_certificering-vegan-friendly","12":"pa_geschikt-voor-glans","13":"pa_geschikt-voor-kort-haar","14":"pa_geschikt-voor-krullen","15":"pa_geschikt-voor-lang-haar","16":"pa_geschikt-voor-ontwarren","17":"pa_geschikt-voor-textuur","18":"pa_geschikt-voor-verzorgend-herstellend","19":"pa_geschikt-voor-voedend","20":"pa_inhoud-250ml","21":"pa_merk-rodolphe-co","22":"pa_soort-product-haarverzorging","24":"first","25":"instock","26":"taxable","27":"shipping-taxable","28":"purchasable","29":"product-type-simple"},"exclude_global_add_ons":[],"addons":[],"acf":[],"_links":{"self":[{"href":"https:\/\/www.denatuurlijkekappershop.nl\/fr\/wp-json\/wp\/v2\/product\/12885","targetHints":{"allow":["GET"]}}],"collection":[{"href":"https:\/\/www.denatuurlijkekappershop.nl\/fr\/wp-json\/wp\/v2\/product"}],"about":[{"href":"https:\/\/www.denatuurlijkekappershop.nl\/fr\/wp-json\/wp\/v2\/types\/product"}],"replies":[{"embeddable":true,"href":"https:\/\/www.denatuurlijkekappershop.nl\/fr\/wp-json\/wp\/v2\/comments?post=12885"}],"wp:featuredmedia":[{"embeddable":true,"href":"https:\/\/www.denatuurlijkekappershop.nl\/fr\/wp-json\/wp\/v2\/media\/15438"}],"wp:attachment":[{"href":"https:\/\/www.denatuurlijkekappershop.nl\/fr\/wp-json\/wp\/v2\/media?parent=12885"}],"wp:term":[{"taxonomy":"product_brand","embeddable":true,"href":"https:\/\/www.denatuurlijkekappershop.nl\/fr\/wp-json\/wp\/v2\/product_brand?post=12885"},{"taxonomy":"product_cat","embeddable":true,"href":"https:\/\/www.denatuurlijkekappershop.nl\/fr\/wp-json\/wp\/v2\/product_cat?post=12885"},{"taxonomy":"product_tag","embeddable":true,"href":"https:\/\/www.denatuurlijkekappershop.nl\/fr\/wp-json\/wp\/v2\/product_tag?post=12885"}],"curies":[{"name":"wp","href":"https:\/\/api.w.org\/{rel}","templated":true}]}}