{"id":12814,"date":"2024-06-17T17:50:59","date_gmt":"2024-06-17T15:50:59","guid":{"rendered":"https:\/\/denatuurlijkekapper.nl\/?post_type=product&#038;p=12814"},"modified":"2026-04-09T18:03:14","modified_gmt":"2026-04-09T16:03:14","slug":"gel-lavant-purifiant-odylique-citron-tea-tree","status":"publish","type":"product","link":"https:\/\/www.denatuurlijkekappershop.nl\/fr\/odylique-citroen-tea-tree-zuiverende-wasgel\/","title":{"rendered":"Gel lavant purifiant au citron et \u00e0 l'arbre \u00e0 th\u00e9 d'Odylique"},"content":{"rendered":"<p><em>\u201cJ'utilise le nettoyant pour le visage au citron et au tea tree depuis maintenant un an et demi et je l'adore. Surtout les jours o\u00f9 ma peau est agit\u00e9e ou par une chaude journ\u00e9e d'\u00e9t\u00e9, ma peau se sent \u00e0 nouveau fra\u00eeche et confortable apr\u00e8s l'avoir utilis\u00e9e.\u201d<\/em> <strong>Sabrina, utilisatrice de Odylique gel lavant purifiant au citron et \u00e0 l'arbre \u00e0 th\u00e9<\/strong><\/p>\n<p>Le nettoyant pour le visage au citron et \u00e0 l'arbre \u00e0 th\u00e9 est un nettoyant naturel pour le visage qui convient parfaitement aux adolescents et aux personnes ayant une peau mixte, grasse ou sujette aux imperfections. Ce nettoyant est non com\u00e9dog\u00e8ne, ce qui permet aux pores de ne pas \u00eatre obstru\u00e9s et \u00e0 la peau de rester propre et fra\u00eeche.<\/p>\n<p>La formule contient un m\u00e9lange d'huiles essentielles biologiques, dont l'arbre \u00e0 th\u00e9, et poss\u00e8de un parfum frais et neutre appr\u00e9ci\u00e9 des hommes et des femmes. Adapt\u00e9 \u00e0 un usage quotidien, ce gel doux, qui se rince, nettoie la peau en douceur sans la dess\u00e9cher et peut aider \u00e0 la d\u00e9maquiller.<\/p>\n<p>Bien que ce nettoyant pour le visage ne contienne pas de sulfates, il laisse une sensation de propret\u00e9, de douceur et de fra\u00eecheur sur la peau. Convient aux peaux facilement grasses ou sujettes aux impuret\u00e9s.<\/p>\n<p><strong>Ingr\u00e9dients actifs :<\/strong><\/p>\n<ul>\n<li>Citron rafra\u00eechissant<\/li>\n<li>Arbre \u00e0 th\u00e9<\/li>\n<li>Huile d'olive extra vierge, riche en vitamines et nourrissante<\/li>\n<li>Jus d'aloe vera apaisant, riche en min\u00e9raux<\/li>\n<\/ul>\n<p><strong>Caract\u00e9ristiques :<\/strong><\/p>\n<ul>\n<li>Convient aux v\u00e9g\u00e9taliens<\/li>\n<li>Certifi\u00e9 par la Soil Association<\/li>\n<li>Emballage recyclable, produit en Europe<\/li>\n<li>Bouteille de 200 ml en mat\u00e9riau recycl\u00e9 apr\u00e8s consommation 100%<\/li>\n<li>Pas de transport par avion<\/li>\n<\/ul>","protected":false},"excerpt":{"rendered":"<p>Un nettoyant doux, non com\u00e9dog\u00e8ne, adapt\u00e9 aux adolescents et aux peaux mixtes, grasses, sensibles ou sujettes aux imperfections.<\/p>","protected":false},"featured_media":15318,"comment_status":"open","ping_status":"closed","template":"","meta":{"_acf_changed":false,"_joinchat":[]},"product_brand":[606],"product_cat":[389,423,198],"product_tag":[],"class_list":{"0":"post-12814","1":"product","2":"type-product","3":"status-publish","4":"has-post-thumbnail","6":"product_brand-odylique","7":"product_cat-odylique","8":"product_cat-gezicht","9":"product_cat-merken","10":"pa_certificering-100-recyclebare-verpakking","11":"pa_certificering-cruelty-free","12":"pa_certificering-soil-association-certified-cosmos-organic","13":"pa_geschikt-voor-acnegevoelige-huid","14":"pa_geschikt-voor-dagelijkse-reiniging","15":"pa_geschikt-voor-gevoelige-huid","16":"pa_geschikt-voor-verfrissing-van-de-huid","17":"pa_geschikt-voor-vette-en-onzuivere-huid","18":"pa_inhoud-200ml","19":"pa_inhoud-500ml","20":"pa_merk-odylique","21":"pa_soort-product-gezicht-lichaam","23":"first","24":"instock","25":"taxable","26":"shipping-taxable","27":"purchasable","28":"product-type-simple"},"exclude_global_add_ons":[],"addons":[],"acf":[],"_links":{"self":[{"href":"https:\/\/www.denatuurlijkekappershop.nl\/fr\/wp-json\/wp\/v2\/product\/12814","targetHints":{"allow":["GET"]}}],"collection":[{"href":"https:\/\/www.denatuurlijkekappershop.nl\/fr\/wp-json\/wp\/v2\/product"}],"about":[{"href":"https:\/\/www.denatuurlijkekappershop.nl\/fr\/wp-json\/wp\/v2\/types\/product"}],"replies":[{"embeddable":true,"href":"https:\/\/www.denatuurlijkekappershop.nl\/fr\/wp-json\/wp\/v2\/comments?post=12814"}],"wp:featuredmedia":[{"embeddable":true,"href":"https:\/\/www.denatuurlijkekappershop.nl\/fr\/wp-json\/wp\/v2\/media\/15318"}],"wp:attachment":[{"href":"https:\/\/www.denatuurlijkekappershop.nl\/fr\/wp-json\/wp\/v2\/media?parent=12814"}],"wp:term":[{"taxonomy":"product_brand","embeddable":true,"href":"https:\/\/www.denatuurlijkekappershop.nl\/fr\/wp-json\/wp\/v2\/product_brand?post=12814"},{"taxonomy":"product_cat","embeddable":true,"href":"https:\/\/www.denatuurlijkekappershop.nl\/fr\/wp-json\/wp\/v2\/product_cat?post=12814"},{"taxonomy":"product_tag","embeddable":true,"href":"https:\/\/www.denatuurlijkekappershop.nl\/fr\/wp-json\/wp\/v2\/product_tag?post=12814"}],"curies":[{"name":"wp","href":"https:\/\/api.w.org\/{rel}","templated":true}]}}