{"id":12772,"date":"2024-06-17T14:04:35","date_gmt":"2024-06-17T12:04:35","guid":{"rendered":"https:\/\/denatuurlijkekapper.nl\/?post_type=product&#038;p=12772"},"modified":"2026-03-10T10:50:54","modified_gmt":"2026-03-10T09:50:54","slug":"zechsal-bain-de-pieds-750-g","status":"publish","type":"product","link":"https:\/\/www.denatuurlijkekappershop.nl\/fr\/zechsal-voetenbad-750-g\/","title":{"rendered":"Zechsal Bain de pieds au magn\u00e9sium (cristaux de bain) 750 g"},"content":{"rendered":"<p>Le <strong>Cristaux de bain de Zechsal<\/strong> sont compos\u00e9s de chlorure de magn\u00e9sium pur sous forme solide et se dissolvent tr\u00e8s bien dans l'eau. Ce paquet de 750 grammes est suffisant pour environ 6 bains de pieds et est id\u00e9al pour un usage r\u00e9gulier.<\/p>\n<p>Un bain de pieds aux cristaux de magn\u00e9sium est une mani\u00e8re agr\u00e9able de se d\u00e9tendre apr\u00e8s une longue journ\u00e9e. Le bain chaud aide les pieds \u00e0 se d\u00e9tendre et leur procure une sensation de soin et de fra\u00eecheur.<\/p>\n<p>Ces cristaux de bain au magn\u00e9sium pur garantissent la qualit\u00e9 sup\u00e9rieure de Zechsal. Un bain de pieds peut contribuer \u00e0 un moment de soin agr\u00e9able et convient \u00e9galement aux personnes ayant des pieds sensibles ou fatigu\u00e9s.<\/p>\n<p><strong>Caract\u00e9ristiques principales :<\/strong><\/p>\n<ul>\n<li>Cristaux de bain en chlorure de magn\u00e9sium pur<\/li>\n<li>Paquet de 750 grammes, soit environ 6 bains de pieds<\/li>\n<li>Convient \u00e0 l'utilisation dans un bain de pieds<\/li>\n<li>Id\u00e9al pour un moment de d\u00e9tente et de soin des pieds<\/li>\n<li>Aide \u00e0 soigner la peau des pieds<\/li>\n<li>Convient aux pieds sensibles ou fatigu\u00e9s<\/li>\n<li>Qualit\u00e9 Zechsal garantie<\/li>\n<\/ul>","protected":false},"excerpt":{"rendered":"<p>Convient pour 6 bains de pieds<\/p>","protected":false},"featured_media":15296,"comment_status":"open","ping_status":"closed","template":"","meta":{"_acf_changed":false,"_joinchat":[]},"product_brand":[602],"product_cat":[411,424,198],"product_tag":[],"class_list":{"0":"post-12772","1":"product","2":"type-product","3":"status-publish","4":"has-post-thumbnail","6":"product_brand-zechsal","7":"product_cat-zechsal","8":"product_cat-lichaam","9":"product_cat-merken","10":"pa_certificering-100-natuurlijk","11":"pa_certificering-cruelty-free","12":"pa_merk-zechsal","14":"first","15":"instock","16":"taxable","17":"shipping-taxable","18":"purchasable","19":"product-type-simple"},"exclude_global_add_ons":[],"addons":[],"acf":[],"_links":{"self":[{"href":"https:\/\/www.denatuurlijkekappershop.nl\/fr\/wp-json\/wp\/v2\/product\/12772","targetHints":{"allow":["GET"]}}],"collection":[{"href":"https:\/\/www.denatuurlijkekappershop.nl\/fr\/wp-json\/wp\/v2\/product"}],"about":[{"href":"https:\/\/www.denatuurlijkekappershop.nl\/fr\/wp-json\/wp\/v2\/types\/product"}],"replies":[{"embeddable":true,"href":"https:\/\/www.denatuurlijkekappershop.nl\/fr\/wp-json\/wp\/v2\/comments?post=12772"}],"wp:featuredmedia":[{"embeddable":true,"href":"https:\/\/www.denatuurlijkekappershop.nl\/fr\/wp-json\/wp\/v2\/media\/15296"}],"wp:attachment":[{"href":"https:\/\/www.denatuurlijkekappershop.nl\/fr\/wp-json\/wp\/v2\/media?parent=12772"}],"wp:term":[{"taxonomy":"product_brand","embeddable":true,"href":"https:\/\/www.denatuurlijkekappershop.nl\/fr\/wp-json\/wp\/v2\/product_brand?post=12772"},{"taxonomy":"product_cat","embeddable":true,"href":"https:\/\/www.denatuurlijkekappershop.nl\/fr\/wp-json\/wp\/v2\/product_cat?post=12772"},{"taxonomy":"product_tag","embeddable":true,"href":"https:\/\/www.denatuurlijkekappershop.nl\/fr\/wp-json\/wp\/v2\/product_tag?post=12772"}],"curies":[{"name":"wp","href":"https:\/\/api.w.org\/{rel}","templated":true}]}}