{"id":12704,"date":"2024-06-07T19:54:47","date_gmt":"2024-06-07T17:54:47","guid":{"rendered":"https:\/\/denatuurlijkekapper.nl\/?post_type=product&#038;p=12704"},"modified":"2026-03-10T10:53:38","modified_gmt":"2026-03-10T09:53:38","slug":"brosse-de-massage-anti-demelage","status":"publish","type":"product","link":"https:\/\/www.denatuurlijkekappershop.nl\/fr\/anti-klit-massage-haarborstel\/","title":{"rendered":"Brosse \u00e0 cheveux de massage Anti-Clit (brosse d\u00e9m\u00ealante courb\u00e9e)"},"content":{"rendered":"<p>Le <strong>Brosse \u00e0 cheveux de massage anti-clito<\/strong> a une forme incurv\u00e9e sp\u00e9ciale qui permet \u00e0 la brosse d'\u00e9pouser parfaitement les contours de la t\u00eate. Cette forme ergonomique assure un brossage confortable et un contr\u00f4le optimal lors du d\u00e9m\u00ealage et du coiffage des cheveux.<\/p>\n<p>La brosse est dot\u00e9e de poils souples et de picots en nylon flexible, ce qui permet d'\u00e9liminer facilement les n\u0153uds sans ab\u00eemer ni casser les cheveux. Pendant le brossage, le cuir chevelu est mass\u00e9 et les huiles de s\u00e9bum naturelles sont r\u00e9parties de la racine des cheveux jusqu'aux pointes, ce qui contribue \u00e0 la sant\u00e9 et \u00e0 la brillance des cheveux.<\/p>\n<p>Gr\u00e2ce \u00e0 sa conception incurv\u00e9e, la brosse se d\u00e9place en douceur et efficacement \u00e0 travers les cheveux, ce qui rend le brossage plus rapide et plus agr\u00e9able. Ce n'est pas seulement une question de commodit\u00e9, mais aussi une sensation de d\u00e9tente pour le cuir chevelu.<\/p>\n<p>Le secret d'un d\u00e9m\u00ealage confortable r\u00e9side dans l'\u00e9paisseur et l'espacement optimaux des picots, combin\u00e9s aux poils de sanglier, qui permettent \u00e0 la brosse de tirer le moins possible sur les cheveux.<\/p>\n<p><strong>Caract\u00e9ristiques principales :<\/strong><\/p>\n<ul>\n<li>D\u00e9m\u00ealage confortable gr\u00e2ce aux picots flexibles en nylon et aux poils de sanglier<\/li>\n<li>Convient aux enfants et \u00e0 l'usage professionnel des coiffeurs<\/li>\n<li>Prot\u00e8ge le cuir chevelu gr\u00e2ce \u00e0 des picots arrondis et flexibles<\/li>\n<li>Poign\u00e9e ergonomique en caoutchouc souple<\/li>\n<li>Conception incurv\u00e9e pour un confort optimal<\/li>\n<li>Diffuse des huiles naturelles de la racine \u00e0 la pointe<\/li>\n<li>Conception ventil\u00e9e, id\u00e9ale pour une utilisation avec un s\u00e8che-cheveux<\/li>\n<li>Convient \u00e0 tous les types de cheveux, secs ou mouill\u00e9s<\/li>\n<li>Convient \u00e9galement pour les extensions et les travaux de coiffure<\/li>\n<\/ul>","protected":false},"excerpt":{"rendered":"<p>La brosse de massage Anti-Clit est con\u00e7ue pour am\u00e9liorer l'aspect de vos cheveux en \u00e9liminant les n\u0153uds en douceur. Gr\u00e2ce \u00e0 sa forme incurv\u00e9e, elle est douce et confortable pour vos cheveux et votre cuir chevelu. Vous sentez vraiment la diff\u00e9rence !<\/p>","protected":false},"featured_media":15478,"comment_status":"open","ping_status":"closed","template":"","meta":{"_acf_changed":false,"_joinchat":[]},"product_brand":[],"product_cat":[425,198],"product_tag":[560],"class_list":{"0":"post-12704","1":"product","2":"type-product","3":"status-publish","4":"has-post-thumbnail","6":"product_cat-accessoires","7":"product_cat-merken","8":"product_tag-anti-roos","9":"pa_geschikt-voor-droog-haar","10":"pa_geschikt-voor-fijn-dun-haar","11":"pa_geschikt-voor-krullen","12":"pa_geschikt-voor-vet-haar-hoofdhuid","13":"pa_inhoud-1-stuk","14":"pa_merk-merkloos","15":"pa_soort-product-accessoires","17":"first","18":"instock","19":"taxable","20":"shipping-taxable","21":"purchasable","22":"product-type-simple"},"exclude_global_add_ons":[],"addons":[],"acf":[],"_links":{"self":[{"href":"https:\/\/www.denatuurlijkekappershop.nl\/fr\/wp-json\/wp\/v2\/product\/12704","targetHints":{"allow":["GET"]}}],"collection":[{"href":"https:\/\/www.denatuurlijkekappershop.nl\/fr\/wp-json\/wp\/v2\/product"}],"about":[{"href":"https:\/\/www.denatuurlijkekappershop.nl\/fr\/wp-json\/wp\/v2\/types\/product"}],"replies":[{"embeddable":true,"href":"https:\/\/www.denatuurlijkekappershop.nl\/fr\/wp-json\/wp\/v2\/comments?post=12704"}],"wp:featuredmedia":[{"embeddable":true,"href":"https:\/\/www.denatuurlijkekappershop.nl\/fr\/wp-json\/wp\/v2\/media\/15478"}],"wp:attachment":[{"href":"https:\/\/www.denatuurlijkekappershop.nl\/fr\/wp-json\/wp\/v2\/media?parent=12704"}],"wp:term":[{"taxonomy":"product_brand","embeddable":true,"href":"https:\/\/www.denatuurlijkekappershop.nl\/fr\/wp-json\/wp\/v2\/product_brand?post=12704"},{"taxonomy":"product_cat","embeddable":true,"href":"https:\/\/www.denatuurlijkekappershop.nl\/fr\/wp-json\/wp\/v2\/product_cat?post=12704"},{"taxonomy":"product_tag","embeddable":true,"href":"https:\/\/www.denatuurlijkekappershop.nl\/fr\/wp-json\/wp\/v2\/product_tag?post=12704"}],"curies":[{"name":"wp","href":"https:\/\/api.w.org\/{rel}","templated":true}]}}