{"id":12656,"date":"2024-06-07T15:09:22","date_gmt":"2024-06-07T13:09:22","guid":{"rendered":"https:\/\/denatuurlijkekapper.nl\/?post_type=product&#038;p=12656"},"modified":"2026-03-10T10:57:39","modified_gmt":"2026-03-10T09:57:39","slug":"chapeau-lavable-et-reutilisable","status":"publish","type":"product","link":"https:\/\/www.denatuurlijkekappershop.nl\/fr\/muts-uitwasbaar-en-herbruikbaar\/","title":{"rendered":"Chapeau - lavable et r\u00e9utilisable"},"content":{"rendered":"<p>Le pr\u00e9sent <strong>bonnet de cheveux lavable et r\u00e9utilisable<\/strong> est id\u00e9al pour prot\u00e9ger les cheveux pendant les traitements capillaires. Gr\u00e2ce \u00e0 son int\u00e9rieur scell\u00e9, les produits appliqu\u00e9s restent fermement en place et risquent moins de se dess\u00e9cher pendant le traitement.<\/p>\n<p>Le bonnet aide les produits de soin, les masques ou les colorations v\u00e9g\u00e9tales \u00e0 p\u00e9n\u00e9trer uniform\u00e9ment dans les cheveux. L'effet scellant permet de couvrir les cheveux et de mieux r\u00e9partir le produit pendant le traitement.<\/p>\n<p>L'ext\u00e9rieur du chapeau est fait de <strong>100% coton biologique<\/strong>, Le chapeau peut \u00eatre lav\u00e9 et r\u00e9utilis\u00e9 facilement, ce qui en fait un choix durable pour une utilisation \u00e0 domicile ou dans un salon professionnel. Apr\u00e8s utilisation, le chapeau peut \u00eatre facilement lav\u00e9 et r\u00e9utilis\u00e9, ce qui en fait un choix durable pour une utilisation \u00e0 domicile ou dans un salon professionnel.<\/p>\n<p><strong>Caract\u00e9ristiques principales :<\/strong><\/p>\n<ul>\n<li>Casquette lavable et r\u00e9utilisable<\/li>\n<li>Avec int\u00e9rieur scell\u00e9<\/li>\n<li>Aide \u00e0 pr\u00e9venir le dess\u00e8chement des produits appliqu\u00e9s<\/li>\n<li>Convient pour les masques capillaires, les traitements de conditionnement et les colorations v\u00e9g\u00e9tales.<\/li>\n<li>Ext\u00e9rieur en coton biologique 100%<\/li>\n<li>Coupe confortable<\/li>\n<li>Facile \u00e0 nettoyer<\/li>\n<li>Alternative durable aux bouchons jetables<\/li>\n<\/ul>\n<p><strong>Remarque :<\/strong> Veuillez noter que la couleur peut diff\u00e9rer des photos et que le produit livr\u00e9 peut \u00eatre d'une couleur diff\u00e9rente.<\/p>","protected":false},"excerpt":{"rendered":"<p>Deze uitwasbare en herbruikbare haarmuts is ideaal om het haar te beschermen tijdens haarbehandelingen. Dankzij de gesealde binnenkant blijven aangebrachte producten goed op hun plaats en drogen ze minder snel uit tijdens het inwerken. De muts helpt om verzorgingsproducten, maskers of plantenkleuringen gelijkmatig in het haar te laten werken. Door de afsluitende werking blijft het [&hellip;]<\/p>\n","protected":false},"featured_media":15394,"comment_status":"open","ping_status":"closed","template":"","meta":{"_acf_changed":false,"_joinchat":[]},"product_brand":[610],"product_cat":[425,198,421,372],"product_tag":[],"class_list":{"0":"post-12656","1":"product","2":"type-product","3":"status-publish","4":"has-post-thumbnail","6":"product_brand-terre-de-couleur","7":"product_cat-accessoires","8":"product_cat-merken","9":"product_cat-plantenkleuring","10":"product_cat-terre-de-couleur","11":"pa_certificering-100-natuurlijk","12":"pa_certificering-dierproefvrij","13":"pa_certificering-vegan","14":"pa_geschikt-voor-lees-de-omschrijving","15":"pa_inhoud-1-stuk","16":"pa_merk-terre-de-couleur","17":"pa_soort-product-accessoires","18":"pa_soort-product-plantenkleuring","20":"first","21":"instock","22":"taxable","23":"shipping-taxable","24":"purchasable","25":"product-type-simple"},"exclude_global_add_ons":[],"addons":[],"acf":[],"_links":{"self":[{"href":"https:\/\/www.denatuurlijkekappershop.nl\/fr\/wp-json\/wp\/v2\/product\/12656","targetHints":{"allow":["GET"]}}],"collection":[{"href":"https:\/\/www.denatuurlijkekappershop.nl\/fr\/wp-json\/wp\/v2\/product"}],"about":[{"href":"https:\/\/www.denatuurlijkekappershop.nl\/fr\/wp-json\/wp\/v2\/types\/product"}],"replies":[{"embeddable":true,"href":"https:\/\/www.denatuurlijkekappershop.nl\/fr\/wp-json\/wp\/v2\/comments?post=12656"}],"wp:featuredmedia":[{"embeddable":true,"href":"https:\/\/www.denatuurlijkekappershop.nl\/fr\/wp-json\/wp\/v2\/media\/15394"}],"wp:attachment":[{"href":"https:\/\/www.denatuurlijkekappershop.nl\/fr\/wp-json\/wp\/v2\/media?parent=12656"}],"wp:term":[{"taxonomy":"product_brand","embeddable":true,"href":"https:\/\/www.denatuurlijkekappershop.nl\/fr\/wp-json\/wp\/v2\/product_brand?post=12656"},{"taxonomy":"product_cat","embeddable":true,"href":"https:\/\/www.denatuurlijkekappershop.nl\/fr\/wp-json\/wp\/v2\/product_cat?post=12656"},{"taxonomy":"product_tag","embeddable":true,"href":"https:\/\/www.denatuurlijkekappershop.nl\/fr\/wp-json\/wp\/v2\/product_tag?post=12656"}],"curies":[{"name":"wp","href":"https:\/\/api.w.org\/{rel}","templated":true}]}}