{"id":12547,"date":"2024-05-09T22:02:29","date_gmt":"2024-05-09T20:02:29","guid":{"rendered":"https:\/\/denatuurlijkekapper.nl\/?post_type=product&#038;p=12547"},"modified":"2026-03-10T10:59:56","modified_gmt":"2026-03-10T09:59:56","slug":"zenz-organic-volume-hair-powder-pure-no-89-10gr","status":"publish","type":"product","link":"https:\/\/www.denatuurlijkekappershop.nl\/fr\/zenz-organic-volume-hair-powder-pure-no-89-10gr\/","title":{"rendered":"ZENZ Organic - poudre capillaire volume pure no. 89 10gr."},"content":{"rendered":"<p><strong>ZENZ Organic Volume Hair Powder Pure No. 89<\/strong> est une poudre coiffante l\u00e9g\u00e8re qui convient \u00e0 tous les types de cheveux. La poudre donne aux cheveux plus de texture et d'adh\u00e9rence \u00e0 la racine, ce qui les rend plus volumineux et plus faciles \u00e0 coiffer.<\/p>\n<p>Cette poudre capillaire ultrafine est particuli\u00e8rement adapt\u00e9e aux cheveux fins ou tombant rapidement \u00e0 plat. L'application de la poudre \u00e0 la racine des cheveux donne plus de structure \u00e0 la coiffure et la maintient en meilleure forme. Le produit donne une finition naturelle et mate, sans r\u00e9sidus visibles.<\/p>\n<p>La formule contient du silylate de silice, un ingr\u00e9dient connu pour ses propri\u00e9t\u00e9s d'absorption du s\u00e9bum. Cela permet aux cheveux de rester frais et a\u00e9r\u00e9s plus longtemps. La poudre peut \u00e9galement \u00eatre utilis\u00e9e pour donner plus d'adh\u00e9rence aux chignons.<\/p>\n<p>La formulation sans parfum rend le produit adapt\u00e9 aux personnes sensibles aux fragrances. La poudre est facile \u00e0 utiliser et id\u00e9ale pour un coiffage rapide ou pour rafra\u00eechir les cheveux.<\/p>\n<p><strong>Caract\u00e9ristiques principales :<\/strong><\/p>\n<ul>\n<li>Poudre capillaire l\u00e9g\u00e8re et volumineuse<\/li>\n<li>Donne de la texture et de l'adh\u00e9rence aux racines<\/li>\n<li>Contribue \u00e0 donner aux cheveux un aspect plus volumineux<\/li>\n<li>Finition naturelle mate<\/li>\n<li>Convient \u00e0 tous les types de cheveux<\/li>\n<li>Particuli\u00e8rement adapt\u00e9 aux cheveux fins ou sans vie<\/li>\n<li>Sans parfum<\/li>\n<li>Convient \u00e9galement pour les chignons<\/li>\n<li>Contenu : 10 g<\/li>\n<\/ul>","protected":false},"excerpt":{"rendered":"<p>Volume Hair Powder No. 89 est une poudre capillaire ultra-l\u00e9g\u00e8re qui convient \u00e0 tous les types de cheveux. Id\u00e9ale pour les cheveux fins et sans vie, elle ajoute instantan\u00e9ment du volume, de la texture et de la tenue, rendant les cheveux plus volumineux et plus faciles \u00e0 coiffer.<\/p>","protected":false},"featured_media":15392,"comment_status":"open","ping_status":"closed","template":"","meta":{"_acf_changed":false,"_joinchat":[]},"product_brand":[603],"product_cat":[413,198,430,112],"product_tag":[],"class_list":{"0":"post-12547","1":"product","2":"type-product","3":"status-publish","4":"has-post-thumbnail","6":"product_brand-zenz-organic","7":"product_cat-zenz-organic","8":"product_cat-merken","9":"product_cat-styling","10":"product_cat-stylingold","11":"pa_certificering-cruelty-free","12":"pa_certificering-vegan","13":"pa_geschikt-voor-elk-haartype","14":"pa_geschikt-voor-futloos-en-slap-haar","15":"pa_geschikt-voor-medium-hold","16":"pa_geschikt-voor-volume","17":"pa_inhoud-10g","18":"pa_merk-zenz-organic","19":"pa_soort-product-styling","21":"first","22":"instock","23":"taxable","24":"shipping-taxable","25":"purchasable","26":"product-type-simple"},"exclude_global_add_ons":[],"addons":[],"acf":[],"_links":{"self":[{"href":"https:\/\/www.denatuurlijkekappershop.nl\/fr\/wp-json\/wp\/v2\/product\/12547","targetHints":{"allow":["GET"]}}],"collection":[{"href":"https:\/\/www.denatuurlijkekappershop.nl\/fr\/wp-json\/wp\/v2\/product"}],"about":[{"href":"https:\/\/www.denatuurlijkekappershop.nl\/fr\/wp-json\/wp\/v2\/types\/product"}],"replies":[{"embeddable":true,"href":"https:\/\/www.denatuurlijkekappershop.nl\/fr\/wp-json\/wp\/v2\/comments?post=12547"}],"wp:featuredmedia":[{"embeddable":true,"href":"https:\/\/www.denatuurlijkekappershop.nl\/fr\/wp-json\/wp\/v2\/media\/15392"}],"wp:attachment":[{"href":"https:\/\/www.denatuurlijkekappershop.nl\/fr\/wp-json\/wp\/v2\/media?parent=12547"}],"wp:term":[{"taxonomy":"product_brand","embeddable":true,"href":"https:\/\/www.denatuurlijkekappershop.nl\/fr\/wp-json\/wp\/v2\/product_brand?post=12547"},{"taxonomy":"product_cat","embeddable":true,"href":"https:\/\/www.denatuurlijkekappershop.nl\/fr\/wp-json\/wp\/v2\/product_cat?post=12547"},{"taxonomy":"product_tag","embeddable":true,"href":"https:\/\/www.denatuurlijkekappershop.nl\/fr\/wp-json\/wp\/v2\/product_tag?post=12547"}],"curies":[{"name":"wp","href":"https:\/\/api.w.org\/{rel}","templated":true}]}}