{"id":12538,"date":"2024-05-09T21:44:28","date_gmt":"2024-05-09T19:44:28","guid":{"rendered":"https:\/\/denatuurlijkekapper.nl\/?post_type=product&#038;p=12538"},"modified":"2026-04-02T16:26:38","modified_gmt":"2026-04-02T14:26:38","slug":"emulsion-coiffante-100ml","status":"publish","type":"product","link":"https:\/\/www.denatuurlijkekappershop.nl\/fr\/styling-emulsion-100ml\/","title":{"rendered":"Emulsion coiffante R&amp;C 100ml"},"content":{"rendered":"<p>Le pr\u00e9sent <strong>Emulsion coiffante certifi\u00e9e Ecocert<\/strong> donne aux cheveux une tenue l\u00e9g\u00e8re et flexible et est id\u00e9ale pour d\u00e9finir les boucles et ajouter de la texture. L'\u00e9mulsion combine coiffage et soin en un seul produit et offre un fini naturel et lisse sans alourdir les cheveux.<\/p>\n<p>La formule riche contient des ingr\u00e9dients de haute qualit\u00e9 qui conditionnent intens\u00e9ment les cheveux et leur donnent un bel \u00e9clat soyeux :<\/p>\n<ul>\n<li>Extrait de perle<\/li>\n<li>Huile d'argan<\/li>\n<li>Beurre de cacao<\/li>\n<li>Beurre de karit\u00e9<\/li>\n<li>Aloe vera<\/li>\n<li>Silice<\/li>\n<\/ul>\n<p>Ces ingr\u00e9dients actifs hydratent, nourrissent et prot\u00e8gent les cheveux, am\u00e9liorent leur \u00e9lasticit\u00e9 et aident \u00e0 r\u00e9duire les frisottis. Les cheveux sont souples apr\u00e8s l'utilisation et restent magnifiquement sculpt\u00e9s avec un aspect naturel.<\/p>\n<p>Gr\u00e2ce \u00e0 sa formule hautement concentr\u00e9e, le <strong>Emulsion coiffante<\/strong> \u00e9conomique \u00e0 utiliser et il suffit d'une petite quantit\u00e9 pour obtenir des r\u00e9sultats optimaux. Le pH de 4,0 \u00e0 4,5, respectueux de la peau, favorise l'\u00e9quilibre naturel des cheveux et du cuir chevelu et aide \u00e0 refermer les cuticules des cheveux.<\/p>\n<p><strong>Caract\u00e9ristiques principales :<\/strong><\/p>\n<ul>\n<li>Emulsion coiffante certifi\u00e9e Ecocert<\/li>\n<li>Renforcement l\u00e9ger et flexible<\/li>\n<li>Id\u00e9al pour d\u00e9finir les boucles et la texture<\/li>\n<li>Avec de l'extrait de perle, de l'huile d'argan, du beurre de cacao, du beurre de karit\u00e9, de l'aloe vera et de la silice.<\/li>\n<li>Apporte une brillance soyeuse<\/li>\n<li>N'alourdit pas les cheveux<\/li>\n<li>Hautement concentr\u00e9 et \u00e9conomique \u00e0 utiliser<\/li>\n<li>Doux pour la peau pH 4,0-4,5<\/li>\n<\/ul>","protected":false},"excerpt":{"rendered":"<p>L'\u00e9mulsion certifi\u00e9e Ecocert donne une tenue l\u00e9g\u00e8re et flexible aux cheveux<\/p>","protected":false},"featured_media":15309,"comment_status":"open","ping_status":"closed","template":"","meta":{"_acf_changed":false,"_joinchat":[]},"product_brand":[598],"product_cat":[410,198,430,112],"product_tag":[],"class_list":{"0":"post-12538","1":"product","2":"type-product","3":"status-publish","4":"has-post-thumbnail","6":"product_brand-rodolphe-co","7":"product_cat-rodolphe-co","8":"product_cat-merken","9":"product_cat-styling","10":"product_cat-stylingold","11":"pa_certificering-1-for-the-planet","12":"pa_certificering-cosmebio","13":"pa_certificering-ecocert","14":"pa_geschikt-voor-elk-haartype","15":"pa_geschikt-voor-fijn-dun-haar","16":"pa_geschikt-voor-finishing","17":"pa_geschikt-voor-glans","18":"pa_geschikt-voor-krullen","19":"pa_geschikt-voor-medium-hold","20":"pa_geschikt-voor-voor-het-fohnen","21":"pa_inhoud-100ml","22":"pa_merk-rodolphe-co","23":"pa_soort-product-styling","25":"first","26":"instock","27":"taxable","28":"shipping-taxable","29":"purchasable","30":"product-type-simple"},"exclude_global_add_ons":[],"addons":[],"acf":[],"_links":{"self":[{"href":"https:\/\/www.denatuurlijkekappershop.nl\/fr\/wp-json\/wp\/v2\/product\/12538","targetHints":{"allow":["GET"]}}],"collection":[{"href":"https:\/\/www.denatuurlijkekappershop.nl\/fr\/wp-json\/wp\/v2\/product"}],"about":[{"href":"https:\/\/www.denatuurlijkekappershop.nl\/fr\/wp-json\/wp\/v2\/types\/product"}],"replies":[{"embeddable":true,"href":"https:\/\/www.denatuurlijkekappershop.nl\/fr\/wp-json\/wp\/v2\/comments?post=12538"}],"wp:featuredmedia":[{"embeddable":true,"href":"https:\/\/www.denatuurlijkekappershop.nl\/fr\/wp-json\/wp\/v2\/media\/15309"}],"wp:attachment":[{"href":"https:\/\/www.denatuurlijkekappershop.nl\/fr\/wp-json\/wp\/v2\/media?parent=12538"}],"wp:term":[{"taxonomy":"product_brand","embeddable":true,"href":"https:\/\/www.denatuurlijkekappershop.nl\/fr\/wp-json\/wp\/v2\/product_brand?post=12538"},{"taxonomy":"product_cat","embeddable":true,"href":"https:\/\/www.denatuurlijkekappershop.nl\/fr\/wp-json\/wp\/v2\/product_cat?post=12538"},{"taxonomy":"product_tag","embeddable":true,"href":"https:\/\/www.denatuurlijkekappershop.nl\/fr\/wp-json\/wp\/v2\/product_tag?post=12538"}],"curies":[{"name":"wp","href":"https:\/\/api.w.org\/{rel}","templated":true}]}}