{"id":12528,"date":"2024-05-09T21:13:27","date_gmt":"2024-05-09T19:13:27","guid":{"rendered":"https:\/\/denatuurlijkekapper.nl\/?post_type=product&#038;p=12528"},"modified":"2026-04-13T23:26:44","modified_gmt":"2026-04-13T21:26:44","slug":"rodolphe-co-masque-capillaire-hydratant-250ml","status":"publish","type":"product","link":"https:\/\/www.denatuurlijkekappershop.nl\/fr\/rodolphe-co-hydrating-hair-mask-250ml\/","title":{"rendered":"Masque capillaire hydratant R&amp;C 250ml"},"content":{"rendered":"<p><strong>R&amp;C Masque capillaire hydratant 250ml<\/strong> est un masque capillaire revitalisant qui hydrate et soigne les cheveux sans les alourdir. Ce masque convient \u00e0 diff\u00e9rents types de cheveux et peut s'av\u00e9rer particuli\u00e8rement int\u00e9ressant pour les cheveux secs ou trait\u00e9s qui ont besoin d'un soin suppl\u00e9mentaire.<\/p>\n<p>La formule comprend <strong>aloe vera, huile d'argan, beurre de karit\u00e9, huile d'avocat et extraits de plantes<\/strong>. Connus pour leurs propri\u00e9t\u00e9s revitalisantes, ces ingr\u00e9dients contribuent \u00e0 rendre les cheveux doux, souples et brillants.<\/p>\n<p>Le masque peut \u00eatre appliqu\u00e9 sur les cheveux essor\u00e9s apr\u00e8s le shampooing et laiss\u00e9 en place pendant quelques minutes avant d'\u00eatre rinc\u00e9. Gr\u00e2ce \u00e0 sa formule concentr\u00e9e, une petite quantit\u00e9 suffit.<\/p>\n<p>Les cheveux se sentent soign\u00e9s apr\u00e8s utilisation et sont plus faciles \u00e0 peigner et \u00e0 coiffer.<\/p>\n<p><strong>Caract\u00e9ristiques principales :<\/strong><\/p>\n<ul>\n<li>Masque capillaire nourrissant<\/li>\n<li>Convient \u00e0 diff\u00e9rents types de cheveux<\/li>\n<li>A l'aloe vera, \u00e0 l'huile d'argan, \u00e0 l'huile d'avocat et au beurre de karit\u00e9<\/li>\n<li>Aide \u00e0 rendre les cheveux doux et souples<\/li>\n<li>N'alourdit pas les cheveux<\/li>\n<li>Formule concentr\u00e9e<\/li>\n<li>Convient \u00e0 une utilisation r\u00e9guli\u00e8re<\/li>\n<li>Contenu : 250 ml<\/li>\n<\/ul>","protected":false},"excerpt":{"rendered":"<p>Ce masque r\u00e9pare et prot\u00e8ge les cheveux sans les alourdir.<\/p>","protected":false},"featured_media":15299,"comment_status":"open","ping_status":"closed","template":"","meta":{"_acf_changed":false,"_joinchat":[]},"product_brand":[598],"product_cat":[415,417,198,410],"product_tag":[],"class_list":{"0":"post-12528","1":"product","2":"type-product","3":"status-publish","4":"has-post-thumbnail","6":"product_brand-rodolphe-co","7":"product_cat-haarverzorging","8":"product_cat-conditioner-en-masker","9":"product_cat-merken","10":"product_cat-rodolphe-co","11":"pa_certificering-1-for-the-planet","12":"pa_geschikt-voor-beschadigd-haar","13":"pa_geschikt-voor-droog-haar","14":"pa_geschikt-voor-elk-haartype","15":"pa_geschikt-voor-gekleurd-haar","16":"pa_geschikt-voor-gespleten-haarpunten","17":"pa_geschikt-voor-krullen","18":"pa_geschikt-voor-lang-haar","19":"pa_inhoud-250ml","20":"pa_merk-rodolphe-co","21":"pa_soort-product-haarverzorging","23":"first","24":"instock","25":"taxable","26":"shipping-taxable","27":"purchasable","28":"product-type-simple"},"exclude_global_add_ons":[],"addons":[],"acf":[],"_links":{"self":[{"href":"https:\/\/www.denatuurlijkekappershop.nl\/fr\/wp-json\/wp\/v2\/product\/12528","targetHints":{"allow":["GET"]}}],"collection":[{"href":"https:\/\/www.denatuurlijkekappershop.nl\/fr\/wp-json\/wp\/v2\/product"}],"about":[{"href":"https:\/\/www.denatuurlijkekappershop.nl\/fr\/wp-json\/wp\/v2\/types\/product"}],"replies":[{"embeddable":true,"href":"https:\/\/www.denatuurlijkekappershop.nl\/fr\/wp-json\/wp\/v2\/comments?post=12528"}],"wp:featuredmedia":[{"embeddable":true,"href":"https:\/\/www.denatuurlijkekappershop.nl\/fr\/wp-json\/wp\/v2\/media\/15299"}],"wp:attachment":[{"href":"https:\/\/www.denatuurlijkekappershop.nl\/fr\/wp-json\/wp\/v2\/media?parent=12528"}],"wp:term":[{"taxonomy":"product_brand","embeddable":true,"href":"https:\/\/www.denatuurlijkekappershop.nl\/fr\/wp-json\/wp\/v2\/product_brand?post=12528"},{"taxonomy":"product_cat","embeddable":true,"href":"https:\/\/www.denatuurlijkekappershop.nl\/fr\/wp-json\/wp\/v2\/product_cat?post=12528"},{"taxonomy":"product_tag","embeddable":true,"href":"https:\/\/www.denatuurlijkekappershop.nl\/fr\/wp-json\/wp\/v2\/product_tag?post=12528"}],"curies":[{"name":"wp","href":"https:\/\/api.w.org\/{rel}","templated":true}]}}