{"id":12207,"date":"2024-02-28T09:27:59","date_gmt":"2024-02-28T08:27:59","guid":{"rendered":"https:\/\/denatuurlijkekapper.nl\/?post_type=product&#038;p=12207"},"modified":"2026-03-25T19:12:34","modified_gmt":"2026-03-25T18:12:34","slug":"shikakai-certified-organic-powder-100-grams-ayurvedic-hair-herbs","status":"publish","type":"product","link":"https:\/\/www.denatuurlijkekappershop.nl\/fr\/gecertificeerd-biologisch-shikakai-poeder-100-gram-ayurvedische-haarkruiden\/","title":{"rendered":"Shikakai en poudre certifi\u00e9 biologique (100 grammes) - Herbes capillaires ayurv\u00e9diques"},"content":{"rendered":"<p><strong>Poudre de Shikakai certifi\u00e9e biologique<\/strong> est une plante capillaire ayurv\u00e9dique traditionnelle utilis\u00e9e depuis longtemps dans les soins capillaires naturels. La poudre est fabriqu\u00e9e \u00e0 partir des gousses du <strong>Acacia concinna<\/strong>-plante.<\/p>\n<p>Le shikakai contient des saponines naturelles. M\u00e9lang\u00e9e \u00e0 de l'eau, la poudre cr\u00e9e une mousse douce qui peut aider \u00e0 nettoyer en douceur les cheveux et le cuir chevelu.<\/p>\n<p>La poudre est souvent utilis\u00e9e comme alternative au shampooing liquide. Les cheveux peuvent sembler propres, l\u00e9gers et souples apr\u00e8s utilisation et sont g\u00e9n\u00e9ralement plus faciles \u00e0 coiffer.<\/p>\n<p>Le shikakai est largement utilis\u00e9 dans les programmes de soins capillaires naturels et ayurv\u00e9diques et peut \u00eatre associ\u00e9 \u00e0 d'autres poudres v\u00e9g\u00e9tales telles que l'amla ou le reetha.<\/p>\n<p><strong>Caract\u00e9ristiques :<\/strong><\/p>\n<ul>\n<li>Herbe traditionnelle ayurv\u00e9dique pour les cheveux<\/li>\n<li>Contient des saponines naturelles<\/li>\n<li>L\u00e9g\u00e8rement nettoyant<\/li>\n<li>Convient aux soins des cheveux naturels<\/li>\n<li>Peut aider \u00e0 rendre les cheveux plus faciles \u00e0 coiffer<\/li>\n<li>100% poudre de shikakai biologique<\/li>\n<li>Contenu : 100 grammes<\/li>\n<\/ul>","protected":false},"excerpt":{"rendered":"<p>La poudre de shikakai est une plante capillaire ayurv\u00e9dique traditionnelle qui nettoie les cheveux en douceur sans \u00e9liminer les huiles naturelles. Elle aide \u00e0 maintenir le cuir chevelu frais, rend les cheveux plus faciles \u00e0 coiffer et peut r\u00e9duire les frisottis.<\/p>","protected":false},"featured_media":15305,"comment_status":"closed","ping_status":"closed","template":"","meta":{"_acf_changed":false,"_joinchat":[]},"product_brand":[607],"product_cat":[415,417,419,396,198],"product_tag":[],"class_list":{"0":"post-12207","1":"product","2":"type-product","3":"status-publish","4":"has-post-thumbnail","6":"product_brand-its-pure-organics","7":"product_cat-haarverzorging","8":"product_cat-conditioner-en-masker","9":"product_cat-hoofdhuidverzorging","10":"product_cat-its-pure-organics","11":"product_cat-merken","12":"pa_certificering-100-natuurlijk","13":"pa_certificering-biologisch-gecertificeerd","14":"pa_certificering-soil-association-certified-cosmos-organic","15":"pa_geschikt-voor-droog-haar","16":"pa_geschikt-voor-gevoelige-hoofdhuid","17":"pa_geschikt-voor-krullen","18":"pa_geschikt-voor-normaal-haar","19":"pa_geschikt-voor-reiniging","20":"pa_geschikt-voor-vet-haar-hoofdhuid","21":"pa_inhoud-100g","22":"pa_merk-its-pure-organics","23":"pa_soort-product-haar-huid-herstel","24":"pa_soort-product-haarverzorging","25":"pa_soort-product-hoofdhuidverzorging","27":"first","28":"instock","29":"taxable","30":"shipping-taxable","31":"purchasable","32":"product-type-simple"},"exclude_global_add_ons":[],"addons":[],"acf":[],"_links":{"self":[{"href":"https:\/\/www.denatuurlijkekappershop.nl\/fr\/wp-json\/wp\/v2\/product\/12207","targetHints":{"allow":["GET"]}}],"collection":[{"href":"https:\/\/www.denatuurlijkekappershop.nl\/fr\/wp-json\/wp\/v2\/product"}],"about":[{"href":"https:\/\/www.denatuurlijkekappershop.nl\/fr\/wp-json\/wp\/v2\/types\/product"}],"replies":[{"embeddable":true,"href":"https:\/\/www.denatuurlijkekappershop.nl\/fr\/wp-json\/wp\/v2\/comments?post=12207"}],"wp:featuredmedia":[{"embeddable":true,"href":"https:\/\/www.denatuurlijkekappershop.nl\/fr\/wp-json\/wp\/v2\/media\/15305"}],"wp:attachment":[{"href":"https:\/\/www.denatuurlijkekappershop.nl\/fr\/wp-json\/wp\/v2\/media?parent=12207"}],"wp:term":[{"taxonomy":"product_brand","embeddable":true,"href":"https:\/\/www.denatuurlijkekappershop.nl\/fr\/wp-json\/wp\/v2\/product_brand?post=12207"},{"taxonomy":"product_cat","embeddable":true,"href":"https:\/\/www.denatuurlijkekappershop.nl\/fr\/wp-json\/wp\/v2\/product_cat?post=12207"},{"taxonomy":"product_tag","embeddable":true,"href":"https:\/\/www.denatuurlijkekappershop.nl\/fr\/wp-json\/wp\/v2\/product_tag?post=12207"}],"curies":[{"name":"wp","href":"https:\/\/api.w.org\/{rel}","templated":true}]}}