{"id":11926,"date":"2023-09-25T16:11:57","date_gmt":"2023-09-25T14:11:57","guid":{"rendered":"https:\/\/denatuurlijkekapper.nl\/?post_type=product&#038;p=11926"},"modified":"2026-04-24T14:34:48","modified_gmt":"2026-04-24T12:34:48","slug":"shampooing-hydratant-a-la-lavande-dodylique","status":"publish","type":"product","link":"https:\/\/www.denatuurlijkekappershop.nl\/fr\/odylique-hydraterende-lavendel-shampoo\/","title":{"rendered":"Odylique shampooing hydratant \u00e0 la lavande"},"content":{"rendered":"<p><strong>Odylique Shampooing hydratant \u00e0 la lavande<\/strong> est un shampooing doux et naturel sp\u00e9cialement con\u00e7u pour tous les types de cheveux et en particulier pour les cuirs chevelus normaux \u00e0 secs ou sensibles. Cette formule douce nettoie les cheveux sans perturber l'\u00e9quilibre naturel des cheveux et du cuir chevelu.<\/p>\n<p>Le shampooing contient une combinaison soigneusement formul\u00e9e d'extraits de plantes biologiques et d'huiles essentielles. La lavande et la camomille sont connues pour leurs propri\u00e9t\u00e9s apaisantes, tandis que l'ortie et le romarin contribuent \u00e0 un cuir chevelu frais et soign\u00e9. Les huiles d'avocat et de noix de coco contribuent \u00e0 la souplesse et \u00e0 la douceur des cheveux.<\/p>\n<p>Gr\u00e2ce \u00e0 des ingr\u00e9dients nettoyants doux \u00e0 base de noix de coco et de glucose de ma\u00efs, les cheveux sont nettoy\u00e9s efficacement sans agents moussants agressifs tels que le SLS ou les sulfates. Ce shampooing convient donc \u00e0 un usage r\u00e9gulier et permet aux cheveux de se sentir propres, l\u00e9gers et soign\u00e9s apr\u00e8s le lavage.<\/p>\n<p>Le parfum naturel de lavande procure une sensation de d\u00e9tente pendant le lavage et rend la routine de toilettage encore plus agr\u00e9able.<\/p>\n<p><strong>Ingr\u00e9dients actifs :<\/strong><\/p>\n<ul>\n<li>La lavande et la camomille pour un soin tout en douceur<\/li>\n<li>Ortie et romarin pour un cuir chevelu frais<\/li>\n<li>Pr\u00eale pour les extraits v\u00e9g\u00e9taux renfor\u00e7ant les cheveux<\/li>\n<li>Huile d'avocat et de noix de coco pour nourrir et assouplir la peau.<\/li>\n<li>Aloe vera pour l'hydratation<\/li>\n<\/ul>\n<p><strong>Caract\u00e9ristiques :<\/strong><\/p>\n<ul>\n<li>100% shampooing naturel<\/li>\n<li>62.6% ingr\u00e9dients d'origine biologique<\/li>\n<li>Sans sulfate, sans silicone et sans SLS<\/li>\n<li>Convient \u00e0 tous les types de cheveux<\/li>\n<li>Convient aux cuirs chevelus sensibles<\/li>\n<li>Vegan et sans animaux<\/li>\n<li>pH \u00e9quilibr\u00e9 (environ 5,5)<\/li>\n<li>Emballage avec des mat\u00e9riaux recycl\u00e9s<\/li>\n<\/ul>","protected":false},"excerpt":{"rendered":"<p>Shampooing hydratant \u00e0 la lavande pour tous les types de cheveux et les cuirs chevelus normalement secs et sensibles. Si vous aimez la lavande et nos shampooings prim\u00e9s Gentle Herb ou Tea Tree and Herb, vous aimerez aussi celui-ci.<\/p>","protected":false},"featured_media":15194,"comment_status":"closed","ping_status":"closed","template":"","meta":{"_acf_changed":false,"_joinchat":[]},"product_brand":[606],"product_cat":[415,198,389,416],"product_tag":[],"class_list":{"0":"post-11926","1":"product","2":"type-product","3":"status-publish","4":"has-post-thumbnail","6":"product_brand-odylique","7":"product_cat-haarverzorging","8":"product_cat-merken","9":"product_cat-odylique","10":"product_cat-shampoo","11":"pa_certificering-100-recyclebare-verpakking","12":"pa_certificering-cruelty-free","13":"pa_certificering-soil-association-certified-cosmos-organic","14":"pa_geschikt-voor-beschadigd-haar","15":"pa_geschikt-voor-droog-haar","16":"pa_geschikt-voor-gespleten-haarpunten","17":"pa_geschikt-voor-gevoelige-hoofdhuid","18":"pa_geschikt-voor-normaal-haar","19":"pa_geschikt-voor-vet-haar-hoofdhuid","20":"pa_inhoud-200ml","21":"pa_inhoud-500ml","22":"pa_merk-odylique","23":"pa_soort-product-shampoo","25":"first","26":"instock","27":"taxable","28":"shipping-taxable","29":"purchasable","30":"product-type-variable"},"exclude_global_add_ons":[],"addons":[],"acf":[],"_links":{"self":[{"href":"https:\/\/www.denatuurlijkekappershop.nl\/fr\/wp-json\/wp\/v2\/product\/11926","targetHints":{"allow":["GET"]}}],"collection":[{"href":"https:\/\/www.denatuurlijkekappershop.nl\/fr\/wp-json\/wp\/v2\/product"}],"about":[{"href":"https:\/\/www.denatuurlijkekappershop.nl\/fr\/wp-json\/wp\/v2\/types\/product"}],"replies":[{"embeddable":true,"href":"https:\/\/www.denatuurlijkekappershop.nl\/fr\/wp-json\/wp\/v2\/comments?post=11926"}],"wp:featuredmedia":[{"embeddable":true,"href":"https:\/\/www.denatuurlijkekappershop.nl\/fr\/wp-json\/wp\/v2\/media\/15194"}],"wp:attachment":[{"href":"https:\/\/www.denatuurlijkekappershop.nl\/fr\/wp-json\/wp\/v2\/media?parent=11926"}],"wp:term":[{"taxonomy":"product_brand","embeddable":true,"href":"https:\/\/www.denatuurlijkekappershop.nl\/fr\/wp-json\/wp\/v2\/product_brand?post=11926"},{"taxonomy":"product_cat","embeddable":true,"href":"https:\/\/www.denatuurlijkekappershop.nl\/fr\/wp-json\/wp\/v2\/product_cat?post=11926"},{"taxonomy":"product_tag","embeddable":true,"href":"https:\/\/www.denatuurlijkekappershop.nl\/fr\/wp-json\/wp\/v2\/product_tag?post=11926"}],"curies":[{"name":"wp","href":"https:\/\/api.w.org\/{rel}","templated":true}]}}