{"id":11324,"date":"2022-09-24T11:50:54","date_gmt":"2022-09-24T09:50:54","guid":{"rendered":"https:\/\/denatuurlijkekapper.nl\/?post_type=product&#038;p=11324"},"modified":"2026-03-10T11:23:09","modified_gmt":"2026-03-10T10:23:09","slug":"apres-shampoing-bio-amla-amande-125g","status":"publish","type":"product","link":"https:\/\/www.denatuurlijkekappershop.nl\/fr\/biologische-conditioner-amla-amandel-125g\/","title":{"rendered":"Apr\u00e8s-shampoing bio amla amande 125g"},"content":{"rendered":"<p><strong>Conditionneur bio Amla Amande<\/strong> est un traitement capillaire riche et naturel qui soigne intens\u00e9ment les cheveux et le cuir chevelu. La formule associe des prot\u00e9ines v\u00e9g\u00e9tales \u00e0 des herbes ayurv\u00e9diques traditionnelles telles que l'amla et le shikakai.<\/p>\n<p>Le m\u00e9lange revitalisant de prot\u00e9ines d'amande, de prot\u00e9ines de soja et de poudres v\u00e9g\u00e9tales aide les cheveux \u00e0 \u00eatre doux et souples et peut leur donner de la brillance et du volume. Parall\u00e8lement, des plantes telles que la camomille, les pellicules et les algues brunes favorisent un cuir chevelu soign\u00e9 et frais.<\/p>\n<p>Activ\u00e9 avec de l'eau chaude, cet apr\u00e8s-shampoing en poudre forme une p\u00e2te cr\u00e9meuse facile \u00e0 r\u00e9partir sur les cheveux et le cuir chevelu. Le traitement peut aider \u00e0 rendre les cheveux plus faciles \u00e0 coiffer et donne aux cheveux une sensation de soin et de naturel.<\/p>\n<p>La formule est enti\u00e8rement v\u00e9g\u00e9tale et exempte d'additifs synth\u00e9tiques tels que les silicones, les parfums et les conservateurs. L'apr\u00e8s-shampoing est conditionn\u00e9 dans un r\u00e9cipient en verre sans plastique, ce qui en fait un choix durable pour les soins capillaires naturels.<\/p>\n<p><strong>Caract\u00e9ristiques principales :<\/strong><\/p>\n<ul>\n<li>Conditionneur naturel pour les cheveux et le cuir chevelu<\/li>\n<li>Avec de l'amla, du shikakai et des prot\u00e9ines v\u00e9g\u00e9tales<\/li>\n<li>Aide \u00e0 rendre les cheveux doux et plus faciles \u00e0 coiffer<\/li>\n<li>Donne aux cheveux une brillance et un volume naturels<\/li>\n<li>Convient aux cheveux secs et ternes<\/li>\n<li>Sans silicones, parfums synth\u00e9tiques et conservateurs<\/li>\n<li>Certifi\u00e9 v\u00e9g\u00e9talien et biologique<\/li>\n<li>Emballage en verre sans plastique<\/li>\n<li>Environ 16 demandes<\/li>\n<\/ul>","protected":false},"excerpt":{"rendered":"<p>Traitement capillaire riche et naturel pour les cheveux et le cuir chevelu<\/p>","protected":false},"featured_media":15448,"comment_status":"closed","ping_status":"closed","template":"","meta":{"_acf_changed":false,"_joinchat":[]},"product_brand":[605],"product_cat":[415,417,395,198],"product_tag":[560],"class_list":{"0":"post-11324","1":"product","2":"type-product","3":"status-publish","4":"has-post-thumbnail","6":"product_brand-eliah-sahil","7":"product_cat-haarverzorging","8":"product_cat-conditioner-en-masker","9":"product_cat-eliah-sahil","10":"product_cat-merken","11":"product_tag-anti-roos","12":"pa_certificering-100-recyclebare-verpakking","13":"pa_certificering-biologisch","14":"pa_certificering-dierproefvrij","15":"pa_certificering-vegan","16":"pa_certificering-vrij-van-schadelijke-stoffen","17":"pa_geschikt-voor-anti-roos","18":"pa_geschikt-voor-beschadigd-haar","19":"pa_geschikt-voor-droog-haar","20":"pa_geschikt-voor-geirriteerde-hoofdhuid","21":"pa_geschikt-voor-gespleten-haarpunten","22":"pa_geschikt-voor-gevoelige-hoofdhuid","23":"pa_geschikt-voor-schilfers","24":"pa_inhoud-125g","25":"pa_merk-eliah-sahil","26":"pa_soort-product-haarverzorging","28":"first","29":"instock","30":"taxable","31":"shipping-taxable","32":"purchasable","33":"product-type-simple"},"exclude_global_add_ons":[],"addons":[],"acf":[],"_links":{"self":[{"href":"https:\/\/www.denatuurlijkekappershop.nl\/fr\/wp-json\/wp\/v2\/product\/11324","targetHints":{"allow":["GET"]}}],"collection":[{"href":"https:\/\/www.denatuurlijkekappershop.nl\/fr\/wp-json\/wp\/v2\/product"}],"about":[{"href":"https:\/\/www.denatuurlijkekappershop.nl\/fr\/wp-json\/wp\/v2\/types\/product"}],"replies":[{"embeddable":true,"href":"https:\/\/www.denatuurlijkekappershop.nl\/fr\/wp-json\/wp\/v2\/comments?post=11324"}],"wp:featuredmedia":[{"embeddable":true,"href":"https:\/\/www.denatuurlijkekappershop.nl\/fr\/wp-json\/wp\/v2\/media\/15448"}],"wp:attachment":[{"href":"https:\/\/www.denatuurlijkekappershop.nl\/fr\/wp-json\/wp\/v2\/media?parent=11324"}],"wp:term":[{"taxonomy":"product_brand","embeddable":true,"href":"https:\/\/www.denatuurlijkekappershop.nl\/fr\/wp-json\/wp\/v2\/product_brand?post=11324"},{"taxonomy":"product_cat","embeddable":true,"href":"https:\/\/www.denatuurlijkekappershop.nl\/fr\/wp-json\/wp\/v2\/product_cat?post=11324"},{"taxonomy":"product_tag","embeddable":true,"href":"https:\/\/www.denatuurlijkekappershop.nl\/fr\/wp-json\/wp\/v2\/product_tag?post=11324"}],"curies":[{"name":"wp","href":"https:\/\/api.w.org\/{rel}","templated":true}]}}