{"id":11319,"date":"2022-09-24T11:45:08","date_gmt":"2022-09-24T09:45:08","guid":{"rendered":"https:\/\/denatuurlijkekapper.nl\/?post_type=product&#038;p=11319"},"modified":"2026-03-10T11:24:50","modified_gmt":"2026-03-10T10:24:50","slug":"shampoing-en-poudre-bio-amla-100g","status":"publish","type":"product","link":"https:\/\/www.denatuurlijkekappershop.nl\/fr\/biologische-poedershampoo-amla-100g\/","title":{"rendered":"Shampoing poudre bio Amla 100g"},"content":{"rendered":"<p><strong>Shampoing en poudre bio Amla<\/strong> est un shampooing naturel en poudre qui nettoie les cheveux en douceur. La formule est sp\u00e9cialement con\u00e7ue pour les cheveux normaux, fins et facilement gras et peut aider les cheveux \u00e0 se sentir l\u00e9gers, frais et soign\u00e9s.<\/p>\n<p>Ce shampooing en poudre contient une combinaison de plantes ayurv\u00e9diques telles que l'amla, le shikakai et la noix de cire. Ces plantes sont traditionnellement utilis\u00e9es dans les soins capillaires naturels pour leurs propri\u00e9t\u00e9s nettoyantes douces.<\/p>\n<p>L'ajout d'argile naturelle et d'aloe vera favorise la fra\u00eecheur du cuir chevelu et aide \u00e0 \u00e9liminer les impuret\u00e9s en douceur. Les cheveux peuvent sembler plus brillants et plus faciles \u00e0 coiffer apr\u00e8s l'utilisation.<\/p>\n<p>Comme il s'agit d'un shampooing en poudre, le produit est \u00e9conomique \u00e0 utiliser et facile \u00e0 doser. En m\u00eame temps, il s'agit d'une alternative \u00e9cologique aux shampooings liquides, car un paquet contient plusieurs lavages et peut remplacer les bouteilles en plastique.<\/p>\n<p><strong>Caract\u00e9ristiques principales :<\/strong><\/p>\n<ul>\n<li>Shampooing en poudre biologique aux plantes ayurv\u00e9diques<\/li>\n<li>Convient aux cheveux normaux, fins et gras<\/li>\n<li>Avec de l'amla, du shikakai et de la noix de cire<\/li>\n<li>Aide \u00e0 laisser une sensation de l\u00e9g\u00e8ret\u00e9 et de fra\u00eecheur dans les cheveux<\/li>\n<li>Donne aux cheveux une brillance naturelle<\/li>\n<li>Sans sulfates, silicones ni conservateurs synth\u00e9tiques<\/li>\n<li>Environ 30 applications par paquet<\/li>\n<li>Alternative durable au shampooing liquide<\/li>\n<li>Emballage recyclable<\/li>\n<\/ul>","protected":false},"excerpt":{"rendered":"<p>Brillance et volume pour les cheveux normaux, fins et gras<\/p>","protected":false},"featured_media":15453,"comment_status":"closed","ping_status":"closed","template":"","meta":{"_acf_changed":false,"_joinchat":[]},"product_brand":[605],"product_cat":[415,395,198,416],"product_tag":[],"class_list":{"0":"post-11319","1":"product","2":"type-product","3":"status-publish","4":"has-post-thumbnail","6":"product_brand-eliah-sahil","7":"product_cat-haarverzorging","8":"product_cat-eliah-sahil","9":"product_cat-merken","10":"product_cat-shampoo","11":"pa_certificering-100-recyclebare-verpakking","12":"pa_certificering-biologisch","13":"pa_certificering-dierproefvrij","14":"pa_certificering-vegan","15":"pa_certificering-vrij-van-schadelijke-stoffen","16":"pa_geschikt-voor-fijn-dun-haar","17":"pa_geschikt-voor-normaal-haar","18":"pa_geschikt-voor-vet-haar-hoofdhuid","19":"pa_inhoud-100g","20":"pa_merk-eliah-sahil","21":"pa_soort-product-shampoo","23":"first","24":"instock","25":"taxable","26":"shipping-taxable","27":"purchasable","28":"product-type-simple"},"exclude_global_add_ons":[],"addons":[],"acf":[],"_links":{"self":[{"href":"https:\/\/www.denatuurlijkekappershop.nl\/fr\/wp-json\/wp\/v2\/product\/11319","targetHints":{"allow":["GET"]}}],"collection":[{"href":"https:\/\/www.denatuurlijkekappershop.nl\/fr\/wp-json\/wp\/v2\/product"}],"about":[{"href":"https:\/\/www.denatuurlijkekappershop.nl\/fr\/wp-json\/wp\/v2\/types\/product"}],"replies":[{"embeddable":true,"href":"https:\/\/www.denatuurlijkekappershop.nl\/fr\/wp-json\/wp\/v2\/comments?post=11319"}],"wp:featuredmedia":[{"embeddable":true,"href":"https:\/\/www.denatuurlijkekappershop.nl\/fr\/wp-json\/wp\/v2\/media\/15453"}],"wp:attachment":[{"href":"https:\/\/www.denatuurlijkekappershop.nl\/fr\/wp-json\/wp\/v2\/media?parent=11319"}],"wp:term":[{"taxonomy":"product_brand","embeddable":true,"href":"https:\/\/www.denatuurlijkekappershop.nl\/fr\/wp-json\/wp\/v2\/product_brand?post=11319"},{"taxonomy":"product_cat","embeddable":true,"href":"https:\/\/www.denatuurlijkekappershop.nl\/fr\/wp-json\/wp\/v2\/product_cat?post=11319"},{"taxonomy":"product_tag","embeddable":true,"href":"https:\/\/www.denatuurlijkekappershop.nl\/fr\/wp-json\/wp\/v2\/product_tag?post=11319"}],"curies":[{"name":"wp","href":"https:\/\/api.w.org\/{rel}","templated":true}]}}