{"id":11090,"date":"2022-03-22T10:59:33","date_gmt":"2022-03-22T09:59:33","guid":{"rendered":"https:\/\/denatuurlijkekapper.nl\/?post_type=product&#038;p=11090"},"modified":"2026-04-19T09:04:24","modified_gmt":"2026-04-19T07:04:24","slug":"creme-coiffante-bio-100ml","status":"publish","type":"product","link":"https:\/\/www.denatuurlijkekappershop.nl\/fr\/bio-hair-styling-creme-100ml\/","title":{"rendered":"Cr\u00e8me coiffante bio 100ml"},"content":{"rendered":"<h2>Cr\u00e8me coiffante Bio 100ml<\/h2>\n<p><strong>Cr\u00e8me coiffante bio<\/strong> est une cr\u00e8me coiffante naturelle qui donne aux cheveux une texture douce et une grande souplesse de coiffage. Sa formule associe des ingr\u00e9dients bienfaisants tels que le miel, la cire d'abeille et des extraits botaniques \u00e0 une s\u00e9lection d'huiles essentielles.<\/p>\n<p>Sa texture l\u00e9g\u00e8re aide \u00e0 modeler les cheveux sans les alourdir. En m\u00eame temps, la cr\u00e8me peut donner aux cheveux une sensation de souplesse et de soin. Le produit convient donc parfaitement pour cr\u00e9er des coiffures naturelles et souples.<\/p>\n<p>La combinaison d'huiles d'agrumes, d'extraits d'herbes et de plantes ayurv\u00e9diques conf\u00e8re \u00e0 la cr\u00e8me un parfum frais et \u00e9pic\u00e9 et fait du coiffage des cheveux une routine agr\u00e9able.<\/p>\n<h3>Pourquoi choisir cette cr\u00e8me coiffante ?<\/h3>\n<ul>\n<li>Donne aux cheveux une structure souple et une tenue l\u00e9g\u00e8re<\/li>\n<li>Aide \u00e0 modeler les cheveux en douceur et de mani\u00e8re naturelle<\/li>\n<li>N'alourdit pas les cheveux<\/li>\n<li>Avec du miel, de la cire d'abeille et des extraits botaniques<\/li>\n<li>Parfum frais d'agrumes et d'\u00e9pices<\/li>\n<li>Convient \u00e0 un usage quotidien<\/li>\n<\/ul>\n<h3>Utilisation<\/h3>\n<ol>\n<li>Prenez une petite quantit\u00e9 de cr\u00e8me coiffante dans la paume de votre main.<\/li>\n<li>Frotter la cr\u00e8me entre les doigts pour la r\u00e9chauffer l\u00e9g\u00e8rement.<\/li>\n<li>R\u00e9partir uniform\u00e9ment sur les cheveux secs.<\/li>\n<li>Coiffez les cheveux comme vous le souhaitez.<\/li>\n<li>Si n\u00e9cessaire, une petite quantit\u00e9 peut \u00eatre r\u00e9appliqu\u00e9e.<\/li>\n<\/ol>","protected":false},"excerpt":{"rendered":"<p>Notre cr\u00e8me coiffante 100% BIO donne une texture douce aux cheveux. Formul\u00e9e \u00e0 base de miel, de cire d'abeille, de plantes ayurv\u00e9diques et enrichie en huiles essentielles d'orange douce, de mandarine, de citron vert, de bergamote, de thym rouge, de romarin, de c\u00e8dre de l'Atlas, de patchouli, de marjolaine et d'origan. La cr\u00e8me coiffante Styling Wax structure et hydrate la fibre capillaire, sans l'alourdir, pour des cheveux sains.<\/p>","protected":false},"featured_media":15210,"comment_status":"closed","ping_status":"closed","template":"","meta":{"_acf_changed":false,"_joinchat":[]},"product_brand":[604],"product_cat":[198,390,430,112],"product_tag":[],"class_list":{"0":"post-11090","1":"product","2":"type-product","3":"status-publish","4":"has-post-thumbnail","6":"product_brand-bio-hair","7":"product_cat-merken","8":"product_cat-bio-hair","9":"product_cat-styling","10":"product_cat-stylingold","11":"pa_certificering-biologisch","12":"pa_certificering-dierproefvrij","13":"pa_certificering-vegan","14":"pa_certificering-vrij-van-schadelijke-stoffen","15":"pa_inhoud-100ml","16":"pa_merk-bio-hair","17":"pa_soort-product-styling","19":"first","20":"instock","21":"taxable","22":"shipping-taxable","23":"purchasable","24":"product-type-simple"},"exclude_global_add_ons":[],"addons":[],"acf":[],"_links":{"self":[{"href":"https:\/\/www.denatuurlijkekappershop.nl\/fr\/wp-json\/wp\/v2\/product\/11090","targetHints":{"allow":["GET"]}}],"collection":[{"href":"https:\/\/www.denatuurlijkekappershop.nl\/fr\/wp-json\/wp\/v2\/product"}],"about":[{"href":"https:\/\/www.denatuurlijkekappershop.nl\/fr\/wp-json\/wp\/v2\/types\/product"}],"replies":[{"embeddable":true,"href":"https:\/\/www.denatuurlijkekappershop.nl\/fr\/wp-json\/wp\/v2\/comments?post=11090"}],"wp:featuredmedia":[{"embeddable":true,"href":"https:\/\/www.denatuurlijkekappershop.nl\/fr\/wp-json\/wp\/v2\/media\/15210"}],"wp:attachment":[{"href":"https:\/\/www.denatuurlijkekappershop.nl\/fr\/wp-json\/wp\/v2\/media?parent=11090"}],"wp:term":[{"taxonomy":"product_brand","embeddable":true,"href":"https:\/\/www.denatuurlijkekappershop.nl\/fr\/wp-json\/wp\/v2\/product_brand?post=11090"},{"taxonomy":"product_cat","embeddable":true,"href":"https:\/\/www.denatuurlijkekappershop.nl\/fr\/wp-json\/wp\/v2\/product_cat?post=11090"},{"taxonomy":"product_tag","embeddable":true,"href":"https:\/\/www.denatuurlijkekappershop.nl\/fr\/wp-json\/wp\/v2\/product_tag?post=11090"}],"curies":[{"name":"wp","href":"https:\/\/api.w.org\/{rel}","templated":true}]}}