{"id":11078,"date":"2022-03-17T17:29:06","date_gmt":"2022-03-17T16:29:06","guid":{"rendered":"https:\/\/denatuurlijkekapper.nl\/?post_type=product&#038;p=11078"},"modified":"2026-04-09T18:03:14","modified_gmt":"2026-04-09T16:03:14","slug":"odylique-apres-shampooing-hydratant-lavande-argousier-200ml","status":"publish","type":"product","link":"https:\/\/www.denatuurlijkekappershop.nl\/fr\/odylique-conditioner-moisturing-lavender-duindoorn-200ml\/","title":{"rendered":"Odylique conditionneur - hydratant - lavande et argousier 200ml"},"content":{"rendered":"<h2>Odylique Conditionneur - Hydratant Lavande et Argousier 200ml<\/h2>\n<p><strong>Odylique Moisturising Conditioner Lavender &amp; Sea Buckthorn<\/strong> est un apr\u00e8s-shampooing biologique l\u00e9ger qui conditionne les cheveux et les rend souples et faciles \u00e0 coiffer. La formule convient aux cheveux secs, ab\u00eem\u00e9s ou color\u00e9s et peut \u00e9galement \u00eatre agr\u00e9able pour un cuir chevelu sec ou sensible.<\/p>\n<p>Cet apr\u00e8s-shampooing polyvalent peut \u00eatre utilis\u00e9 de plusieurs mani\u00e8res : comme apr\u00e8s-shampooing quotidien, comme d\u00e9m\u00ealant ou comme traitement capillaire intensif. Sa formule revitalisante \u00e0 base d'huiles et d'extraits v\u00e9g\u00e9taux laisse les cheveux doux et lisses sans les alourdir.<\/p>\n<p>L'apr\u00e8s-shampoing contient de l'aloe vera biologique, de l'huile d'avocat, de l'huile de coco, des esters de karit\u00e9 et de l'extrait d'argousier. Ces ingr\u00e9dients sont connus pour leurs propri\u00e9t\u00e9s revitalisantes et hydratantes. L'ajout de lavande biologique donne un parfum frais et naturel.<\/p>\n<p>La formule est enti\u00e8rement naturelle et exempte de silicones et de compos\u00e9s d'ammonium quaternaire (quats). En revanche, l'apr\u00e8s-shampooing contient des acides amin\u00e9s d'origine v\u00e9g\u00e9tale et un extrait de chicor\u00e9e pr\u00e9biotique, entre autres ingr\u00e9dients. Ces ingr\u00e9dients contribuent \u00e0 l'\u00e9quilibre naturel des cheveux et du cuir chevelu.<\/p>\n<h3>Caract\u00e9ristiques principales<\/h3>\n<ul>\n<li>Apr\u00e8s-shampooing hydratant l\u00e9ger<\/li>\n<li>Aide \u00e0 rendre les cheveux doux et faciles \u00e0 coiffer<\/li>\n<li>Convient aux cheveux secs, ab\u00eem\u00e9s ou color\u00e9s<\/li>\n<li>Peut \u00e9galement \u00eatre utilis\u00e9 comme masque capillaire ou apr\u00e8s-shampoing entre les lavages.<\/li>\n<li>A l'aloe vera, \u00e0 l'huile d'avocat, \u00e0 l'huile de coco et \u00e0 l'argousier.<\/li>\n<li>Parfum naturel de lavande biologique<\/li>\n<li>Sans silicones ni quats<\/li>\n<li>Certifi\u00e9 biologique<\/li>\n<li>Convient aux cuirs chevelus sensibles<\/li>\n<\/ul>","protected":false},"excerpt":{"rendered":"<p>Apr\u00e8s-shampooing biologique multifonctionnel et l\u00e9ger qui r\u00e9pare, renforce et d\u00e9m\u00eale les cheveux secs, ab\u00eem\u00e9s ou color\u00e9s, hydrate le cuir chevelu sec et peut \u00e9galement \u00eatre utilis\u00e9 comme apr\u00e8s-shampooing nettoyant entre les lavages ou comme masque capillaire !<\/p>","protected":false},"featured_media":15323,"comment_status":"open","ping_status":"closed","template":"","meta":{"_acf_changed":false,"_joinchat":[]},"product_brand":[606],"product_cat":[415,417,198,389],"product_tag":[],"class_list":{"0":"post-11078","1":"product","2":"type-product","3":"status-publish","4":"has-post-thumbnail","6":"product_brand-odylique","7":"product_cat-haarverzorging","8":"product_cat-conditioner-en-masker","9":"product_cat-merken","10":"product_cat-odylique","11":"pa_certificering-100-recyclebare-verpakking","12":"pa_certificering-cruelty-free","13":"pa_certificering-soil-association-certified-cosmos-organic","14":"pa_geschikt-voor-beschadigd-haar","15":"pa_geschikt-voor-droog-haar","16":"pa_geschikt-voor-fijn-dun-haar","17":"pa_geschikt-voor-gevoelige-hoofdhuid","18":"pa_geschikt-voor-krullen","19":"pa_geschikt-voor-normaal-haar","20":"pa_inhoud-200ml","21":"pa_merk-odylique","22":"pa_soort-product-haarverzorging","24":"first","25":"onbackorder","26":"taxable","27":"shipping-taxable","28":"purchasable","29":"product-type-simple"},"exclude_global_add_ons":[],"addons":[],"acf":[],"_links":{"self":[{"href":"https:\/\/www.denatuurlijkekappershop.nl\/fr\/wp-json\/wp\/v2\/product\/11078","targetHints":{"allow":["GET"]}}],"collection":[{"href":"https:\/\/www.denatuurlijkekappershop.nl\/fr\/wp-json\/wp\/v2\/product"}],"about":[{"href":"https:\/\/www.denatuurlijkekappershop.nl\/fr\/wp-json\/wp\/v2\/types\/product"}],"replies":[{"embeddable":true,"href":"https:\/\/www.denatuurlijkekappershop.nl\/fr\/wp-json\/wp\/v2\/comments?post=11078"}],"wp:featuredmedia":[{"embeddable":true,"href":"https:\/\/www.denatuurlijkekappershop.nl\/fr\/wp-json\/wp\/v2\/media\/15323"}],"wp:attachment":[{"href":"https:\/\/www.denatuurlijkekappershop.nl\/fr\/wp-json\/wp\/v2\/media?parent=11078"}],"wp:term":[{"taxonomy":"product_brand","embeddable":true,"href":"https:\/\/www.denatuurlijkekappershop.nl\/fr\/wp-json\/wp\/v2\/product_brand?post=11078"},{"taxonomy":"product_cat","embeddable":true,"href":"https:\/\/www.denatuurlijkekappershop.nl\/fr\/wp-json\/wp\/v2\/product_cat?post=11078"},{"taxonomy":"product_tag","embeddable":true,"href":"https:\/\/www.denatuurlijkekappershop.nl\/fr\/wp-json\/wp\/v2\/product_tag?post=11078"}],"curies":[{"name":"wp","href":"https:\/\/api.w.org\/{rel}","templated":true}]}}