{"id":11073,"date":"2022-03-17T17:20:33","date_gmt":"2022-03-17T16:20:33","guid":{"rendered":"https:\/\/denatuurlijkekapper.nl\/?post_type=product&#038;p=11073"},"modified":"2026-04-24T14:34:49","modified_gmt":"2026-04-24T12:34:49","slug":"shampooing-odylique-a-larbre-a-the","status":"publish","type":"product","link":"https:\/\/www.denatuurlijkekappershop.nl\/fr\/odylique-tea-tree-herb-shampoo\/","title":{"rendered":"Shampooing Odylique \u00e0 l'arbre \u00e0 th\u00e9 et aux herbes"},"content":{"rendered":"<h2>Shampooing Odylique Tea Tree &amp; Herbs<\/h2>\n<p>Le <strong>Shampooing Odylique Tea Tree &amp; Herbs<\/strong> est un shampooing naturel certifi\u00e9 biologique qui nettoie en douceur les cheveux et le cuir chevelu. La formule contient des ingr\u00e9dients v\u00e9g\u00e9taux soigneusement s\u00e9lectionn\u00e9s tels que l'huile de noix de coco, l'aloe vera et des extraits de plantes.<\/p>\n<p>Le shampooing contient notamment de l'ortie, de la pr\u00eale et du romarin. Connus pour leurs propri\u00e9t\u00e9s soignantes, ces extraits de plantes contribuent \u00e0 rendre les cheveux frais, a\u00e9r\u00e9s et naturellement brillants.<\/p>\n<p>L'huile d'arbre \u00e0 th\u00e9 biologique conf\u00e8re au shampooing un parfum frais et contribue \u00e0 maintenir le cuir chevelu propre et confortable. Ce shampooing convient donc \u00e0 diff\u00e9rents types de cheveux, y compris les cheveux qui deviennent facilement gras ou dont le cuir chevelu peut r\u00e9agir de mani\u00e8re sensible.<\/p>\n<p>La base lavante douce est constitu\u00e9e de noix de coco et de sucre de ma\u00efs. Le shampooing nettoie donc les cheveux sans sulfates agressifs et sans perturber l'\u00e9quilibre naturel des cheveux et du cuir chevelu.<\/p>\n<h3>Ingr\u00e9dients actifs<\/h3>\n<ul>\n<li>Huile d'arbre \u00e0 th\u00e9 pour un soin frais et purifiant<\/li>\n<li>Aloe vera pour l'hydratation et le soin<\/li>\n<li>L'huile de coco pour des cheveux doux et souples<\/li>\n<li>Extraits v\u00e9g\u00e9taux d'ortie, de pr\u00eale et de romarin<\/li>\n<\/ul>\n<h3>Propri\u00e9t\u00e9s<\/h3>\n<ul>\n<li>100% origine naturelle<\/li>\n<li>A propos de 70% ingr\u00e9dients certifi\u00e9s biologiques<\/li>\n<li>Sans sulfate, sans silicone et sans parfum de synth\u00e8se<\/li>\n<li>Nettoyage en douceur des cheveux et du cuir chevelu<\/li>\n<li>Formule au pH \u00e9quilibr\u00e9<\/li>\n<li>Vegan et sans animaux<\/li>\n<li>Emball\u00e9 dans une bouteille partiellement recycl\u00e9e<\/li>\n<\/ul>","protected":false},"excerpt":{"rendered":"<p><strong>Shampooing bio sans sulfate<\/strong> \u00e0 l'arbre \u00e0 th\u00e9 et aux herbes qui nettoie en douceur les cheveux et aide \u00e0 maintenir le cuir chevelu frais et \u00e9quilibr\u00e9. La formule \u00e0 base d'huile de noix de coco, d'ortie et de romarin laisse les cheveux doux, a\u00e9r\u00e9s et brillants. De nombreux utilisateurs trouvent qu'un apr\u00e8s-shampoing s\u00e9par\u00e9 n'est souvent pas n\u00e9cessaire.<\/p>","protected":false},"featured_media":15173,"comment_status":"open","ping_status":"closed","template":"","meta":{"_acf_changed":false,"_joinchat":[]},"product_brand":[606],"product_cat":[415,198,389,416],"product_tag":[560,562],"class_list":{"0":"post-11073","1":"product","2":"type-product","3":"status-publish","4":"has-post-thumbnail","6":"product_brand-odylique","7":"product_cat-haarverzorging","8":"product_cat-merken","9":"product_cat-odylique","10":"product_cat-shampoo","11":"product_tag-anti-roos","12":"product_tag-gevoeligehoofdhuid","13":"pa_certificering-100-recyclebare-verpakking","14":"pa_certificering-cruelty-free","15":"pa_certificering-soil-association-certified-cosmos-organic","16":"pa_geschikt-voor-anti-roos","17":"pa_geschikt-voor-gevoelige-hoofdhuid","18":"pa_geschikt-voor-gevoelige-of-droge-huid","19":"pa_geschikt-voor-normaal-haar","20":"pa_geschikt-voor-schilferige-hoofdhuid","21":"pa_geschikt-voor-vet-haar-hoofdhuid","22":"pa_inhoud-200ml","23":"pa_inhoud-500ml","24":"pa_merk-odylique","25":"pa_soort-product-shampoo","27":"first","28":"instock","29":"taxable","30":"shipping-taxable","31":"purchasable","32":"product-type-variable"},"exclude_global_add_ons":[],"addons":[],"acf":[],"_links":{"self":[{"href":"https:\/\/www.denatuurlijkekappershop.nl\/fr\/wp-json\/wp\/v2\/product\/11073","targetHints":{"allow":["GET"]}}],"collection":[{"href":"https:\/\/www.denatuurlijkekappershop.nl\/fr\/wp-json\/wp\/v2\/product"}],"about":[{"href":"https:\/\/www.denatuurlijkekappershop.nl\/fr\/wp-json\/wp\/v2\/types\/product"}],"replies":[{"embeddable":true,"href":"https:\/\/www.denatuurlijkekappershop.nl\/fr\/wp-json\/wp\/v2\/comments?post=11073"}],"wp:featuredmedia":[{"embeddable":true,"href":"https:\/\/www.denatuurlijkekappershop.nl\/fr\/wp-json\/wp\/v2\/media\/15173"}],"wp:attachment":[{"href":"https:\/\/www.denatuurlijkekappershop.nl\/fr\/wp-json\/wp\/v2\/media?parent=11073"}],"wp:term":[{"taxonomy":"product_brand","embeddable":true,"href":"https:\/\/www.denatuurlijkekappershop.nl\/fr\/wp-json\/wp\/v2\/product_brand?post=11073"},{"taxonomy":"product_cat","embeddable":true,"href":"https:\/\/www.denatuurlijkekappershop.nl\/fr\/wp-json\/wp\/v2\/product_cat?post=11073"},{"taxonomy":"product_tag","embeddable":true,"href":"https:\/\/www.denatuurlijkekappershop.nl\/fr\/wp-json\/wp\/v2\/product_tag?post=11073"}],"curies":[{"name":"wp","href":"https:\/\/api.w.org\/{rel}","templated":true}]}}