{"id":11068,"date":"2022-03-17T16:54:09","date_gmt":"2022-03-17T15:54:09","guid":{"rendered":"https:\/\/denatuurlijkekapper.nl\/?post_type=product&#038;p=11068"},"modified":"2026-03-19T09:17:58","modified_gmt":"2026-03-19T08:17:58","slug":"odylique-baume-ultra-riche-50g","status":"publish","type":"product","link":"https:\/\/www.denatuurlijkekappershop.nl\/fr\/odylique-ultra-rich-balm-50g\/","title":{"rendered":"Odylique baume ultra riche 50g"},"content":{"rendered":"<p><em>\u201cBaume fantastique. Mon mari a souffert de dermatite atopique toute sa vie. Avec ce baume, sa peau est plus douce que je ne l'ai jamais connue et il n'irrite pas sa peau comme le font de nombreuses cr\u00e8mes prescrites.\u201d<\/em><br \/><strong>Sarah, cliente d'Odylique<\/strong><\/p>\n<p>Le <strong>Baume ultra riche d'Odylique<\/strong> est un baume intens\u00e9ment nourrissant pour les peaux tr\u00e8s s\u00e8ches, sensibles ou facilement irrit\u00e9es. Ce baume riche aide \u00e0 soutenir la barri\u00e8re naturelle de la peau et prot\u00e8ge contre les influences ext\u00e9rieures dess\u00e9chantes telles que le froid, le vent et l'air sec.<\/p>\n<p>La formule est enti\u00e8rement naturelle et biologique et se compose d'huile d'olive extra vierge, de beurre de karit\u00e9 brut, d'huile de noix de coco, de cire d'abeille et d'extrait d'argousier. Cette combinaison nourrit intens\u00e9ment la peau, aide \u00e0 retenir l'humidit\u00e9 et laisse la peau douce et confortable sans obstruer les pores.<\/p>\n<p>Polyvalent, le baume peut \u00eatre utilis\u00e9 g\u00e9n\u00e9reusement sur le corps et parcimonieusement sur le visage. Il est \u00e9galement id\u00e9al pour les pointes de cheveux s\u00e8ches, les zones rugueuses, les talons crevass\u00e9s et comme baume protecteur lors de la pratique d'un sport ou par temps froid.<\/p>\n<p><strong>En outre, ce baume riche est excellent pour une utilisation comme :<\/strong><\/p>\n<ul>\n<li>Soin intensif pour les pointes des cheveux secs<\/li>\n<li>Soin des talons crevass\u00e9s et des zones rugueuses<\/li>\n<li>Baume anti-abrasion pour le sport, la randonn\u00e9e ou les fortes chaleurs<\/li>\n<li>Soins pour les peaux irrit\u00e9es ou rugueuses<\/li>\n<\/ul>\n<p><strong>Ingr\u00e9dients actifs :<\/strong><\/p>\n<ul>\n<li>Beurre de karit\u00e9 brut, huile de coco et huile d'olive extra vierge, riches en vitamines et en acides gras hydratants.<\/li>\n<li>L'argousier, riche en om\u00e9ga 7 et soignant pour la peau<\/li>\n<li>Cire d'abeille pour une couche protectrice naturelle et la r\u00e9tention de l'humidit\u00e9<\/li>\n<\/ul>\n<p><strong>Caract\u00e9ristiques :<\/strong><\/p>\n<ul>\n<li>100% naturel et 100% biologique<\/li>\n<li>Certifi\u00e9 par la Soil Association<\/li>\n<li>Convient aux peaux s\u00e8ches et sensibles<\/li>\n<li>Soutient la barri\u00e8re naturelle de la peau<\/li>\n<li>Prot\u00e8ge contre le froid, le vent et la d\u00e9shydratation<\/li>\n<li>Multifonctionnel pour la peau et les cheveux<\/li>\n<li>Emball\u00e9s dans des pots recyclables, fabriqu\u00e9s au Royaume-Uni<\/li>\n<li>Les pots contiennent des mat\u00e9riaux recycl\u00e9s 30%<\/li>\n<\/ul>","protected":false},"excerpt":{"rendered":"<p>Baume apaisant 100% bio qui hydrate intens\u00e9ment, r\u00e9g\u00e9n\u00e8re et prot\u00e8ge votre peau et vos pointes de cheveux des agressions ext\u00e9rieures, avec des huiles brutes de karit\u00e9, de coco et d'olive extra vierge, d'argousier et de cire d'abeille ultra-nourrissantes et vitamin\u00e9es.<\/p>","protected":false},"featured_media":15329,"comment_status":"closed","ping_status":"closed","template":"","meta":{"_acf_changed":false,"_joinchat":[]},"product_brand":[606],"product_cat":[415,417,423,424,198,389],"product_tag":[],"class_list":{"0":"post-11068","1":"product","2":"type-product","3":"status-publish","4":"has-post-thumbnail","6":"product_brand-odylique","7":"product_cat-haarverzorging","8":"product_cat-conditioner-en-masker","9":"product_cat-gezicht","10":"product_cat-lichaam","11":"product_cat-merken","12":"product_cat-odylique","13":"pa_certificering-100-recyclebare-verpakking","14":"pa_certificering-cruelty-free","15":"pa_certificering-soil-association-certified-cosmos-organic","16":"pa_geschikt-voor-droge-huid","17":"pa_geschikt-voor-geirriteerde-huid","18":"pa_geschikt-voor-gevoelige-babyhuid","19":"pa_geschikt-voor-gevoelige-huid","20":"pa_geschikt-voor-handen","21":"pa_geschikt-voor-lippenbalsem","22":"pa_geschikt-voor-zeer-droge-huid","23":"pa_inhoud-50g","24":"pa_merk-odylique","25":"pa_soort-product-haar-huid-herstel","27":"first","28":"instock","29":"taxable","30":"shipping-taxable","31":"purchasable","32":"product-type-simple"},"exclude_global_add_ons":[],"addons":[],"acf":[],"_links":{"self":[{"href":"https:\/\/www.denatuurlijkekappershop.nl\/fr\/wp-json\/wp\/v2\/product\/11068","targetHints":{"allow":["GET"]}}],"collection":[{"href":"https:\/\/www.denatuurlijkekappershop.nl\/fr\/wp-json\/wp\/v2\/product"}],"about":[{"href":"https:\/\/www.denatuurlijkekappershop.nl\/fr\/wp-json\/wp\/v2\/types\/product"}],"replies":[{"embeddable":true,"href":"https:\/\/www.denatuurlijkekappershop.nl\/fr\/wp-json\/wp\/v2\/comments?post=11068"}],"wp:featuredmedia":[{"embeddable":true,"href":"https:\/\/www.denatuurlijkekappershop.nl\/fr\/wp-json\/wp\/v2\/media\/15329"}],"wp:attachment":[{"href":"https:\/\/www.denatuurlijkekappershop.nl\/fr\/wp-json\/wp\/v2\/media?parent=11068"}],"wp:term":[{"taxonomy":"product_brand","embeddable":true,"href":"https:\/\/www.denatuurlijkekappershop.nl\/fr\/wp-json\/wp\/v2\/product_brand?post=11068"},{"taxonomy":"product_cat","embeddable":true,"href":"https:\/\/www.denatuurlijkekappershop.nl\/fr\/wp-json\/wp\/v2\/product_cat?post=11068"},{"taxonomy":"product_tag","embeddable":true,"href":"https:\/\/www.denatuurlijkekappershop.nl\/fr\/wp-json\/wp\/v2\/product_tag?post=11068"}],"curies":[{"name":"wp","href":"https:\/\/api.w.org\/{rel}","templated":true}]}}