{"id":10883,"date":"2021-05-10T11:33:31","date_gmt":"2021-05-10T09:33:31","guid":{"rendered":"https:\/\/denatuurlijkekapper.nl\/?post_type=product&#038;p=10883"},"modified":"2026-03-10T11:52:57","modified_gmt":"2026-03-10T10:52:57","slug":"terre-de-couleur-rythme-blue-mask-320gr","status":"publish","type":"product","link":"https:\/\/www.denatuurlijkekappershop.nl\/fr\/terre-de-couleur-rythme-blue-masker-320gr\/","title":{"rendered":"Terre de Couleur rythme masque bleu 320gr"},"content":{"rendered":"<h2>Terre de Couleur Rythme Blue Mask 320g<\/h2>\n<p>Le <strong>Terre de Couleur Rythme Blue Mask<\/strong> est un masque capillaire revitalisant intensif sp\u00e9cialement con\u00e7u pour les cheveux qui ont besoin d'un soutien suppl\u00e9mentaire, par exemple apr\u00e8s des traitements chimiques tels que la coloration, la d\u00e9coloration ou les m\u00e8ches.<\/p>\n<p>La formule contient plusieurs types d'argiles naturelles telles que le kaolin et la montmorillonite. Connues pour leurs propri\u00e9t\u00e9s purifiantes, ces argiles permettent d'\u00e9liminer l'exc\u00e8s d'impuret\u00e9s des cheveux et du cuir chevelu sans dess\u00e9cher les cheveux.<\/p>\n<p>Les huiles v\u00e9g\u00e9tales telles que l'huile de jojoba et l'huile d'amande douce contribuent \u00e0 un effet revitalisant et adoucissant. Elles contribuent \u00e0 la souplesse et \u00e0 la brillance des cheveux et soutiennent leur structure naturelle.<\/p>\n<p>En outre, le masque contient des sels min\u00e9raux tels que le calcium, le magn\u00e9sium et le potassium. Ces min\u00e9raux contribuent au soin des cheveux et du cuir chevelu et aident les cheveux \u00e0 se sentir plus forts et plus vitaux.<\/p>\n<p>Les huiles essentielles de lavande et de baies de geni\u00e8vre conf\u00e8rent au masque un parfum frais et naturel et rendent le soin encore plus agr\u00e9able.<\/p>\n<p><strong>Caract\u00e9ristiques principales :<\/strong><\/p>\n<ul>\n<li>Masque capillaire revitalisant intensif<\/li>\n<li>Avec des argiles naturelles et des sels min\u00e9raux<\/li>\n<li>Aide \u00e0 nourrir et \u00e0 renforcer les cheveux<\/li>\n<li>Convient aux cheveux qui ont besoin d'un soin particulier<\/li>\n<li>Favorise l'\u00e9clat et la vitalit\u00e9<\/li>\n<li>Sans parab\u00e8nes, sulfates et silicones<\/li>\n<li>Vegan et sans animaux<\/li>\n<li>Contenu : 320 grammes<\/li>\n<\/ul>","protected":false},"excerpt":{"rendered":"<p><strong>Terre de Couleur Rythme Blue Mask 320g<\/strong> est un masque \u00e0 l'argile revitalisant pour les cheveux qui aide \u00e0 nourrir et \u00e0 renforcer les cheveux ab\u00eem\u00e9s et affaiblis. La formule \u00e0 base d'argiles naturelles, d'huiles v\u00e9g\u00e9tales et de sels min\u00e9raux favorise l'aspect sain des cheveux.<\/p>","protected":false},"featured_media":15465,"comment_status":"open","ping_status":"closed","template":"","meta":{"_acf_changed":false,"_joinchat":[]},"product_brand":[610],"product_cat":[415,418,198,372],"product_tag":[],"class_list":{"0":"post-10883","1":"product","2":"type-product","3":"status-publish","4":"has-post-thumbnail","6":"product_brand-terre-de-couleur","7":"product_cat-haarverzorging","8":"product_cat-detox","9":"product_cat-merken","10":"product_cat-terre-de-couleur","11":"pa_certificering-100-natuurlijk","12":"pa_certificering-dierproefvrij","13":"pa_certificering-vegan","14":"pa_geschikt-voor-futloos-en-slap-haar","15":"pa_geschikt-voor-geirriteerde-hoofdhuid","16":"pa_geschikt-voor-gekleurd-haar","17":"pa_geschikt-voor-verzorgend-herstellend","18":"pa_geschikt-voor-vet-haar-hoofdhuid","19":"pa_inhoud-320ml","20":"pa_merk-terre-de-couleur","21":"pa_soort-product-haar-huid-herstel","22":"pa_soort-product-haarverzorging","24":"first","25":"instock","26":"taxable","27":"shipping-taxable","28":"purchasable","29":"product-type-simple"},"exclude_global_add_ons":[],"addons":[],"acf":[],"_links":{"self":[{"href":"https:\/\/www.denatuurlijkekappershop.nl\/fr\/wp-json\/wp\/v2\/product\/10883","targetHints":{"allow":["GET"]}}],"collection":[{"href":"https:\/\/www.denatuurlijkekappershop.nl\/fr\/wp-json\/wp\/v2\/product"}],"about":[{"href":"https:\/\/www.denatuurlijkekappershop.nl\/fr\/wp-json\/wp\/v2\/types\/product"}],"replies":[{"embeddable":true,"href":"https:\/\/www.denatuurlijkekappershop.nl\/fr\/wp-json\/wp\/v2\/comments?post=10883"}],"wp:featuredmedia":[{"embeddable":true,"href":"https:\/\/www.denatuurlijkekappershop.nl\/fr\/wp-json\/wp\/v2\/media\/15465"}],"wp:attachment":[{"href":"https:\/\/www.denatuurlijkekappershop.nl\/fr\/wp-json\/wp\/v2\/media?parent=10883"}],"wp:term":[{"taxonomy":"product_brand","embeddable":true,"href":"https:\/\/www.denatuurlijkekappershop.nl\/fr\/wp-json\/wp\/v2\/product_brand?post=10883"},{"taxonomy":"product_cat","embeddable":true,"href":"https:\/\/www.denatuurlijkekappershop.nl\/fr\/wp-json\/wp\/v2\/product_cat?post=10883"},{"taxonomy":"product_tag","embeddable":true,"href":"https:\/\/www.denatuurlijkekappershop.nl\/fr\/wp-json\/wp\/v2\/product_tag?post=10883"}],"curies":[{"name":"wp","href":"https:\/\/api.w.org\/{rel}","templated":true}]}}