{"id":10861,"date":"2021-05-10T11:33:41","date_gmt":"2021-05-10T09:33:41","guid":{"rendered":"https:\/\/denatuurlijkekapper.nl\/?post_type=product&#038;p=10861"},"modified":"2026-03-19T12:58:38","modified_gmt":"2026-03-19T11:58:38","slug":"chromalya-volume-mousse-150ml","status":"publish","type":"product","link":"https:\/\/www.denatuurlijkekappershop.nl\/fr\/chromalya-volume-mousse-150ml\/","title":{"rendered":"Chromalya mousse volume 150ml"},"content":{"rendered":"<h2>Chromalya Mousse Volume 150ml<\/h2>\n<p>Le <strong>Mousse Volume Chromalya<\/strong> est une mousse coiffante l\u00e9g\u00e8re qui donne du volume et de la structure aux cheveux sans les alourdir. Lors du s\u00e9chage au s\u00e8che-cheveux, la mousse donne aux cheveux un aspect plus volumineux et plus a\u00e9r\u00e9, tout en laissant une sensation de douceur et de souplesse.<\/p>\n<p>La formule comprend de l'aloe vera, des sucres v\u00e9g\u00e9taux et des prot\u00e9ines de bl\u00e9 hydrolys\u00e9es. Ces ingr\u00e9dients contribuent \u00e0 hydrater, \u00e0 revitaliser et \u00e0 donner aux cheveux une brillance naturelle.<\/p>\n<p>La mousse forme un l\u00e9ger film autour des cheveux, am\u00e9liorant leur forme et les prot\u00e9geant des influences ext\u00e9rieures. Le produit convient donc \u00e0 diff\u00e9rentes techniques de coiffage, telles que le s\u00e9chage au s\u00e8che-cheveux, le bouclage ou le coiffage naturel.<\/p>\n<p><strong>Ingr\u00e9dients actifs :<\/strong><\/p>\n<ul>\n<li><strong>Aloe vera<\/strong> aide \u00e0 hydrater et \u00e0 revitaliser les cheveux<\/li>\n<li><strong>B\u00e9ta\u00efne<\/strong> poss\u00e8de des propri\u00e9t\u00e9s hydratantes et antistatiques<\/li>\n<li><strong>Prot\u00e9ine de bl\u00e9<\/strong> aide \u00e0 prot\u00e9ger la fibre capillaire et rend les cheveux plus lisses<\/li>\n<li><strong>Sucres v\u00e9g\u00e9taux<\/strong> favorise une tenue l\u00e9g\u00e8re et aide \u00e0 retenir l'humidit\u00e9<\/li>\n<\/ul>\n<p><strong>Caract\u00e9ristiques :<\/strong><\/p>\n<ul>\n<li>Donne du volume sans alourdir les cheveux<\/li>\n<li>Donne de la brillance et une tenue naturelle<\/li>\n<li>Prise en charge du s\u00e9chage au s\u00e8che-cheveux<\/li>\n<li>Hydratation et adoucissement<\/li>\n<li>Convient \u00e0 diff\u00e9rents types de cheveux<\/li>\n<li>Sans parab\u00e8nes, sulfates et silicones<\/li>\n<li>Vegan et sans animaux<\/li>\n<\/ul>","protected":false},"excerpt":{"rendered":"<p><strong>Chromalya Mousse Volume 150ml<\/strong> donne du volume, de la brillance et une l\u00e9g\u00e8re tenue aux cheveux sans les alourdir. La mousse aide les cheveux \u00e0 \u00eatre plus volumineux lors du s\u00e9chage au s\u00e8che-cheveux et peut \u00e9galement \u00eatre utilis\u00e9e pour un coiffage naturel lorsque les cheveux s\u00e8chent \u00e0 l'air libre.<\/p>","protected":false},"featured_media":15170,"comment_status":"closed","ping_status":"closed","template":"","meta":{"_acf_changed":false,"_joinchat":[]},"product_brand":[608],"product_cat":[198,369,430,112],"product_tag":[],"class_list":{"0":"post-10861","1":"product","2":"type-product","3":"status-publish","4":"has-post-thumbnail","6":"product_brand-chromalya","7":"product_cat-merken","8":"product_cat-chromalya","9":"product_cat-styling","10":"product_cat-stylingold","11":"pa_certificering-dierproefvrij","12":"pa_certificering-vegan","13":"pa_certificering-vrij-van-schadelijke-stoffen","14":"pa_geschikt-voor-beschadigd-haar","15":"pa_geschikt-voor-futloos-en-slap-haar","16":"pa_geschikt-voor-krullen","17":"pa_geschikt-voor-normaal-haar","18":"pa_inhoud-150ml","19":"pa_merk-chromalya","20":"pa_soort-product-styling","22":"first","23":"instock","24":"taxable","25":"shipping-taxable","26":"purchasable","27":"product-type-simple"},"exclude_global_add_ons":[],"addons":[],"acf":[],"_links":{"self":[{"href":"https:\/\/www.denatuurlijkekappershop.nl\/fr\/wp-json\/wp\/v2\/product\/10861","targetHints":{"allow":["GET"]}}],"collection":[{"href":"https:\/\/www.denatuurlijkekappershop.nl\/fr\/wp-json\/wp\/v2\/product"}],"about":[{"href":"https:\/\/www.denatuurlijkekappershop.nl\/fr\/wp-json\/wp\/v2\/types\/product"}],"replies":[{"embeddable":true,"href":"https:\/\/www.denatuurlijkekappershop.nl\/fr\/wp-json\/wp\/v2\/comments?post=10861"}],"wp:featuredmedia":[{"embeddable":true,"href":"https:\/\/www.denatuurlijkekappershop.nl\/fr\/wp-json\/wp\/v2\/media\/15170"}],"wp:attachment":[{"href":"https:\/\/www.denatuurlijkekappershop.nl\/fr\/wp-json\/wp\/v2\/media?parent=10861"}],"wp:term":[{"taxonomy":"product_brand","embeddable":true,"href":"https:\/\/www.denatuurlijkekappershop.nl\/fr\/wp-json\/wp\/v2\/product_brand?post=10861"},{"taxonomy":"product_cat","embeddable":true,"href":"https:\/\/www.denatuurlijkekappershop.nl\/fr\/wp-json\/wp\/v2\/product_cat?post=10861"},{"taxonomy":"product_tag","embeddable":true,"href":"https:\/\/www.denatuurlijkekappershop.nl\/fr\/wp-json\/wp\/v2\/product_tag?post=10861"}],"curies":[{"name":"wp","href":"https:\/\/api.w.org\/{rel}","templated":true}]}}