{"id":15048,"date":"2026-01-09T15:28:53","date_gmt":"2026-01-09T14:28:53","guid":{"rendered":"https:\/\/www.denatuurlijkekappershop.nl\/?post_type=product&#038;p=15048"},"modified":"2026-01-09T15:43:21","modified_gmt":"2026-01-09T14:43:21","slug":"fortsetzung-der-telefonischen-produktberatung","status":"publish","type":"product","link":"https:\/\/www.denatuurlijkekappershop.nl\/de\/vervolg-telefonisch-productadvies\/","title":{"rendered":"Nachfassende telefonische Produktberatung"},"content":{"rendered":"<p><strong>Nachbereitung der vorangegangenen Natural Hair Care Beratung per Telefonkontakt<\/strong>.<br>Sie k\u00f6nnen ganz einfach selbst einen Termin vereinbaren, und zwar zu einer Zeit, die Ihnen passt.<br>Einer unserer Naturhaar-Therapeuten wird Sie anrufen, um Sie pers\u00f6nlich zu den Produkten zu beraten.<br>Wir besprechen Ihre Haarbed\u00fcrfnisse, Ihre Routine, die Verwendung von Produkten und eventuelle Beschwerden.<br>Das Gespr\u00e4ch dauert etwa 15 Minuten.<br>Sie erhalten einen pers\u00f6nlichen Rabattgutschein im Wert von 15,95 \u20ac, den Sie f\u00fcr nat\u00fcrliche Haarpflegeprodukte verwenden k\u00f6nnen.<\/p>","protected":false},"excerpt":{"rendered":"<p><strong>Beratung zur nat\u00fcrlichen Haarpflege \u00fcber Telefonkontakt.<\/strong><\/p>\n<ul>\n<li>Vereinbaren Sie Ihren eigenen Termin zu einer Zeit, die Ihnen passt.<\/li>\n<li>Diana ruft Sie f\u00fcr eine pers\u00f6nliche Produktberatung an.<\/li>\n<li>Wir besprechen Ihre Haarbed\u00fcrfnisse, Ihre Routine, die Verwendung von Produkten und eventuelle Beschwerden.<\/li>\n<li>Das Gespr\u00e4ch dauert etwa 15 Minuten.<\/li>\n<li><strong>Rabattgutschein im Wert von 15,95 \u20ac.<\/strong>\u00a0f\u00fcr den Webshop.<\/li>\n<\/ul>","protected":false},"featured_media":15033,"comment_status":"closed","ping_status":"closed","template":"","meta":{"_acf_changed":false,"_joinchat":[]},"product_brand":[],"product_cat":[651],"product_tag":[],"class_list":{"0":"post-15048","1":"product","2":"type-product","3":"status-publish","4":"has-post-thumbnail","6":"product_cat-natuurlijke-haarverzorging-adviezen","8":"first","9":"instock","10":"taxable","11":"shipping-taxable","12":"product-type-external"},"exclude_global_add_ons":[],"addons":[],"acf":[],"_links":{"self":[{"href":"https:\/\/www.denatuurlijkekappershop.nl\/de\/wp-json\/wp\/v2\/product\/15048","targetHints":{"allow":["GET"]}}],"collection":[{"href":"https:\/\/www.denatuurlijkekappershop.nl\/de\/wp-json\/wp\/v2\/product"}],"about":[{"href":"https:\/\/www.denatuurlijkekappershop.nl\/de\/wp-json\/wp\/v2\/types\/product"}],"replies":[{"embeddable":true,"href":"https:\/\/www.denatuurlijkekappershop.nl\/de\/wp-json\/wp\/v2\/comments?post=15048"}],"wp:featuredmedia":[{"embeddable":true,"href":"https:\/\/www.denatuurlijkekappershop.nl\/de\/wp-json\/wp\/v2\/media\/15033"}],"wp:attachment":[{"href":"https:\/\/www.denatuurlijkekappershop.nl\/de\/wp-json\/wp\/v2\/media?parent=15048"}],"wp:term":[{"taxonomy":"product_brand","embeddable":true,"href":"https:\/\/www.denatuurlijkekappershop.nl\/de\/wp-json\/wp\/v2\/product_brand?post=15048"},{"taxonomy":"product_cat","embeddable":true,"href":"https:\/\/www.denatuurlijkekappershop.nl\/de\/wp-json\/wp\/v2\/product_cat?post=15048"},{"taxonomy":"product_tag","embeddable":true,"href":"https:\/\/www.denatuurlijkekappershop.nl\/de\/wp-json\/wp\/v2\/product_tag?post=15048"}],"curies":[{"name":"wp","href":"https:\/\/api.w.org\/{rel}","templated":true}]}}