{"id":15047,"date":"2026-01-09T15:24:20","date_gmt":"2026-01-09T14:24:20","guid":{"rendered":"https:\/\/www.denatuurlijkekappershop.nl\/?post_type=product&#038;p=15047"},"modified":"2026-01-09T15:31:53","modified_gmt":"2026-01-09T14:31:53","slug":"weiterfuhrende-online-produktberatung","status":"publish","type":"product","link":"https:\/\/www.denatuurlijkekappershop.nl\/de\/vervolgadvies-online-productadvies\/","title":{"rendered":"Nachfassende Online-Produktberatung"},"content":{"rendered":"<p><strong>Follow-up zu fr\u00fcherer Naturhaarpflegeberatung per E-Mail<\/strong>.<br>Diese Folgeberatung ist vorgesehen, wenn Sie vor mindestens 3 Monaten eine Beratung erhalten haben.<br>Auswertung Ihrer Ergebnisse, Produktverwendung und eventuelle Anpassungen Ihrer Routine.<br>Pers\u00f6nliche Beratung per E-Mail, die auf Ihre Haarentwicklung zugeschnitten ist.<br>Sie erhalten wieder eine pers\u00f6nliche <strong>Rabattgutschein im Wert von 15,95 \u20ac.<\/strong>, in unserem Webshop zu verbringen.<\/p>\n\n\n\n<p><\/p>","protected":false},"excerpt":{"rendered":"<p><strong>Folgema\u00dfnahmen zu fr\u00fcheren Ratschl\u00e4gen zur nat\u00fcrlichen Haarpflege per E-Mail.<\/strong><\/p>\n<ul>\n<li>Diese Folgeberatung ist vorgesehen, wenn Sie vor mindestens 3 Monaten eine Beratung erhalten haben.<\/li>\n<li>Auswertung Ihrer Ergebnisse, Produktverwendung und eventuelle Anpassungen Ihrer Routine.<\/li>\n<li>Pers\u00f6nliche Beratung per E-Mail, die auf Ihre Haarentwicklung zugeschnitten ist.<\/li>\n<li>Sie erhalten wieder einen pers\u00f6nlichen Rabattgutschein im Wert von 15,95 \u20ac, den Sie in unserem Webshop einl\u00f6sen k\u00f6nnen.<\/li>\n<\/ul>","protected":false},"featured_media":15034,"comment_status":"closed","ping_status":"closed","template":"","meta":{"_acf_changed":false,"_joinchat":[]},"product_brand":[],"product_cat":[651],"product_tag":[],"class_list":{"0":"post-15047","1":"product","2":"type-product","3":"status-publish","4":"has-post-thumbnail","6":"product_cat-natuurlijke-haarverzorging-adviezen","8":"first","9":"instock","10":"taxable","11":"shipping-taxable","12":"product-type-external"},"exclude_global_add_ons":[],"addons":[],"acf":[],"_links":{"self":[{"href":"https:\/\/www.denatuurlijkekappershop.nl\/de\/wp-json\/wp\/v2\/product\/15047","targetHints":{"allow":["GET"]}}],"collection":[{"href":"https:\/\/www.denatuurlijkekappershop.nl\/de\/wp-json\/wp\/v2\/product"}],"about":[{"href":"https:\/\/www.denatuurlijkekappershop.nl\/de\/wp-json\/wp\/v2\/types\/product"}],"replies":[{"embeddable":true,"href":"https:\/\/www.denatuurlijkekappershop.nl\/de\/wp-json\/wp\/v2\/comments?post=15047"}],"wp:featuredmedia":[{"embeddable":true,"href":"https:\/\/www.denatuurlijkekappershop.nl\/de\/wp-json\/wp\/v2\/media\/15034"}],"wp:attachment":[{"href":"https:\/\/www.denatuurlijkekappershop.nl\/de\/wp-json\/wp\/v2\/media?parent=15047"}],"wp:term":[{"taxonomy":"product_brand","embeddable":true,"href":"https:\/\/www.denatuurlijkekappershop.nl\/de\/wp-json\/wp\/v2\/product_brand?post=15047"},{"taxonomy":"product_cat","embeddable":true,"href":"https:\/\/www.denatuurlijkekappershop.nl\/de\/wp-json\/wp\/v2\/product_cat?post=15047"},{"taxonomy":"product_tag","embeddable":true,"href":"https:\/\/www.denatuurlijkekappershop.nl\/de\/wp-json\/wp\/v2\/product_tag?post=15047"}],"curies":[{"name":"wp","href":"https:\/\/api.w.org\/{rel}","templated":true}]}}