{"id":14838,"date":"2025-12-10T16:18:48","date_gmt":"2025-12-10T15:18:48","guid":{"rendered":"https:\/\/www.denatuurlijkekappershop.nl\/?post_type=product&#038;p=14838"},"modified":"2025-12-18T16:38:56","modified_gmt":"2025-12-18T15:38:56","slug":"bambus-kappe-wiederverwendbare-haube","status":"publish","type":"product","link":"https:\/\/www.denatuurlijkekappershop.nl\/de\/cap-bambou-herbruikbare-haar-muts\/","title":{"rendered":"Cap Bambou - wiederverwendbare Haube"},"content":{"rendered":"<p>Die wiederverwendbare Haube \u201eCap Bambou Charlotte \u00e0 Cheveux R\u00e9utilisable\u201c ist ein praktisches und umweltfreundliches Haaraccessoire, das mit Sorgfalt in Frankreich hergestellt wird. Die Haube besteht aus einer Au\u00dfenseite aus beschichtetem OekoTex\u00ae-Baumwollstoff und einer Innenseite aus schwarzem Bambus-Mikroschwamm. Dadurch ist die Haube nicht nur weich und angenehm f\u00fcr das Haar, sondern auch langlebig und wiederverwendbar \u2013 eine gute Alternative zu Einweg-Duschhauben oder Plastikfolie.<\/p>\n\n\n\n<p>Dank des elastischen Randes passt sich die M\u00fctze bequem an den Kopf an und bleibt unabh\u00e4ngig von Haarf\u00fclle oder -l\u00e4nge gut sitzen. Die Charlotte ist vielseitig einsetzbar und eignet sich f\u00fcr alle Arten von Haarpflege: nach dem Waschen, um feuchtes Haar sanft zu trocknen, w\u00e4hrend \u00d6lmassagen oder Haarmasken, bei pflanzlichen oder anderen F\u00e4rbungen, aber auch, um das Haar beim Duschen trocken zu halten. Mit dieser wiederverwendbaren Haube tr\u00e4gst du zu einer nachhaltigeren Haarpflege bei.<\/p>","protected":false},"excerpt":{"rendered":"<p>Wiederverwendbare Haube aus Baumwolle und Bambus-Mikroschwamm, sanft zu Haar und Kopfhaut. Ideal zum Trocknen, Sch\u00fctzen oder Pflegen der Haare bei Masken, \u00d6lbehandlungen oder F\u00e4rbepausen. <br \/><strong>Bitte beachten Sie: Die Motive sind zuf\u00e4llig und h\u00e4ngen von den eingehenden Stoffen ab.<\/strong><\/p>","protected":false},"featured_media":14842,"comment_status":"open","ping_status":"closed","template":"","meta":{"_acf_changed":true,"_joinchat":[]},"product_brand":[649],"product_cat":[425,648,198,421],"product_tag":[560],"class_list":{"0":"post-14838","1":"product","2":"type-product","3":"status-publish","4":"has-post-thumbnail","6":"product_brand-cap-bambou","7":"product_cat-accessoires","8":"product_cat-cap-bambou","9":"product_cat-merken","10":"product_cat-plantenkleuring","11":"product_tag-anti-roos","12":"pa_certificering-1-for-the-planet","13":"pa_geschikt-voor-fijn-dun-haar","14":"pa_geschikt-voor-gevoelige-hoofdhuid","15":"pa_geschikt-voor-kinderen","16":"pa_geschikt-voor-krullen","17":"pa_geschikt-voor-normaal-haar","18":"pa_inhoud-1-stuk","19":"pa_merk-cap-bambou","20":"pa_soort-product-accessoires","22":"first","23":"instock","24":"taxable","25":"shipping-taxable","26":"purchasable","27":"product-type-simple"},"exclude_global_add_ons":[],"addons":[],"acf":[],"_links":{"self":[{"href":"https:\/\/www.denatuurlijkekappershop.nl\/de\/wp-json\/wp\/v2\/product\/14838","targetHints":{"allow":["GET"]}}],"collection":[{"href":"https:\/\/www.denatuurlijkekappershop.nl\/de\/wp-json\/wp\/v2\/product"}],"about":[{"href":"https:\/\/www.denatuurlijkekappershop.nl\/de\/wp-json\/wp\/v2\/types\/product"}],"replies":[{"embeddable":true,"href":"https:\/\/www.denatuurlijkekappershop.nl\/de\/wp-json\/wp\/v2\/comments?post=14838"}],"wp:featuredmedia":[{"embeddable":true,"href":"https:\/\/www.denatuurlijkekappershop.nl\/de\/wp-json\/wp\/v2\/media\/14842"}],"wp:attachment":[{"href":"https:\/\/www.denatuurlijkekappershop.nl\/de\/wp-json\/wp\/v2\/media?parent=14838"}],"wp:term":[{"taxonomy":"product_brand","embeddable":true,"href":"https:\/\/www.denatuurlijkekappershop.nl\/de\/wp-json\/wp\/v2\/product_brand?post=14838"},{"taxonomy":"product_cat","embeddable":true,"href":"https:\/\/www.denatuurlijkekappershop.nl\/de\/wp-json\/wp\/v2\/product_cat?post=14838"},{"taxonomy":"product_tag","embeddable":true,"href":"https:\/\/www.denatuurlijkekappershop.nl\/de\/wp-json\/wp\/v2\/product_tag?post=14838"}],"curies":[{"name":"wp","href":"https:\/\/api.w.org\/{rel}","templated":true}]}}