{"id":14599,"date":"2025-11-27T09:47:49","date_gmt":"2025-11-27T08:47:49","guid":{"rendered":"https:\/\/www.denatuurlijkekappershop.nl\/?post_type=product&#038;p=14599"},"modified":"2026-03-10T12:55:14","modified_gmt":"2026-03-10T11:55:14","slug":"zenz-bio-haarausfall-kopfhauttonikum-pure-nr-23-200-ml","status":"publish","type":"product","link":"https:\/\/www.denatuurlijkekappershop.nl\/de\/zenz-organic-anti-hair-loss-scalp-tonic-pure-no-23-200ml\/","title":{"rendered":"ZENZ Bio - Kopfhauttonikum pur Nr. 23 f\u00fcr sch\u00fctteres Haar 200ml"},"content":{"rendered":"<p><strong>ZENZ Bio-Kopfhauttonikum Pure Nr. 23<\/strong> ist ein mildes, hypoallergenes Leave-in-Tonikum f\u00fcr die Kopfhaut, das speziell f\u00fcr die Pflege von sch\u00fctterem Haar entwickelt wurde. Dieses parf\u00fcmfreie Tonikum ist ideal f\u00fcr Menschen mit empfindlicher Haut oder Kopfhaut und f\u00fcr alle, die ihre Kopfhaut unterst\u00fctzen und ihr Haar voller wirken lassen m\u00f6chten.<\/p>\n<p>Der Wirkstoff Procapil\u00ae unterst\u00fctzt den Zustand der Haarfollikel und hilft, die Kopfhaut in guter Verfassung zu halten. Dadurch f\u00fchlt sich das Haar kr\u00e4ftiger an und sieht voller aus.<\/p>\n<p>Der Zusatz von Aloe Vera und Glycerin spendet der Kopfhaut Feuchtigkeit und macht sie geschmeidig. Diese Inhaltsstoffe unterst\u00fctzen das nat\u00fcrliche Gleichgewicht der Kopfhaut und sind angenehm bei Trockenheit und Spannungsgef\u00fchlen. Die leichte, nicht fettende Textur zieht schnell ein und hinterl\u00e4sst keine R\u00fcckst\u00e4nde, so dass das Tonic angenehm f\u00fcr die t\u00e4gliche Anwendung ist.<\/p>\n<p>Die parf\u00fcmfreie und minimalistische Formel macht dieses Kopfhaut-Tonikum auch f\u00fcr Menschen geeignet, die empfindlich auf Duftstoffe reagieren, und f\u00fcr alle, die eine milde Leave-in-Pflege in ihrer t\u00e4glichen Haarpflege-Routine suchen.<\/p>\n<p>Um optimale kosmetische Ergebnisse zu erzielen, wird empfohlen, das Produkt mindestens 4 Monate lang konsequent in Kombination mit <a href=\"https:\/\/www.denatuurlijkekappershop.nl\/de\/zenz-bio-haar-shampoo-stimulating-pure-nr-22\/\">ZENZ Bio Stimulierendes Haarshampoo Pure Nr. 22<\/a>.<\/p>","protected":false},"excerpt":{"rendered":"<p>Parf\u00fcmfreies Leave-in-Tonikum mit nat\u00fcrlichen Inhaltsstoffen (u. a. Procapil\u00ae, Aloe Vera und Glycerin), das die Kopfhaut pflegt, die Haarwurzeln unterst\u00fctzt und das Haar kr\u00e4ftiger und voller erscheinen l\u00e4sst.<\/p>","protected":false},"featured_media":15227,"comment_status":"open","ping_status":"closed","template":"","meta":{"_acf_changed":false,"_joinchat":[]},"product_brand":[603],"product_cat":[413,417,419,198,112],"product_tag":[],"class_list":{"0":"post-14599","1":"product","2":"type-product","3":"status-publish","4":"has-post-thumbnail","6":"product_brand-zenz-organic","7":"product_cat-zenz-organic","8":"product_cat-conditioner-en-masker","9":"product_cat-hoofdhuidverzorging","10":"product_cat-merken","11":"product_cat-stylingold","12":"pa_certificering-cruelty-free","13":"pa_certificering-nordic-swan-ecolabel","14":"pa_certificering-ocean-waste-plastic","15":"pa_certificering-vegan","16":"pa_geschikt-voor-elk-haartype","17":"pa_inhoud-200ml","18":"pa_merk-zenz-organic","19":"pa_soort-product-styling","21":"first","22":"instock","23":"taxable","24":"shipping-taxable","25":"purchasable","26":"product-type-simple"},"exclude_global_add_ons":[],"addons":[],"acf":[],"_links":{"self":[{"href":"https:\/\/www.denatuurlijkekappershop.nl\/de\/wp-json\/wp\/v2\/product\/14599","targetHints":{"allow":["GET"]}}],"collection":[{"href":"https:\/\/www.denatuurlijkekappershop.nl\/de\/wp-json\/wp\/v2\/product"}],"about":[{"href":"https:\/\/www.denatuurlijkekappershop.nl\/de\/wp-json\/wp\/v2\/types\/product"}],"replies":[{"embeddable":true,"href":"https:\/\/www.denatuurlijkekappershop.nl\/de\/wp-json\/wp\/v2\/comments?post=14599"}],"wp:featuredmedia":[{"embeddable":true,"href":"https:\/\/www.denatuurlijkekappershop.nl\/de\/wp-json\/wp\/v2\/media\/15227"}],"wp:attachment":[{"href":"https:\/\/www.denatuurlijkekappershop.nl\/de\/wp-json\/wp\/v2\/media?parent=14599"}],"wp:term":[{"taxonomy":"product_brand","embeddable":true,"href":"https:\/\/www.denatuurlijkekappershop.nl\/de\/wp-json\/wp\/v2\/product_brand?post=14599"},{"taxonomy":"product_cat","embeddable":true,"href":"https:\/\/www.denatuurlijkekappershop.nl\/de\/wp-json\/wp\/v2\/product_cat?post=14599"},{"taxonomy":"product_tag","embeddable":true,"href":"https:\/\/www.denatuurlijkekappershop.nl\/de\/wp-json\/wp\/v2\/product_tag?post=14599"}],"curies":[{"name":"wp","href":"https:\/\/api.w.org\/{rel}","templated":true}]}}