{"id":14574,"date":"2025-11-16T21:31:04","date_gmt":"2025-11-16T20:31:04","guid":{"rendered":"https:\/\/www.denatuurlijkekappershop.nl\/?post_type=product&#038;p=14574"},"modified":"2026-04-09T18:03:20","modified_gmt":"2026-04-09T16:03:20","slug":"odylique-ylang-ylang-orange-hand-body-wash","status":"publish","type":"product","link":"https:\/\/www.denatuurlijkekappershop.nl\/de\/odylique-ylang-ylang-orange-hand-bodywash\/","title":{"rendered":"Odylique Ylang Ylang &amp; Orange Hand &amp; Bodywash"},"content":{"rendered":"<p><strong>Odylique Ylang Ylang &amp; Orange Hand &amp; Body Wash<\/strong> ist ein sanftes, biologisches Reinigungsmittel f\u00fcr H\u00e4nde und K\u00f6rper, das die Haut schonend reinigt, ohne sie auszutrocknen. Die Formel kombiniert Bio-Oliven\u00f6l, Aloe Vera und milde Reinigungsmittel auf pflanzlicher Basis, um die Haut angenehm, geschmeidig und frisch zu halten.<\/p>\n<p>Dieses nat\u00fcrliche K\u00f6rperwaschmittel enth\u00e4lt <strong>Natives Bio-Oliven\u00f6l extra und Aloe Vera<\/strong>, Inhaltsstoffe, die f\u00fcr ihre pflegenden und feuchtigkeitsspendenden Eigenschaften bekannt sind. Sie helfen, die Haut sanft zu reinigen und respektieren dabei die nat\u00fcrliche Hautbarriere.<\/p>\n<h2>Nat\u00fcrliche Pflege f\u00fcr empfindliche Haut<\/h2>\n<p>Die milde Formel ist frei von scharfen Sulfaten und synthetischen Zusatzstoffen. Dadurch ist die K\u00f6rperreinigung auch f\u00fcr Menschen mit empfindlicher oder reaktiver Haut geeignet und kann t\u00e4glich sowohl f\u00fcr H\u00e4nde als auch f\u00fcr den K\u00f6rper verwendet werden.<\/p>\n<h2>Erfrischender Duft von Ylang-Ylang und Orange<\/h2>\n<p>Die nat\u00fcrlichen \u00e4therischen \u00d6le von <strong>Ylang-Ylang und s\u00fc\u00dfe Orange<\/strong> sorgen f\u00fcr ein sanftes, frisches Dufterlebnis. Diese Kombination sorgt f\u00fcr einen subtil entspannenden und belebenden Moment beim H\u00e4ndewaschen oder unter der Dusche.<\/p>\n<h2>Warum Odylique Hand &amp; Body Wash w\u00e4hlen?<\/h2>\n<ul>\n<li>Bio-Hand- und K\u00f6rperpflege<\/li>\n<li>Mildes Reinigen ohne Sulfate<\/li>\n<li>Geeignet f\u00fcr empfindliche Haut<\/li>\n<li>Mit Bio-Oliven\u00f6l und Aloe vera<\/li>\n<li>Mit nat\u00fcrlichen \u00e4therischen \u00d6len aus Ylang-Ylang und Orange<\/li>\n<li>100% Inhaltsstoffe nat\u00fcrlichen Ursprungs<\/li>\n<li>Vegane Formel<\/li>\n<\/ul>\n<h2>Verwenden Sie<\/h2>\n<ul>\n<li>Eine kleine Menge auf die feuchten H\u00e4nde oder die Haut auftragen.<\/li>\n<li>Massieren, bis sich ein weicher Schaum bildet.<\/li>\n<li>Mit Wasser gut absp\u00fclen.<\/li>\n<li>F\u00fcr die t\u00e4gliche Anwendung an H\u00e4nden und K\u00f6rper geeignet.<\/li>\n<\/ul>\n<p>Odylique Ylang Ylang &amp; Orange Hand &amp; Body Wash ist eine gute Wahl f\u00fcr alle, die ein mildes, nat\u00fcrliches Reinigungsmittel suchen, das ein sauberes, weiches und angenehmes Hautgef\u00fchl hinterl\u00e4sst.<\/p>","protected":false},"excerpt":{"rendered":"<p>Bio-Hand- und K\u00f6rperwaschmittel mit Ylang-Ylang und Orange, das die Haut sanft reinigt und pflegt. Ideal f\u00fcr empfindliche Haut und f\u00fcr die t\u00e4gliche Anwendung geeignet.<\/p>","protected":false},"featured_media":15228,"comment_status":"open","ping_status":"closed","template":"","meta":{"_acf_changed":false,"_joinchat":[]},"product_brand":[606],"product_cat":[198,423,422,424,389],"product_tag":[],"class_list":{"0":"post-14574","1":"product","2":"type-product","3":"status-publish","4":"has-post-thumbnail","6":"product_brand-odylique","7":"product_cat-merken","8":"product_cat-gezicht","9":"product_cat-gezicht-lichaam","10":"product_cat-lichaam","11":"product_cat-odylique","12":"pa_certificering-100-recyclebare-verpakking","13":"pa_certificering-cruelty-free","14":"pa_certificering-soil-association-certified-cosmos-organic","15":"pa_geschikt-voor-dagelijkse-reiniging","16":"pa_geschikt-voor-droge-huid","17":"pa_geschikt-voor-gevoelige-huid","18":"pa_inhoud-200ml","19":"pa_merk-odylique","20":"pa_soort-product-gezicht-lichaam","22":"first","23":"instock","24":"taxable","25":"shipping-taxable","26":"purchasable","27":"product-type-variable","28":"has-default-attributes"},"exclude_global_add_ons":[],"addons":[],"acf":[],"_links":{"self":[{"href":"https:\/\/www.denatuurlijkekappershop.nl\/de\/wp-json\/wp\/v2\/product\/14574","targetHints":{"allow":["GET"]}}],"collection":[{"href":"https:\/\/www.denatuurlijkekappershop.nl\/de\/wp-json\/wp\/v2\/product"}],"about":[{"href":"https:\/\/www.denatuurlijkekappershop.nl\/de\/wp-json\/wp\/v2\/types\/product"}],"replies":[{"embeddable":true,"href":"https:\/\/www.denatuurlijkekappershop.nl\/de\/wp-json\/wp\/v2\/comments?post=14574"}],"wp:featuredmedia":[{"embeddable":true,"href":"https:\/\/www.denatuurlijkekappershop.nl\/de\/wp-json\/wp\/v2\/media\/15228"}],"wp:attachment":[{"href":"https:\/\/www.denatuurlijkekappershop.nl\/de\/wp-json\/wp\/v2\/media?parent=14574"}],"wp:term":[{"taxonomy":"product_brand","embeddable":true,"href":"https:\/\/www.denatuurlijkekappershop.nl\/de\/wp-json\/wp\/v2\/product_brand?post=14574"},{"taxonomy":"product_cat","embeddable":true,"href":"https:\/\/www.denatuurlijkekappershop.nl\/de\/wp-json\/wp\/v2\/product_cat?post=14574"},{"taxonomy":"product_tag","embeddable":true,"href":"https:\/\/www.denatuurlijkekappershop.nl\/de\/wp-json\/wp\/v2\/product_tag?post=14574"}],"curies":[{"name":"wp","href":"https:\/\/api.w.org\/{rel}","templated":true}]}}