{"id":14565,"date":"2025-11-16T21:06:19","date_gmt":"2025-11-16T20:06:19","guid":{"rendered":"https:\/\/www.denatuurlijkekappershop.nl\/?post_type=product&#038;p=14565"},"modified":"2026-03-10T09:31:39","modified_gmt":"2026-03-10T08:31:39","slug":"voam-tiefenwirksame-spulung-200ml","status":"publish","type":"product","link":"https:\/\/www.denatuurlijkekappershop.nl\/de\/voam-deep-conditioner-200ml\/","title":{"rendered":"Voam - Tiefenpfleger 200ml"},"content":{"rendered":"<p><strong>VOAM Deep Conditioner mit Protein<\/strong> ist eine Intensivsp\u00fclung, die speziell f\u00fcr lockiges oder gewelltes Haar entwickelt wurde, das zus\u00e4tzliche Pflege und Unterst\u00fctzung ben\u00f6tigt. Die Formel mit pflanzlichen Proteinen hilft dem Haar, sich kr\u00e4ftiger und widerstandsf\u00e4higer anzuf\u00fchlen.<\/p>\n<p>Dieser Tiefen-Conditioner enth\u00e4lt pflegende Inhaltsstoffe wie <strong>Sheabutter, Jojoba\u00f6l, Traubenkern\u00f6l und Chiasamen\u00f6l<\/strong>. Diese \u00d6le und Buttersorten n\u00e4hren das Haar, machen es weicher und leichter frisierbar, w\u00e4hrend Panthenol das Haar geschmeidig und gl\u00e4nzend h\u00e4lt.<\/p>\n<h2>Kr\u00e4ftigung und Pflege von Locken<\/h2>\n<p>Pflanzliche Proteine aus Soja und Weizen tragen zur Unterst\u00fctzung der Haarstruktur bei. Dadurch erhalten die Locken mehr Sprungkraft und Definition und das Haar f\u00fchlt sich kr\u00e4ftiger an. Gleichzeitig sorgen feuchtigkeitsspendende Inhaltsstoffe daf\u00fcr, dass das Haar weich bleibt und sich weniger kr\u00e4uselt.<\/p>\n<h2>Warum VOAM Deep Conditioner w\u00e4hlen?<\/h2>\n<ul>\n<li>Intensive Pflegesp\u00fclung f\u00fcr lockiges und gewelltes Haar<\/li>\n<li>Mit pflanzlichen Proteinen aus Soja und Weizen<\/li>\n<li>Hilft, das Haar zu pflegen und zu st\u00e4rken<\/li>\n<li>Unterst\u00fctzt die Definition und Elastizit\u00e4t von Locken<\/li>\n<li>Mit n\u00e4hrenden \u00d6len und Sheabutter<\/li>\n<li>Geeignet f\u00fcr den regelm\u00e4\u00dfigen Gebrauch<\/li>\n<\/ul>\n<p>VOAM Deep Conditioner mit Protein ist ideal f\u00fcr Locken, die sich schlaff anf\u00fchlen, keine Definition haben oder zus\u00e4tzliche Pflege ben\u00f6tigen.<\/p>","protected":false},"excerpt":{"rendered":"<p>Intensive Pflegesp\u00fclung mit pflanzlichen Proteinen, die die Locken st\u00e4rkt, Frizz reduziert und f\u00fcr mehr Sprungkraft und Definition sorgt. Ideal f\u00fcr lockiges Haar, das zus\u00e4tzliche Pflege ben\u00f6tigt.<\/p>","protected":false},"featured_media":15234,"comment_status":"open","ping_status":"closed","template":"","meta":{"_acf_changed":false,"_joinchat":[]},"product_brand":[600],"product_cat":[417,198,112,583],"product_tag":[],"class_list":{"0":"post-14565","1":"product","2":"type-product","3":"status-publish","4":"has-post-thumbnail","6":"product_brand-voam","7":"product_cat-conditioner-en-masker","8":"product_cat-merken","9":"product_cat-stylingold","10":"product_cat-voam","11":"pa_certificering-ecocg","12":"pa_certificering-ldpe","13":"pa_geschikt-voor-curly-girl","14":"pa_geschikt-voor-krullen","15":"pa_geschikt-voor-volume","16":"pa_inhoud-75ml","17":"pa_merk-voam","18":"pa_soort-product-haarverzorging","19":"pa_soort-product-styling","21":"first","22":"instock","23":"taxable","24":"shipping-taxable","25":"purchasable","26":"product-type-simple"},"exclude_global_add_ons":[],"addons":[],"acf":[],"_links":{"self":[{"href":"https:\/\/www.denatuurlijkekappershop.nl\/de\/wp-json\/wp\/v2\/product\/14565","targetHints":{"allow":["GET"]}}],"collection":[{"href":"https:\/\/www.denatuurlijkekappershop.nl\/de\/wp-json\/wp\/v2\/product"}],"about":[{"href":"https:\/\/www.denatuurlijkekappershop.nl\/de\/wp-json\/wp\/v2\/types\/product"}],"replies":[{"embeddable":true,"href":"https:\/\/www.denatuurlijkekappershop.nl\/de\/wp-json\/wp\/v2\/comments?post=14565"}],"wp:featuredmedia":[{"embeddable":true,"href":"https:\/\/www.denatuurlijkekappershop.nl\/de\/wp-json\/wp\/v2\/media\/15234"}],"wp:attachment":[{"href":"https:\/\/www.denatuurlijkekappershop.nl\/de\/wp-json\/wp\/v2\/media?parent=14565"}],"wp:term":[{"taxonomy":"product_brand","embeddable":true,"href":"https:\/\/www.denatuurlijkekappershop.nl\/de\/wp-json\/wp\/v2\/product_brand?post=14565"},{"taxonomy":"product_cat","embeddable":true,"href":"https:\/\/www.denatuurlijkekappershop.nl\/de\/wp-json\/wp\/v2\/product_cat?post=14565"},{"taxonomy":"product_tag","embeddable":true,"href":"https:\/\/www.denatuurlijkekappershop.nl\/de\/wp-json\/wp\/v2\/product_tag?post=14565"}],"curies":[{"name":"wp","href":"https:\/\/api.w.org\/{rel}","templated":true}]}}