{"id":13751,"date":"2025-05-05T17:08:47","date_gmt":"2025-05-05T15:08:47","guid":{"rendered":"https:\/\/www.denatuurlijkekappershop.nl\/?post_type=product&#038;p=13751"},"modified":"2026-01-21T14:42:44","modified_gmt":"2026-01-21T13:42:44","slug":"altearah-hautpflegeol-smaragd-sauerstoff","status":"publish","type":"product","link":"https:\/\/www.denatuurlijkekappershop.nl\/de\/altearah-skin-care-oil-emerald-oxygen\/","title":{"rendered":"Altearah Hautpflege\u00f6l - (Smaragd) Sauerstoff"},"content":{"rendered":"<p>Dieses pflegende Haut\u00f6l wurde speziell entwickelt, um ein Gef\u00fchl von Raum und Freiheit zu schaffen. Der aromatherapeutische Duft von Emerald hilft, Spannungen zu l\u00f6sen, unterst\u00fctzt die Entspannung und hilft, das emotionale Gleichgewicht wiederherzustellen.<\/p>\n\n\n\n<p>Dieses \u00d6l ist ideal f\u00fcr Zeiten, in denen Sie Erfrischung, geistige Klarheit und neue Energie brauchen. Das Dufterlebnis f\u00f6rdert eine frische Denkweise und hilft, K\u00f6rper und Geist wieder ins Gleichgewicht zu bringen.<\/p>\n\n\n\n<p>Die leichte, pflegende Textur zieht angenehm ein und hinterl\u00e4sst ein weiches, geschmeidiges und angenehmes Hautgef\u00fchl. Perfekt f\u00fcr die t\u00e4gliche Anwendung im Rahmen einer bewussten Selbstpflegeroutine.<\/p>\n\n\n\n<p>Dieses aromatische Haut\u00f6l verbindet nat\u00fcrliche Pflege mit Entspannung, Ruhe und emotionalem Wohlbefinden.<\/p>\n\n\n\n<p><strong>Wesentliche Merkmale:<\/strong><\/p>\n\n\n\n<ul class=\"wp-block-list\">\n<li>Pflegendes Haut\u00f6l mit aromatherapeutischer Wirkung<\/li>\n\n\n\n<li>Schafft ein Gef\u00fchl von Raum und Freiheit<\/li>\n\n\n\n<li>Hilft, Spannungen und Stress abzubauen<\/li>\n\n\n\n<li>Unterst\u00fctzt das emotionale Gleichgewicht<\/li>\n\n\n\n<li>Ideal bei Bedarf an Erfrischung und Helligkeit<\/li>\n\n\n\n<li>Geeignet f\u00fcr den t\u00e4glichen Gebrauch<\/li>\n\n\n\n<li>Sanfte und pflegende Wirkung auf die Haut<\/li>\n\n\n\n<li>Unterst\u00fctzt eine bewusste Selbstf\u00fcrsorge<\/li>\n<\/ul>","protected":false},"excerpt":{"rendered":"<p><strong>Altearah Hautpflege\u00f6l Smaragd (Sauerstoff) <\/strong> Altearah Skin Care Oil Emerald (Oxygen) ist ein Bio-Haut\u00f6l, das Aromatherapie, Farbtherapie und Pflanzen\u00f6le kombiniert, um K\u00f6rper und Geist zu unterst\u00fctzen. Die Synergie der \u00e4therischen \u00d6le f\u00f6rdert die Sauerstoffversorgung und hilft, inneren Frieden und Gleichgewicht wiederherzustellen.<\/p>","protected":false},"featured_media":15339,"comment_status":"closed","ping_status":"closed","template":"","meta":{"_acf_changed":false,"_joinchat":[]},"product_brand":[595],"product_cat":[424,563,570],"product_tag":[],"class_list":{"0":"post-13751","1":"product","2":"type-product","3":"status-publish","4":"has-post-thumbnail","6":"product_brand-altearah-bio","7":"product_cat-lichaam","8":"product_cat-altearah-bio","9":"product_cat-wellness","10":"pa_certificering-ecocert","11":"pa_certificering-one-voice","12":"pa_certificering-slow-cosmetics","13":"pa_certificering-sud-de-france","14":"pa_inhoud-100ml","15":"pa_merk-altearah-bio","17":"first","18":"instock","19":"taxable","20":"shipping-taxable","21":"purchasable","22":"product-type-simple"},"exclude_global_add_ons":[],"addons":[],"acf":[],"_links":{"self":[{"href":"https:\/\/www.denatuurlijkekappershop.nl\/de\/wp-json\/wp\/v2\/product\/13751","targetHints":{"allow":["GET"]}}],"collection":[{"href":"https:\/\/www.denatuurlijkekappershop.nl\/de\/wp-json\/wp\/v2\/product"}],"about":[{"href":"https:\/\/www.denatuurlijkekappershop.nl\/de\/wp-json\/wp\/v2\/types\/product"}],"replies":[{"embeddable":true,"href":"https:\/\/www.denatuurlijkekappershop.nl\/de\/wp-json\/wp\/v2\/comments?post=13751"}],"wp:featuredmedia":[{"embeddable":true,"href":"https:\/\/www.denatuurlijkekappershop.nl\/de\/wp-json\/wp\/v2\/media\/15339"}],"wp:attachment":[{"href":"https:\/\/www.denatuurlijkekappershop.nl\/de\/wp-json\/wp\/v2\/media?parent=13751"}],"wp:term":[{"taxonomy":"product_brand","embeddable":true,"href":"https:\/\/www.denatuurlijkekappershop.nl\/de\/wp-json\/wp\/v2\/product_brand?post=13751"},{"taxonomy":"product_cat","embeddable":true,"href":"https:\/\/www.denatuurlijkekappershop.nl\/de\/wp-json\/wp\/v2\/product_cat?post=13751"},{"taxonomy":"product_tag","embeddable":true,"href":"https:\/\/www.denatuurlijkekappershop.nl\/de\/wp-json\/wp\/v2\/product_tag?post=13751"}],"curies":[{"name":"wp","href":"https:\/\/api.w.org\/{rel}","templated":true}]}}