{"id":13703,"date":"2025-05-05T15:49:42","date_gmt":"2025-05-05T13:49:42","guid":{"rendered":"https:\/\/www.denatuurlijkekappershop.nl\/?post_type=product&#038;p=13703"},"modified":"2026-03-10T10:02:02","modified_gmt":"2026-03-10T09:02:02","slug":"altearah-pflege-parfum-royal-lila-energie","status":"publish","type":"product","link":"https:\/\/www.denatuurlijkekappershop.nl\/de\/altearah-care-parfume-royal-purple-energy\/","title":{"rendered":"Altearah Care Parf\u00fcm - (Royal Purple) Energie"},"content":{"rendered":"<p><strong>Altearah Parfum de Soin Royal Purple (Energie)<\/strong> ist ein nat\u00fcrliches Parf\u00fcm, das aromatische Pflanzenextrakte mit einem warmen und erdigen Dufterlebnis verbindet. Der Duft von Holz, Gew\u00fcrzen und Zitrusfr\u00fcchten schafft einen charaktervollen und harmonischen Duft, der angenehm f\u00fcr den t\u00e4glichen Gebrauch ist.<\/p>\n<p>Das Parf\u00fcm ist Teil der Altearah-Kollektion mit <strong>14 verschiedene Duft- und Farbsynergien<\/strong>. Jeder Duft hat seinen eigenen Charakter und seine eigene Atmosph\u00e4re, so dass Sie leicht einen ausw\u00e4hlen k\u00f6nnen, der zu Ihrem Moment oder Ihrer pers\u00f6nlichen Vorliebe passt.<\/p>\n<p>Das Parf\u00fcm ist erh\u00e4ltlich in <strong>30 ml und 5 ml Spr\u00fchflaschen<\/strong>. Sein warmer und raffinierter Duft macht dieses Parf\u00fcm geeignet f\u00fcr subtile tragen den ganzen Tag.<\/p>\n<p>Die Formel besteht aus <strong>100% Inhaltsstoffe nat\u00fcrlichen Ursprungs<\/strong>, von denen 98% bis 100% aus biologischem Anbau stammen. Die Parfums werden unter Ber\u00fccksichtigung von Transparenz und Nachhaltigkeit hergestellt.<\/p>\n<p><strong>Wesentliche Merkmale:<\/strong><\/p>\n<ul>\n<li>Naturparf\u00fcm mit aromatischem Dufterlebnis<\/li>\n<li>Mit Zedernholz, Patchouli und Zitrus\u00f6len<\/li>\n<li>Warmer und charaktervoller Duft<\/li>\n<li>Geeignet f\u00fcr den t\u00e4glichen Gebrauch<\/li>\n<li>Erh\u00e4ltlich in 30 ml und 5 ml Spr\u00fchflaschen<\/li>\n<li>Teil der Altearah Duft- und Farbkollektion<\/li>\n<li>100% Inhaltsstoffe nat\u00fcrlichen Ursprungs<\/li>\n<li>Bis zu 100% aus \u00f6kologischem Landbau<\/li>\n<\/ul>","protected":false},"excerpt":{"rendered":"<p><strong>Royal Purple - warmer und erdiger Duft<\/strong><br \/>\nDiese Duftkomposition mit Zedernholz, Patchouli, Zitrusfr\u00fcchten und Lavendel hat einen warmen, tiefen Duft, der oft mit Ruhe und Ausgeglichenheit assoziiert wird. Ein raffiniertes Naturparf\u00fcm f\u00fcr einen Moment der Entspannung w\u00e4hrend des Tages.<\/p>","protected":false},"featured_media":15358,"comment_status":"closed","ping_status":"closed","template":"","meta":{"_acf_changed":false,"_joinchat":[]},"product_brand":[595],"product_cat":[424,563,570],"product_tag":[],"class_list":{"0":"post-13703","1":"product","2":"type-product","3":"status-publish","4":"has-post-thumbnail","6":"product_brand-altearah-bio","7":"product_cat-lichaam","8":"product_cat-altearah-bio","9":"product_cat-wellness","10":"pa_certificering-ecocert","11":"pa_certificering-one-voice","12":"pa_certificering-slow-cosmetics","13":"pa_certificering-sud-de-france","14":"pa_inhoud-30ml","15":"pa_inhoud-5ml","16":"pa_merk-altearah-bio","18":"first","19":"instock","20":"taxable","21":"shipping-taxable","22":"purchasable","23":"product-type-variable"},"exclude_global_add_ons":[],"addons":[],"acf":[],"_links":{"self":[{"href":"https:\/\/www.denatuurlijkekappershop.nl\/de\/wp-json\/wp\/v2\/product\/13703","targetHints":{"allow":["GET"]}}],"collection":[{"href":"https:\/\/www.denatuurlijkekappershop.nl\/de\/wp-json\/wp\/v2\/product"}],"about":[{"href":"https:\/\/www.denatuurlijkekappershop.nl\/de\/wp-json\/wp\/v2\/types\/product"}],"replies":[{"embeddable":true,"href":"https:\/\/www.denatuurlijkekappershop.nl\/de\/wp-json\/wp\/v2\/comments?post=13703"}],"wp:featuredmedia":[{"embeddable":true,"href":"https:\/\/www.denatuurlijkekappershop.nl\/de\/wp-json\/wp\/v2\/media\/15358"}],"wp:attachment":[{"href":"https:\/\/www.denatuurlijkekappershop.nl\/de\/wp-json\/wp\/v2\/media?parent=13703"}],"wp:term":[{"taxonomy":"product_brand","embeddable":true,"href":"https:\/\/www.denatuurlijkekappershop.nl\/de\/wp-json\/wp\/v2\/product_brand?post=13703"},{"taxonomy":"product_cat","embeddable":true,"href":"https:\/\/www.denatuurlijkekappershop.nl\/de\/wp-json\/wp\/v2\/product_cat?post=13703"},{"taxonomy":"product_tag","embeddable":true,"href":"https:\/\/www.denatuurlijkekappershop.nl\/de\/wp-json\/wp\/v2\/product_tag?post=13703"}],"curies":[{"name":"wp","href":"https:\/\/api.w.org\/{rel}","templated":true}]}}